{"id":2058,"date":"2020-03-06T10:51:18","date_gmt":"2020-03-06T09:51:18","guid":{"rendered":"https:\/\/lire-ecrire-compter.com\/?product=import-placeholder-for-1755"},"modified":"2022-02-04T12:00:19","modified_gmt":"2022-02-04T11:00:19","slug":"le-kankoi","status":"publish","type":"product","link":"https:\/\/lire-ecrire-compter.com\/?product=le-kankoi","title":{"rendered":"Le Kankoi (version 2021)"},"content":{"rendered":"<p><span style=\"color: #92d001;\"><strong>BUT DU JEU :<\/strong> <\/span><br \/>\n<span style=\"color: #92d001;\">Il faut se d\u00e9fausser\u00a0 de toutes ses cartes. Les cartes rejet\u00e9es doivent poss\u00e9der\u00a0 un ou deux caract\u00e8res communs avec une carte \u00ab\u00a0cible\u00a0\u00bb. Ce caract\u00e8re peut \u00eatre soit le m\u00eame verbe conjugu\u00e9, soit le m\u00eame temps de conjugaison. Le premier joueur \u00e0 ne plus avoir de carte en mains a gagn\u00e9.<br \/>\n<\/span><\/p>\n<p><span style=\"color: #ff5b72;\"><strong>COMPOSITION :<\/strong><\/span><br \/>\n<span style=\"color: #ff5b72;\">Il se compose de <strong>108<\/strong><strong> cartes. <\/strong>98 cartes avec un <strong>verbe conjugu\u00e9 <\/strong>et 10 cartes \u00ab\u00a0sp\u00e9ciales\u00a0\u00bb. \u00c0 savoir,\u00a0 5 cartes \u00ab\u00a0Tu prends une carte\u00a0\u00bb et 5 cartes \u00ab\u00a0Tu passes ton tour\u00a0\u00bb.<\/span><br \/>\n<span style=\"color: #ff5b72;\"><em>Les verbes pr\u00e9sent\u00e9s sont ceux \u00e9tudi\u00e9s en classe de CE1 : un verbe du 1er groupe et les verbes faire, dire, aller et les auxiliaires \u00eatre et avoir.<br \/>\nLes cartes de cette nouvelle version sont plus petites. En outre, l&rsquo;indication du verbe et du temps employ\u00e9 permet une auto-validation.<br \/>\n<\/em><\/span><\/p>\n<p><span style=\"color: #46acbf;\"><strong>OBJECTIFS :<\/strong> <\/span><br \/>\n<span style=\"color: #46acbf;\">Ce jeu aide \u00e0 <strong>diff\u00e9rencier des temps de conjugaison<\/strong> <strong>de l&rsquo;indicatif<\/strong> : \u00ab\u00a0<strong>pr\u00e9sent<\/strong>, <strong>imparfait<\/strong> et futur <strong>simple<\/strong>\u00a0\u00bb et \u00e0<strong> identifier<\/strong> <strong>un<\/strong> m\u00eame <strong>verbe conjugu\u00e9 \u00e0 diff\u00e9rents temps<\/strong>.<\/span><\/p>\n<p>&nbsp;<\/p>\n<p>&nbsp;<\/p>\n","protected":false},"excerpt":{"rendered":"<p>BUT DU JEU : Il faut se d\u00e9fausser\u00a0 de toutes ses cartes. Les cartes rejet\u00e9es doivent poss\u00e9der\u00a0 un ou deux caract\u00e8res communs avec une carte \u00ab\u00a0cible\u00a0\u00bb. Ce caract\u00e8re peut \u00eatre soit le m\u00eame verbe conjugu\u00e9, soit le m\u00eame temps de conjugaison. Le premier joueur \u00e0&#8230;<\/p>\n","protected":false},"featured_media":3200,"comment_status":"open","ping_status":"closed","template":"","meta":{"give_campaign_id":0,"om_disable_all_campaigns":false,"_monsterinsights_skip_tracking":false,"_monsterinsights_sitenote_active":false,"_monsterinsights_sitenote_note":"","_monsterinsights_sitenote_category":0,"_uf_show_specific_survey":0,"_uf_disable_surveys":false},"product_brand":[],"product_cat":[151,147,98],"product_tag":[132],"class_list":{"0":"post-2058","1":"product","2":"type-product","3":"status-publish","4":"has-post-thumbnail","6":"product_cat-ce2","7":"product_cat-jeux","8":"product_cat-jeux-autour-de-la-lecture","9":"product_tag-travailler-la-conjugaison","11":"first","12":"instock","13":"downloadable","14":"virtual","15":"purchasable","16":"product-type-simple"},"yoast_head":"<!-- This site is optimized with the Yoast SEO plugin v27.1.1 - https:\/\/yoast.com\/product\/yoast-seo-wordpress\/ -->\n<title>Le Kankoi (version 2021) - Lire \u00e9crire compter<\/title>\n<meta name=\"description\" content=\"Ce jeu aide \u00e0 diff\u00e9rencier des temps de conjugaison de l&#039;indicatif : &quot;pr\u00e9sent, imparfait et futur simple&quot; et \u00e0 identifier un m\u00eame verbe conjugu\u00e9 \u00e0 diff\u00e9rents temps.\" \/>\n<meta name=\"robots\" content=\"index, follow, max-snippet:-1, max-image-preview:large, max-video-preview:-1\" \/>\n<link rel=\"canonical\" href=\"https:\/\/lire-ecrire-compter.com\/?product=le-kankoi\" \/>\n<meta property=\"og:locale\" content=\"fr_FR\" \/>\n<meta property=\"og:type\" content=\"article\" \/>\n<meta property=\"og:title\" content=\"Le Kankoi (version 2021) - Lire \u00e9crire compter\" \/>\n<meta property=\"og:description\" content=\"Ce jeu aide \u00e0 diff\u00e9rencier des temps de conjugaison de l&#039;indicatif : &quot;pr\u00e9sent, imparfait et futur simple&quot; et \u00e0 identifier un m\u00eame verbe conjugu\u00e9 \u00e0 diff\u00e9rents temps.\" \/>\n<meta property=\"og:url\" content=\"https:\/\/lire-ecrire-compter.com\/?product=le-kankoi\" \/>\n<meta property=\"og:site_name\" content=\"Lire \u00e9crire compter\" \/>\n<meta property=\"article:modified_time\" content=\"2022-02-04T11:00:19+00:00\" \/>\n<meta property=\"og:image\" content=\"https:\/\/lire-ecrire-compter.com\/wp-content\/uploads\/2021\/05\/img_5601.jpg\" \/>\n\t<meta property=\"og:image:width\" content=\"1409\" \/>\n\t<meta property=\"og:image:height\" content=\"1409\" \/>\n\t<meta property=\"og:image:type\" content=\"image\/jpeg\" \/>\n<meta name=\"twitter:card\" content=\"summary_large_image\" \/>\n<meta name=\"twitter:label1\" content=\"Dur\u00e9e de lecture estim\u00e9e\" \/>\n\t<meta name=\"twitter:data1\" content=\"1 minute\" \/>\n<script type=\"application\/ld+json\" class=\"yoast-schema-graph\">{\"@context\":\"https:\/\/schema.org\",\"@graph\":[{\"@type\":\"WebPage\",\"@id\":\"https:\/\/lire-ecrire-compter.com\/?product=le-kankoi\",\"url\":\"https:\/\/lire-ecrire-compter.com\/?product=le-kankoi\",\"name\":\"Le Kankoi (version 2021) - Lire \u00e9crire compter\",\"isPartOf\":{\"@id\":\"https:\/\/lire-ecrire-compter.com\/#website\"},\"primaryImageOfPage\":{\"@id\":\"https:\/\/lire-ecrire-compter.com\/?product=le-kankoi#primaryimage\"},\"image\":{\"@id\":\"https:\/\/lire-ecrire-compter.com\/?product=le-kankoi#primaryimage\"},\"thumbnailUrl\":\"https:\/\/lire-ecrire-compter.com\/wp-content\/uploads\/2021\/05\/img_5601.jpg\",\"datePublished\":\"2020-03-06T09:51:18+00:00\",\"dateModified\":\"2022-02-04T11:00:19+00:00\",\"description\":\"Ce jeu aide \u00e0 diff\u00e9rencier des temps de conjugaison de l'indicatif : \\\"pr\u00e9sent, imparfait et futur simple\\\" et \u00e0 identifier un m\u00eame verbe conjugu\u00e9 \u00e0 diff\u00e9rents temps.\",\"breadcrumb\":{\"@id\":\"https:\/\/lire-ecrire-compter.com\/?product=le-kankoi#breadcrumb\"},\"inLanguage\":\"fr-FR\",\"potentialAction\":[{\"@type\":\"ReadAction\",\"target\":[\"https:\/\/lire-ecrire-compter.com\/?product=le-kankoi\"]}]},{\"@type\":\"ImageObject\",\"inLanguage\":\"fr-FR\",\"@id\":\"https:\/\/lire-ecrire-compter.com\/?product=le-kankoi#primaryimage\",\"url\":\"https:\/\/lire-ecrire-compter.com\/wp-content\/uploads\/2021\/05\/img_5601.jpg\",\"contentUrl\":\"https:\/\/lire-ecrire-compter.com\/wp-content\/uploads\/2021\/05\/img_5601.jpg\",\"width\":1409,\"height\":1409},{\"@type\":\"BreadcrumbList\",\"@id\":\"https:\/\/lire-ecrire-compter.com\/?product=le-kankoi#breadcrumb\",\"itemListElement\":[{\"@type\":\"ListItem\",\"position\":1,\"name\":\"Accueil\",\"item\":\"https:\/\/lire-ecrire-compter.com\/\"},{\"@type\":\"ListItem\",\"position\":2,\"name\":\"La bo\u00eete \u00e0 jeux\",\"item\":\"https:\/\/lire-ecrire-compter.com\/?page_id=747\"},{\"@type\":\"ListItem\",\"position\":3,\"name\":\"Le Kankoi (version 2021)\"}]},{\"@type\":\"WebSite\",\"@id\":\"https:\/\/lire-ecrire-compter.com\/#website\",\"url\":\"https:\/\/lire-ecrire-compter.com\/\",\"name\":\"Lire \u00e9crire compter\",\"description\":\"Jouer pour apprendre\",\"potentialAction\":[{\"@type\":\"SearchAction\",\"target\":{\"@type\":\"EntryPoint\",\"urlTemplate\":\"https:\/\/lire-ecrire-compter.com\/?s={search_term_string}\"},\"query-input\":{\"@type\":\"PropertyValueSpecification\",\"valueRequired\":true,\"valueName\":\"search_term_string\"}}],\"inLanguage\":\"fr-FR\"}]}<\/script>\n<!-- \/ Yoast SEO plugin. -->","yoast_head_json":{"title":"Le Kankoi (version 2021) - Lire \u00e9crire compter","description":"Ce jeu aide \u00e0 diff\u00e9rencier des temps de conjugaison de l'indicatif : \"pr\u00e9sent, imparfait et futur simple\" et \u00e0 identifier un m\u00eame verbe conjugu\u00e9 \u00e0 diff\u00e9rents temps.","robots":{"index":"index","follow":"follow","max-snippet":"max-snippet:-1","max-image-preview":"max-image-preview:large","max-video-preview":"max-video-preview:-1"},"canonical":"https:\/\/lire-ecrire-compter.com\/?product=le-kankoi","og_locale":"fr_FR","og_type":"article","og_title":"Le Kankoi (version 2021) - Lire \u00e9crire compter","og_description":"Ce jeu aide \u00e0 diff\u00e9rencier des temps de conjugaison de l'indicatif : \"pr\u00e9sent, imparfait et futur simple\" et \u00e0 identifier un m\u00eame verbe conjugu\u00e9 \u00e0 diff\u00e9rents temps.","og_url":"https:\/\/lire-ecrire-compter.com\/?product=le-kankoi","og_site_name":"Lire \u00e9crire compter","article_modified_time":"2022-02-04T11:00:19+00:00","og_image":[{"width":1409,"height":1409,"url":"https:\/\/lire-ecrire-compter.com\/wp-content\/uploads\/2021\/05\/img_5601.jpg","type":"image\/jpeg"}],"twitter_card":"summary_large_image","twitter_misc":{"Dur\u00e9e de lecture estim\u00e9e":"1 minute"},"schema":{"@context":"https:\/\/schema.org","@graph":[{"@type":"WebPage","@id":"https:\/\/lire-ecrire-compter.com\/?product=le-kankoi","url":"https:\/\/lire-ecrire-compter.com\/?product=le-kankoi","name":"Le Kankoi (version 2021) - Lire \u00e9crire compter","isPartOf":{"@id":"https:\/\/lire-ecrire-compter.com\/#website"},"primaryImageOfPage":{"@id":"https:\/\/lire-ecrire-compter.com\/?product=le-kankoi#primaryimage"},"image":{"@id":"https:\/\/lire-ecrire-compter.com\/?product=le-kankoi#primaryimage"},"thumbnailUrl":"https:\/\/lire-ecrire-compter.com\/wp-content\/uploads\/2021\/05\/img_5601.jpg","datePublished":"2020-03-06T09:51:18+00:00","dateModified":"2022-02-04T11:00:19+00:00","description":"Ce jeu aide \u00e0 diff\u00e9rencier des temps de conjugaison de l'indicatif : \"pr\u00e9sent, imparfait et futur simple\" et \u00e0 identifier un m\u00eame verbe conjugu\u00e9 \u00e0 diff\u00e9rents temps.","breadcrumb":{"@id":"https:\/\/lire-ecrire-compter.com\/?product=le-kankoi#breadcrumb"},"inLanguage":"fr-FR","potentialAction":[{"@type":"ReadAction","target":["https:\/\/lire-ecrire-compter.com\/?product=le-kankoi"]}]},{"@type":"ImageObject","inLanguage":"fr-FR","@id":"https:\/\/lire-ecrire-compter.com\/?product=le-kankoi#primaryimage","url":"https:\/\/lire-ecrire-compter.com\/wp-content\/uploads\/2021\/05\/img_5601.jpg","contentUrl":"https:\/\/lire-ecrire-compter.com\/wp-content\/uploads\/2021\/05\/img_5601.jpg","width":1409,"height":1409},{"@type":"BreadcrumbList","@id":"https:\/\/lire-ecrire-compter.com\/?product=le-kankoi#breadcrumb","itemListElement":[{"@type":"ListItem","position":1,"name":"Accueil","item":"https:\/\/lire-ecrire-compter.com\/"},{"@type":"ListItem","position":2,"name":"La bo\u00eete \u00e0 jeux","item":"https:\/\/lire-ecrire-compter.com\/?page_id=747"},{"@type":"ListItem","position":3,"name":"Le Kankoi (version 2021)"}]},{"@type":"WebSite","@id":"https:\/\/lire-ecrire-compter.com\/#website","url":"https:\/\/lire-ecrire-compter.com\/","name":"Lire \u00e9crire compter","description":"Jouer pour apprendre","potentialAction":[{"@type":"SearchAction","target":{"@type":"EntryPoint","urlTemplate":"https:\/\/lire-ecrire-compter.com\/?s={search_term_string}"},"query-input":{"@type":"PropertyValueSpecification","valueRequired":true,"valueName":"search_term_string"}}],"inLanguage":"fr-FR"}]}},"_links":{"self":[{"href":"https:\/\/lire-ecrire-compter.com\/index.php?rest_route=\/wp\/v2\/product\/2058","targetHints":{"allow":["GET"]}}],"collection":[{"href":"https:\/\/lire-ecrire-compter.com\/index.php?rest_route=\/wp\/v2\/product"}],"about":[{"href":"https:\/\/lire-ecrire-compter.com\/index.php?rest_route=\/wp\/v2\/types\/product"}],"replies":[{"embeddable":true,"href":"https:\/\/lire-ecrire-compter.com\/index.php?rest_route=%2Fwp%2Fv2%2Fcomments&post=2058"}],"wp:featuredmedia":[{"embeddable":true,"href":"https:\/\/lire-ecrire-compter.com\/index.php?rest_route=\/wp\/v2\/media\/3200"}],"wp:attachment":[{"href":"https:\/\/lire-ecrire-compter.com\/index.php?rest_route=%2Fwp%2Fv2%2Fmedia&parent=2058"}],"wp:term":[{"taxonomy":"product_brand","embeddable":true,"href":"https:\/\/lire-ecrire-compter.com\/index.php?rest_route=%2Fwp%2Fv2%2Fproduct_brand&post=2058"},{"taxonomy":"product_cat","embeddable":true,"href":"https:\/\/lire-ecrire-compter.com\/index.php?rest_route=%2Fwp%2Fv2%2Fproduct_cat&post=2058"},{"taxonomy":"product_tag","embeddable":true,"href":"https:\/\/lire-ecrire-compter.com\/index.php?rest_route=%2Fwp%2Fv2%2Fproduct_tag&post=2058"}],"curies":[{"name":"wp","href":"https:\/\/api.w.org\/{rel}","templated":true}]}}