{"id":2056,"date":"2020-03-06T10:51:18","date_gmt":"2020-03-06T09:51:18","guid":{"rendered":"https:\/\/lire-ecrire-compter.com\/?product=import-placeholder-for-1546"},"modified":"2025-05-17T01:17:56","modified_gmt":"2025-05-16T23:17:56","slug":"mistigris-des-tables-de-multiplication-1","status":"publish","type":"product","link":"https:\/\/lire-ecrire-compter.com\/?product=mistigris-des-tables-de-multiplication-1","title":{"rendered":"Mistigris des tables de multiplication (1)"},"content":{"rendered":"<p style=\"padding-left: 40px;\"><span style=\"color: #92d001;\"><strong>BUT DU JEU :<\/strong><\/span><br \/>\n<span style=\"color: #92d001;\">Il s&rsquo;agit de <strong>se d\u00e9barrasser de toutes ses cartes, en faisant des paires<\/strong>.<\/span><br \/>\n<span style=\"color: #92d001;\">Le dernier \u00e0 d\u00e9tenir la carte du monstre (qui ne peut former de paire) a perdu.<\/span><\/p>\n<p style=\"padding-left: 40px;\"><span style=\"color: #ff5b72;\"><strong>COMPOSITION :<\/strong><\/span><br \/>\n<span style=\"color: #ff5b72;\">Il se compose de <strong>4 s\u00e9ries de 18 cartes<\/strong> (<strong>9 cartes produit et 9 cartes nombre pour chaque table de multiplication<\/strong>) et de <strong>4 cartes \u00ab\u00a0Mistigris\u00a0\u00bb<\/strong>. Le jeu se joue en choisissant 2 s\u00e9ries, soit, 36 cartes et 1 Mistigris.<\/span><\/p>\n<p style=\"padding-left: 40px;\"><span style=\"color: #46acbf;\"><strong>OBJECTIFS :<br \/>\n<\/strong>Ce jeu aide les enfants \u00e0<strong> m\u00e9moriser les tables x2, x3, x4 et x5<\/strong>.<\/span><\/p>\n<p>&nbsp;<\/p>\n<p>&nbsp;<\/p>\n","protected":false},"excerpt":{"rendered":"<p>BUT DU JEU : Il s&rsquo;agit de se d\u00e9barrasser de toutes ses cartes, en faisant des paires. Le dernier \u00e0 d\u00e9tenir la carte du monstre (qui ne peut former de paire) a perdu. COMPOSITION : Il se compose de 4 s\u00e9ries de 18 cartes (9&#8230;<\/p>\n","protected":false},"featured_media":895,"comment_status":"open","ping_status":"closed","template":"","meta":{"give_campaign_id":0,"om_disable_all_campaigns":false,"_monsterinsights_skip_tracking":false,"_monsterinsights_sitenote_active":false,"_monsterinsights_sitenote_note":"","_monsterinsights_sitenote_category":0,"_uf_show_specific_survey":0,"_uf_disable_surveys":false},"product_brand":[],"product_cat":[156,147,100],"product_tag":[127],"class_list":{"0":"post-2056","1":"product","2":"type-product","3":"status-publish","4":"has-post-thumbnail","6":"product_cat-a-partir-du-ce1","7":"product_cat-jeux","8":"product_cat-jeux-autour-des-mathematiques","9":"product_tag-memoriser-les-tables-de-multiplication","11":"first","12":"instock","13":"downloadable","14":"virtual","15":"purchasable","16":"product-type-simple"},"yoast_head":"<!-- This site is optimized with the Yoast SEO plugin v27.1.1 - https:\/\/yoast.com\/product\/yoast-seo-wordpress\/ -->\n<title>Mistigris des tables de multiplication (1) - Lire \u00e9crire compter<\/title>\n<meta name=\"description\" content=\"Ce jeu autour des math\u00e9matiques aide les enfants \u00e0 m\u00e9moriser les tables de multiplication x2, x3, x4 et x5.\" \/>\n<meta name=\"robots\" content=\"index, follow, max-snippet:-1, max-image-preview:large, max-video-preview:-1\" \/>\n<link rel=\"canonical\" href=\"https:\/\/lire-ecrire-compter.com\/?product=mistigris-des-tables-de-multiplication-1\" \/>\n<meta property=\"og:locale\" content=\"fr_FR\" \/>\n<meta property=\"og:type\" content=\"article\" \/>\n<meta property=\"og:title\" content=\"Mistigris des tables de multiplication (1) - Lire \u00e9crire compter\" \/>\n<meta property=\"og:description\" content=\"Ce jeu autour des math\u00e9matiques aide les enfants \u00e0 m\u00e9moriser les tables de multiplication x2, x3, x4 et x5.\" \/>\n<meta property=\"og:url\" content=\"https:\/\/lire-ecrire-compter.com\/?product=mistigris-des-tables-de-multiplication-1\" \/>\n<meta property=\"og:site_name\" content=\"Lire \u00e9crire compter\" \/>\n<meta property=\"article:modified_time\" content=\"2025-05-16T23:17:56+00:00\" \/>\n<meta property=\"og:image\" content=\"https:\/\/lire-ecrire-compter.com\/wp-content\/uploads\/2020\/02\/DSC_0521-e1574103925551.jpg\" \/>\n\t<meta property=\"og:image:width\" content=\"1400\" \/>\n\t<meta property=\"og:image:height\" content=\"1106\" \/>\n\t<meta property=\"og:image:type\" content=\"image\/jpeg\" \/>\n<meta name=\"twitter:card\" content=\"summary_large_image\" \/>\n<script type=\"application\/ld+json\" class=\"yoast-schema-graph\">{\"@context\":\"https:\/\/schema.org\",\"@graph\":[{\"@type\":\"WebPage\",\"@id\":\"https:\/\/lire-ecrire-compter.com\/?product=mistigris-des-tables-de-multiplication-1\",\"url\":\"https:\/\/lire-ecrire-compter.com\/?product=mistigris-des-tables-de-multiplication-1\",\"name\":\"Mistigris des tables de multiplication (1) - Lire \u00e9crire compter\",\"isPartOf\":{\"@id\":\"https:\/\/lire-ecrire-compter.com\/#website\"},\"primaryImageOfPage\":{\"@id\":\"https:\/\/lire-ecrire-compter.com\/?product=mistigris-des-tables-de-multiplication-1#primaryimage\"},\"image\":{\"@id\":\"https:\/\/lire-ecrire-compter.com\/?product=mistigris-des-tables-de-multiplication-1#primaryimage\"},\"thumbnailUrl\":\"https:\/\/lire-ecrire-compter.com\/wp-content\/uploads\/2020\/02\/DSC_0521-e1574103925551.jpg\",\"datePublished\":\"2020-03-06T09:51:18+00:00\",\"dateModified\":\"2025-05-16T23:17:56+00:00\",\"description\":\"Ce jeu autour des math\u00e9matiques aide les enfants \u00e0 m\u00e9moriser les tables de multiplication x2, x3, x4 et x5.\",\"breadcrumb\":{\"@id\":\"https:\/\/lire-ecrire-compter.com\/?product=mistigris-des-tables-de-multiplication-1#breadcrumb\"},\"inLanguage\":\"fr-FR\",\"potentialAction\":[{\"@type\":\"ReadAction\",\"target\":[\"https:\/\/lire-ecrire-compter.com\/?product=mistigris-des-tables-de-multiplication-1\"]}]},{\"@type\":\"ImageObject\",\"inLanguage\":\"fr-FR\",\"@id\":\"https:\/\/lire-ecrire-compter.com\/?product=mistigris-des-tables-de-multiplication-1#primaryimage\",\"url\":\"https:\/\/lire-ecrire-compter.com\/wp-content\/uploads\/2020\/02\/DSC_0521-e1574103925551.jpg\",\"contentUrl\":\"https:\/\/lire-ecrire-compter.com\/wp-content\/uploads\/2020\/02\/DSC_0521-e1574103925551.jpg\",\"width\":1400,\"height\":1106},{\"@type\":\"BreadcrumbList\",\"@id\":\"https:\/\/lire-ecrire-compter.com\/?product=mistigris-des-tables-de-multiplication-1#breadcrumb\",\"itemListElement\":[{\"@type\":\"ListItem\",\"position\":1,\"name\":\"Accueil\",\"item\":\"https:\/\/lire-ecrire-compter.com\/\"},{\"@type\":\"ListItem\",\"position\":2,\"name\":\"La bo\u00eete \u00e0 jeux\",\"item\":\"https:\/\/lire-ecrire-compter.com\/?page_id=747\"},{\"@type\":\"ListItem\",\"position\":3,\"name\":\"Mistigris des tables de multiplication (1)\"}]},{\"@type\":\"WebSite\",\"@id\":\"https:\/\/lire-ecrire-compter.com\/#website\",\"url\":\"https:\/\/lire-ecrire-compter.com\/\",\"name\":\"Lire \u00e9crire compter\",\"description\":\"Jouer pour apprendre\",\"potentialAction\":[{\"@type\":\"SearchAction\",\"target\":{\"@type\":\"EntryPoint\",\"urlTemplate\":\"https:\/\/lire-ecrire-compter.com\/?s={search_term_string}\"},\"query-input\":{\"@type\":\"PropertyValueSpecification\",\"valueRequired\":true,\"valueName\":\"search_term_string\"}}],\"inLanguage\":\"fr-FR\"}]}<\/script>\n<!-- \/ Yoast SEO plugin. -->","yoast_head_json":{"title":"Mistigris des tables de multiplication (1) - Lire \u00e9crire compter","description":"Ce jeu autour des math\u00e9matiques aide les enfants \u00e0 m\u00e9moriser les tables de multiplication x2, x3, x4 et x5.","robots":{"index":"index","follow":"follow","max-snippet":"max-snippet:-1","max-image-preview":"max-image-preview:large","max-video-preview":"max-video-preview:-1"},"canonical":"https:\/\/lire-ecrire-compter.com\/?product=mistigris-des-tables-de-multiplication-1","og_locale":"fr_FR","og_type":"article","og_title":"Mistigris des tables de multiplication (1) - Lire \u00e9crire compter","og_description":"Ce jeu autour des math\u00e9matiques aide les enfants \u00e0 m\u00e9moriser les tables de multiplication x2, x3, x4 et x5.","og_url":"https:\/\/lire-ecrire-compter.com\/?product=mistigris-des-tables-de-multiplication-1","og_site_name":"Lire \u00e9crire compter","article_modified_time":"2025-05-16T23:17:56+00:00","og_image":[{"width":1400,"height":1106,"url":"https:\/\/lire-ecrire-compter.com\/wp-content\/uploads\/2020\/02\/DSC_0521-e1574103925551.jpg","type":"image\/jpeg"}],"twitter_card":"summary_large_image","schema":{"@context":"https:\/\/schema.org","@graph":[{"@type":"WebPage","@id":"https:\/\/lire-ecrire-compter.com\/?product=mistigris-des-tables-de-multiplication-1","url":"https:\/\/lire-ecrire-compter.com\/?product=mistigris-des-tables-de-multiplication-1","name":"Mistigris des tables de multiplication (1) - Lire \u00e9crire compter","isPartOf":{"@id":"https:\/\/lire-ecrire-compter.com\/#website"},"primaryImageOfPage":{"@id":"https:\/\/lire-ecrire-compter.com\/?product=mistigris-des-tables-de-multiplication-1#primaryimage"},"image":{"@id":"https:\/\/lire-ecrire-compter.com\/?product=mistigris-des-tables-de-multiplication-1#primaryimage"},"thumbnailUrl":"https:\/\/lire-ecrire-compter.com\/wp-content\/uploads\/2020\/02\/DSC_0521-e1574103925551.jpg","datePublished":"2020-03-06T09:51:18+00:00","dateModified":"2025-05-16T23:17:56+00:00","description":"Ce jeu autour des math\u00e9matiques aide les enfants \u00e0 m\u00e9moriser les tables de multiplication x2, x3, x4 et x5.","breadcrumb":{"@id":"https:\/\/lire-ecrire-compter.com\/?product=mistigris-des-tables-de-multiplication-1#breadcrumb"},"inLanguage":"fr-FR","potentialAction":[{"@type":"ReadAction","target":["https:\/\/lire-ecrire-compter.com\/?product=mistigris-des-tables-de-multiplication-1"]}]},{"@type":"ImageObject","inLanguage":"fr-FR","@id":"https:\/\/lire-ecrire-compter.com\/?product=mistigris-des-tables-de-multiplication-1#primaryimage","url":"https:\/\/lire-ecrire-compter.com\/wp-content\/uploads\/2020\/02\/DSC_0521-e1574103925551.jpg","contentUrl":"https:\/\/lire-ecrire-compter.com\/wp-content\/uploads\/2020\/02\/DSC_0521-e1574103925551.jpg","width":1400,"height":1106},{"@type":"BreadcrumbList","@id":"https:\/\/lire-ecrire-compter.com\/?product=mistigris-des-tables-de-multiplication-1#breadcrumb","itemListElement":[{"@type":"ListItem","position":1,"name":"Accueil","item":"https:\/\/lire-ecrire-compter.com\/"},{"@type":"ListItem","position":2,"name":"La bo\u00eete \u00e0 jeux","item":"https:\/\/lire-ecrire-compter.com\/?page_id=747"},{"@type":"ListItem","position":3,"name":"Mistigris des tables de multiplication (1)"}]},{"@type":"WebSite","@id":"https:\/\/lire-ecrire-compter.com\/#website","url":"https:\/\/lire-ecrire-compter.com\/","name":"Lire \u00e9crire compter","description":"Jouer pour apprendre","potentialAction":[{"@type":"SearchAction","target":{"@type":"EntryPoint","urlTemplate":"https:\/\/lire-ecrire-compter.com\/?s={search_term_string}"},"query-input":{"@type":"PropertyValueSpecification","valueRequired":true,"valueName":"search_term_string"}}],"inLanguage":"fr-FR"}]}},"_links":{"self":[{"href":"https:\/\/lire-ecrire-compter.com\/index.php?rest_route=\/wp\/v2\/product\/2056","targetHints":{"allow":["GET"]}}],"collection":[{"href":"https:\/\/lire-ecrire-compter.com\/index.php?rest_route=\/wp\/v2\/product"}],"about":[{"href":"https:\/\/lire-ecrire-compter.com\/index.php?rest_route=\/wp\/v2\/types\/product"}],"replies":[{"embeddable":true,"href":"https:\/\/lire-ecrire-compter.com\/index.php?rest_route=%2Fwp%2Fv2%2Fcomments&post=2056"}],"wp:featuredmedia":[{"embeddable":true,"href":"https:\/\/lire-ecrire-compter.com\/index.php?rest_route=\/wp\/v2\/media\/895"}],"wp:attachment":[{"href":"https:\/\/lire-ecrire-compter.com\/index.php?rest_route=%2Fwp%2Fv2%2Fmedia&parent=2056"}],"wp:term":[{"taxonomy":"product_brand","embeddable":true,"href":"https:\/\/lire-ecrire-compter.com\/index.php?rest_route=%2Fwp%2Fv2%2Fproduct_brand&post=2056"},{"taxonomy":"product_cat","embeddable":true,"href":"https:\/\/lire-ecrire-compter.com\/index.php?rest_route=%2Fwp%2Fv2%2Fproduct_cat&post=2056"},{"taxonomy":"product_tag","embeddable":true,"href":"https:\/\/lire-ecrire-compter.com\/index.php?rest_route=%2Fwp%2Fv2%2Fproduct_tag&post=2056"}],"curies":[{"name":"wp","href":"https:\/\/api.w.org\/{rel}","templated":true}]}}