{"id":2054,"date":"2020-03-06T10:51:18","date_gmt":"2020-03-06T09:51:18","guid":{"rendered":"https:\/\/lire-ecrire-compter.com\/?product=import-placeholder-for-1114"},"modified":"2022-02-04T11:35:47","modified_gmt":"2022-02-04T10:35:47","slug":"la-galaxie-multiplic-2","status":"publish","type":"product","link":"https:\/\/lire-ecrire-compter.com\/?product=la-galaxie-multiplic-2","title":{"rendered":"La Galaxie Multiplic 2"},"content":{"rendered":"<p><span style=\"color: #92d001;\"><strong>BUT DU JEU :<\/strong><\/span><br \/>\n<span style=\"color: #92d001;\">Le joueur doit r\u00e9ussir \u00e0<strong> poser ses 5 fus\u00e9es sur les plan\u00e8tes de la Galaxie Multiplic, selon le produit donn\u00e9 par 2 d\u00e9s<\/strong>. Deux fus\u00e9es diff\u00e9rentes ne peuvent se trouver ensemble sur une m\u00eame plan\u00e8te : la derni\u00e8re arriv\u00e9e chasse la premi\u00e8re. Le premier joueur \u00e0 avoir pos\u00e9 ses 5 fus\u00e9es a gagn\u00e9.<\/span><\/p>\n<p><span style=\"color: #ff5b72;\"><strong>COMPOSITION :<\/strong><\/span><br \/>\n<span style=\"color: #ff5b72;\">Il est compos\u00e9 d\u2019un<strong> plateau de jeu<\/strong>, de <strong>3 s\u00e9ries de 5 fus\u00e9es<\/strong>, de <strong>3 bo\u00eetes<\/strong> pour ranger les fus\u00e9es, de <strong>2 d\u00e9s<\/strong> et d&rsquo;une <strong>table de Pythagore<\/strong> pour aider \u00e0 la validation des produits\u00a0 trouv\u00e9s.<\/span><\/p>\n<p><span style=\"color: #46acbf;\"><strong>OBJECTIFS :<br \/>\n<\/strong>Ce jeu aide \u00e0 la <strong>m\u00e9morisation des tables de multiplication x6<\/strong> et x<strong>7<\/strong> et \u00e0 la perception d&rsquo;une des propri\u00e9t\u00e9s de la multiplication : la commutativit\u00e9.<\/span><\/p>\n<p>&nbsp;<\/p>\n<p>&nbsp;<\/p>\n<p style=\"padding-left: 40px;\">\n","protected":false},"excerpt":{"rendered":"<p>BUT DU JEU : Le joueur doit r\u00e9ussir \u00e0 poser ses 5 fus\u00e9es sur les plan\u00e8tes de la Galaxie Multiplic, selon le produit donn\u00e9 par 2 d\u00e9s. Deux fus\u00e9es diff\u00e9rentes ne peuvent se trouver ensemble sur une m\u00eame plan\u00e8te : la derni\u00e8re arriv\u00e9e chasse la&#8230;<\/p>\n","protected":false},"featured_media":893,"comment_status":"open","ping_status":"closed","template":"","meta":{"give_campaign_id":0,"om_disable_all_campaigns":false,"_monsterinsights_skip_tracking":false,"_monsterinsights_sitenote_active":false,"_monsterinsights_sitenote_note":"","_monsterinsights_sitenote_category":0,"_uf_show_specific_survey":0,"_uf_disable_surveys":false},"product_brand":[],"product_cat":[128,147,100],"product_tag":[127],"class_list":{"0":"post-2054","1":"product","2":"type-product","3":"status-publish","4":"has-post-thumbnail","6":"product_cat-a-partir-du-ce2","7":"product_cat-jeux","8":"product_cat-jeux-autour-des-mathematiques","9":"product_tag-memoriser-les-tables-de-multiplication","11":"first","12":"instock","13":"downloadable","14":"virtual","15":"purchasable","16":"product-type-simple"},"yoast_head":"<!-- This site is optimized with the Yoast SEO plugin v27.1.1 - https:\/\/yoast.com\/product\/yoast-seo-wordpress\/ -->\n<title>La Galaxie Multiplic 2 - Lire \u00e9crire compter<\/title>\n<meta name=\"description\" content=\"Ce jeu aide \u00e0 la m\u00e9morisation des tables de multiplication x6 et x7 et \u00e0 la perception d&#039;une des propri\u00e9t\u00e9s de la multiplication : la commutativit\u00e9.\" \/>\n<meta name=\"robots\" content=\"index, follow, max-snippet:-1, max-image-preview:large, max-video-preview:-1\" \/>\n<link rel=\"canonical\" href=\"https:\/\/lire-ecrire-compter.com\/?product=la-galaxie-multiplic-2\" \/>\n<meta property=\"og:locale\" content=\"fr_FR\" \/>\n<meta property=\"og:type\" content=\"article\" \/>\n<meta property=\"og:title\" content=\"La Galaxie Multiplic 2 - Lire \u00e9crire compter\" \/>\n<meta property=\"og:description\" content=\"Ce jeu aide \u00e0 la m\u00e9morisation des tables de multiplication x6 et x7 et \u00e0 la perception d&#039;une des propri\u00e9t\u00e9s de la multiplication : la commutativit\u00e9.\" \/>\n<meta property=\"og:url\" content=\"https:\/\/lire-ecrire-compter.com\/?product=la-galaxie-multiplic-2\" \/>\n<meta property=\"og:site_name\" content=\"Lire \u00e9crire compter\" \/>\n<meta property=\"article:modified_time\" content=\"2022-02-04T10:35:47+00:00\" \/>\n<meta property=\"og:image\" content=\"https:\/\/lire-ecrire-compter.com\/wp-content\/uploads\/2020\/02\/Galaxie-Multiplic2.jpg\" \/>\n\t<meta property=\"og:image:width\" content=\"1111\" \/>\n\t<meta property=\"og:image:height\" content=\"1371\" \/>\n\t<meta property=\"og:image:type\" content=\"image\/jpeg\" \/>\n<meta name=\"twitter:card\" content=\"summary_large_image\" \/>\n<meta name=\"twitter:label1\" content=\"Dur\u00e9e de lecture estim\u00e9e\" \/>\n\t<meta name=\"twitter:data1\" content=\"1 minute\" \/>\n<script type=\"application\/ld+json\" class=\"yoast-schema-graph\">{\"@context\":\"https:\/\/schema.org\",\"@graph\":[{\"@type\":\"WebPage\",\"@id\":\"https:\/\/lire-ecrire-compter.com\/?product=la-galaxie-multiplic-2\",\"url\":\"https:\/\/lire-ecrire-compter.com\/?product=la-galaxie-multiplic-2\",\"name\":\"La Galaxie Multiplic 2 - Lire \u00e9crire compter\",\"isPartOf\":{\"@id\":\"https:\/\/lire-ecrire-compter.com\/#website\"},\"primaryImageOfPage\":{\"@id\":\"https:\/\/lire-ecrire-compter.com\/?product=la-galaxie-multiplic-2#primaryimage\"},\"image\":{\"@id\":\"https:\/\/lire-ecrire-compter.com\/?product=la-galaxie-multiplic-2#primaryimage\"},\"thumbnailUrl\":\"https:\/\/lire-ecrire-compter.com\/wp-content\/uploads\/2020\/02\/Galaxie-Multiplic2.jpg\",\"datePublished\":\"2020-03-06T09:51:18+00:00\",\"dateModified\":\"2022-02-04T10:35:47+00:00\",\"description\":\"Ce jeu aide \u00e0 la m\u00e9morisation des tables de multiplication x6 et x7 et \u00e0 la perception d'une des propri\u00e9t\u00e9s de la multiplication : la commutativit\u00e9.\",\"breadcrumb\":{\"@id\":\"https:\/\/lire-ecrire-compter.com\/?product=la-galaxie-multiplic-2#breadcrumb\"},\"inLanguage\":\"fr-FR\",\"potentialAction\":[{\"@type\":\"ReadAction\",\"target\":[\"https:\/\/lire-ecrire-compter.com\/?product=la-galaxie-multiplic-2\"]}]},{\"@type\":\"ImageObject\",\"inLanguage\":\"fr-FR\",\"@id\":\"https:\/\/lire-ecrire-compter.com\/?product=la-galaxie-multiplic-2#primaryimage\",\"url\":\"https:\/\/lire-ecrire-compter.com\/wp-content\/uploads\/2020\/02\/Galaxie-Multiplic2.jpg\",\"contentUrl\":\"https:\/\/lire-ecrire-compter.com\/wp-content\/uploads\/2020\/02\/Galaxie-Multiplic2.jpg\",\"width\":1111,\"height\":1371},{\"@type\":\"BreadcrumbList\",\"@id\":\"https:\/\/lire-ecrire-compter.com\/?product=la-galaxie-multiplic-2#breadcrumb\",\"itemListElement\":[{\"@type\":\"ListItem\",\"position\":1,\"name\":\"Accueil\",\"item\":\"https:\/\/lire-ecrire-compter.com\/\"},{\"@type\":\"ListItem\",\"position\":2,\"name\":\"La bo\u00eete \u00e0 jeux\",\"item\":\"https:\/\/lire-ecrire-compter.com\/?page_id=747\"},{\"@type\":\"ListItem\",\"position\":3,\"name\":\"La Galaxie Multiplic 2\"}]},{\"@type\":\"WebSite\",\"@id\":\"https:\/\/lire-ecrire-compter.com\/#website\",\"url\":\"https:\/\/lire-ecrire-compter.com\/\",\"name\":\"Lire \u00e9crire compter\",\"description\":\"Jouer pour apprendre\",\"potentialAction\":[{\"@type\":\"SearchAction\",\"target\":{\"@type\":\"EntryPoint\",\"urlTemplate\":\"https:\/\/lire-ecrire-compter.com\/?s={search_term_string}\"},\"query-input\":{\"@type\":\"PropertyValueSpecification\",\"valueRequired\":true,\"valueName\":\"search_term_string\"}}],\"inLanguage\":\"fr-FR\"}]}<\/script>\n<!-- \/ Yoast SEO plugin. -->","yoast_head_json":{"title":"La Galaxie Multiplic 2 - Lire \u00e9crire compter","description":"Ce jeu aide \u00e0 la m\u00e9morisation des tables de multiplication x6 et x7 et \u00e0 la perception d'une des propri\u00e9t\u00e9s de la multiplication : la commutativit\u00e9.","robots":{"index":"index","follow":"follow","max-snippet":"max-snippet:-1","max-image-preview":"max-image-preview:large","max-video-preview":"max-video-preview:-1"},"canonical":"https:\/\/lire-ecrire-compter.com\/?product=la-galaxie-multiplic-2","og_locale":"fr_FR","og_type":"article","og_title":"La Galaxie Multiplic 2 - Lire \u00e9crire compter","og_description":"Ce jeu aide \u00e0 la m\u00e9morisation des tables de multiplication x6 et x7 et \u00e0 la perception d'une des propri\u00e9t\u00e9s de la multiplication : la commutativit\u00e9.","og_url":"https:\/\/lire-ecrire-compter.com\/?product=la-galaxie-multiplic-2","og_site_name":"Lire \u00e9crire compter","article_modified_time":"2022-02-04T10:35:47+00:00","og_image":[{"width":1111,"height":1371,"url":"https:\/\/lire-ecrire-compter.com\/wp-content\/uploads\/2020\/02\/Galaxie-Multiplic2.jpg","type":"image\/jpeg"}],"twitter_card":"summary_large_image","twitter_misc":{"Dur\u00e9e de lecture estim\u00e9e":"1 minute"},"schema":{"@context":"https:\/\/schema.org","@graph":[{"@type":"WebPage","@id":"https:\/\/lire-ecrire-compter.com\/?product=la-galaxie-multiplic-2","url":"https:\/\/lire-ecrire-compter.com\/?product=la-galaxie-multiplic-2","name":"La Galaxie Multiplic 2 - Lire \u00e9crire compter","isPartOf":{"@id":"https:\/\/lire-ecrire-compter.com\/#website"},"primaryImageOfPage":{"@id":"https:\/\/lire-ecrire-compter.com\/?product=la-galaxie-multiplic-2#primaryimage"},"image":{"@id":"https:\/\/lire-ecrire-compter.com\/?product=la-galaxie-multiplic-2#primaryimage"},"thumbnailUrl":"https:\/\/lire-ecrire-compter.com\/wp-content\/uploads\/2020\/02\/Galaxie-Multiplic2.jpg","datePublished":"2020-03-06T09:51:18+00:00","dateModified":"2022-02-04T10:35:47+00:00","description":"Ce jeu aide \u00e0 la m\u00e9morisation des tables de multiplication x6 et x7 et \u00e0 la perception d'une des propri\u00e9t\u00e9s de la multiplication : la commutativit\u00e9.","breadcrumb":{"@id":"https:\/\/lire-ecrire-compter.com\/?product=la-galaxie-multiplic-2#breadcrumb"},"inLanguage":"fr-FR","potentialAction":[{"@type":"ReadAction","target":["https:\/\/lire-ecrire-compter.com\/?product=la-galaxie-multiplic-2"]}]},{"@type":"ImageObject","inLanguage":"fr-FR","@id":"https:\/\/lire-ecrire-compter.com\/?product=la-galaxie-multiplic-2#primaryimage","url":"https:\/\/lire-ecrire-compter.com\/wp-content\/uploads\/2020\/02\/Galaxie-Multiplic2.jpg","contentUrl":"https:\/\/lire-ecrire-compter.com\/wp-content\/uploads\/2020\/02\/Galaxie-Multiplic2.jpg","width":1111,"height":1371},{"@type":"BreadcrumbList","@id":"https:\/\/lire-ecrire-compter.com\/?product=la-galaxie-multiplic-2#breadcrumb","itemListElement":[{"@type":"ListItem","position":1,"name":"Accueil","item":"https:\/\/lire-ecrire-compter.com\/"},{"@type":"ListItem","position":2,"name":"La bo\u00eete \u00e0 jeux","item":"https:\/\/lire-ecrire-compter.com\/?page_id=747"},{"@type":"ListItem","position":3,"name":"La Galaxie Multiplic 2"}]},{"@type":"WebSite","@id":"https:\/\/lire-ecrire-compter.com\/#website","url":"https:\/\/lire-ecrire-compter.com\/","name":"Lire \u00e9crire compter","description":"Jouer pour apprendre","potentialAction":[{"@type":"SearchAction","target":{"@type":"EntryPoint","urlTemplate":"https:\/\/lire-ecrire-compter.com\/?s={search_term_string}"},"query-input":{"@type":"PropertyValueSpecification","valueRequired":true,"valueName":"search_term_string"}}],"inLanguage":"fr-FR"}]}},"_links":{"self":[{"href":"https:\/\/lire-ecrire-compter.com\/index.php?rest_route=\/wp\/v2\/product\/2054","targetHints":{"allow":["GET"]}}],"collection":[{"href":"https:\/\/lire-ecrire-compter.com\/index.php?rest_route=\/wp\/v2\/product"}],"about":[{"href":"https:\/\/lire-ecrire-compter.com\/index.php?rest_route=\/wp\/v2\/types\/product"}],"replies":[{"embeddable":true,"href":"https:\/\/lire-ecrire-compter.com\/index.php?rest_route=%2Fwp%2Fv2%2Fcomments&post=2054"}],"wp:featuredmedia":[{"embeddable":true,"href":"https:\/\/lire-ecrire-compter.com\/index.php?rest_route=\/wp\/v2\/media\/893"}],"wp:attachment":[{"href":"https:\/\/lire-ecrire-compter.com\/index.php?rest_route=%2Fwp%2Fv2%2Fmedia&parent=2054"}],"wp:term":[{"taxonomy":"product_brand","embeddable":true,"href":"https:\/\/lire-ecrire-compter.com\/index.php?rest_route=%2Fwp%2Fv2%2Fproduct_brand&post=2054"},{"taxonomy":"product_cat","embeddable":true,"href":"https:\/\/lire-ecrire-compter.com\/index.php?rest_route=%2Fwp%2Fv2%2Fproduct_cat&post=2054"},{"taxonomy":"product_tag","embeddable":true,"href":"https:\/\/lire-ecrire-compter.com\/index.php?rest_route=%2Fwp%2Fv2%2Fproduct_tag&post=2054"}],"curies":[{"name":"wp","href":"https:\/\/api.w.org\/{rel}","templated":true}]}}