{"id":2053,"date":"2020-03-06T10:51:18","date_gmt":"2020-03-06T09:51:18","guid":{"rendered":"https:\/\/lire-ecrire-compter.com\/?product=import-placeholder-for-1095"},"modified":"2024-10-24T17:25:23","modified_gmt":"2024-10-24T15:25:23","slug":"les-5-paires","status":"publish","type":"product","link":"https:\/\/lire-ecrire-compter.com\/?product=les-5-paires","title":{"rendered":"Les 5 paires (version 2021)"},"content":{"rendered":"<p><span style=\"color: #92d001;\"><strong>BUT DU JEU :<\/strong> <\/span><br \/>\n<span style=\"color: #92d001;\">Sur un plateau de jeu, trouver puis r\u00e9cup\u00e9rer les 5 noms qui compl\u00e8tent les 5 phrases que chaque joueur a en main. Ces noms\u00a0 sont inscrits et illustr\u00e9s sur des jetons, positionn\u00e9s sur un plateau. Il faudra s&rsquo;en emparer en tenant compte des contraintes de d\u00e9placement donn\u00e9es par le d\u00e9.<br \/>\n<\/span><\/p>\n<p><span style=\"color: #ff5b72;\"><strong>COMPOSITION :<\/strong><\/span><br \/>\n<span style=\"color: #ff5b72;\">Il est compos\u00e9 <strong>d&rsquo;un plateau de jeu carr\u00e9 de 64 cases, <\/strong>de<strong> 60 jetons \u00ab\u00a0nom\u00a0\u00bb, <\/strong>de <strong>60 cartes \u00ab\u00a0phrase \u00e0 compl\u00e9ter\u00a0\u00bb, <\/strong>de <strong>12 jetons \u00ab\u00a0Bonus\u00a0\u00bb, <\/strong>de <strong>4 pions <\/strong>et <strong>d&rsquo;un d\u00e9.<\/strong><\/span><\/p>\n<p><span style=\"color: #46acbf;\"><strong>OBJECTIFS :<\/strong> <\/span><br \/>\n<span style=\"color: #46acbf;\">Ce jeu incite \u00e0 trouver des <strong>associations fonctionnelles<\/strong> ou <strong>s\u00e9mantiques entre un verbe et un nom.<\/strong> Il d\u00e9veloppe les <strong>capacit\u00e9s d&rsquo;anticipation<\/strong> et d&rsquo;<strong>\u00e9vocation<\/strong> et pr\u00e9pare ainsi aux<strong> inf\u00e9rences<\/strong>. Celle nouvelle version permet \u00e9galement de travailler les<strong> d\u00e9placements sur quadrillage<\/strong> ainsi que la<strong> mise en place d&rsquo;une strat\u00e9gie<\/strong>.<br \/>\n<\/span><\/p>\n<p>&nbsp;<\/p>\n<p>&nbsp;<\/p>\n","protected":false},"excerpt":{"rendered":"<p>BUT DU JEU : Sur un plateau de jeu, trouver puis r\u00e9cup\u00e9rer les 5 noms qui compl\u00e8tent les 5 phrases que chaque joueur a en main. Ces noms\u00a0 sont inscrits et illustr\u00e9s sur des jetons, positionn\u00e9s sur un plateau. Il faudra s&rsquo;en emparer en tenant&#8230;<\/p>\n","protected":false},"featured_media":3112,"comment_status":"open","ping_status":"closed","template":"","meta":{"give_campaign_id":0,"om_disable_all_campaigns":false,"_monsterinsights_skip_tracking":false,"_monsterinsights_sitenote_active":false,"_monsterinsights_sitenote_note":"","_monsterinsights_sitenote_category":0,"_uf_show_specific_survey":0,"_uf_disable_surveys":false},"product_brand":[],"product_cat":[128,98],"product_tag":[130,131,124],"class_list":{"0":"post-2053","1":"product","2":"type-product","3":"status-publish","4":"has-post-thumbnail","6":"product_cat-a-partir-du-ce2","7":"product_cat-jeux-autour-de-la-lecture","8":"product_tag-categoriser","9":"product_tag-inferer-et-comprendre","10":"product_tag-travailler-le-maintien-en-memoire","12":"first","13":"instock","14":"downloadable","15":"virtual","16":"purchasable","17":"product-type-simple"},"yoast_head":"<!-- This site is optimized with the Yoast SEO plugin v27.1.1 - https:\/\/yoast.com\/product\/yoast-seo-wordpress\/ -->\n<title>Les 5 paires (version 2021) - Lire \u00e9crire compter<\/title>\n<meta name=\"description\" content=\"Ce jeu de lecture aide \u00e0 d\u00e9velopper les capacit\u00e9s d&#039;anticipation, en travaillant les associations fonctionnelles ou s\u00e9mantiques et l&#039;\u00e9vocation d&#039;un nom \u00e0 partir d&#039;un groupe verbal de mani\u00e8re \u00e0 pr\u00e9parer aux inf\u00e9rences.\" \/>\n<meta name=\"robots\" content=\"index, follow, max-snippet:-1, max-image-preview:large, max-video-preview:-1\" \/>\n<link rel=\"canonical\" href=\"https:\/\/lire-ecrire-compter.com\/?product=les-5-paires\" \/>\n<meta property=\"og:locale\" content=\"fr_FR\" \/>\n<meta property=\"og:type\" content=\"article\" \/>\n<meta property=\"og:title\" content=\"Les 5 paires (version 2021) - Lire \u00e9crire compter\" \/>\n<meta property=\"og:description\" content=\"Ce jeu de lecture aide \u00e0 d\u00e9velopper les capacit\u00e9s d&#039;anticipation, en travaillant les associations fonctionnelles ou s\u00e9mantiques et l&#039;\u00e9vocation d&#039;un nom \u00e0 partir d&#039;un groupe verbal de mani\u00e8re \u00e0 pr\u00e9parer aux inf\u00e9rences.\" \/>\n<meta property=\"og:url\" content=\"https:\/\/lire-ecrire-compter.com\/?product=les-5-paires\" \/>\n<meta property=\"og:site_name\" content=\"Lire \u00e9crire compter\" \/>\n<meta property=\"article:modified_time\" content=\"2024-10-24T15:25:23+00:00\" \/>\n<meta property=\"og:image\" content=\"https:\/\/lire-ecrire-compter.com\/wp-content\/uploads\/2021\/01\/jeu-complet-e1611599544229.jpg\" \/>\n\t<meta property=\"og:image:width\" content=\"1200\" \/>\n\t<meta property=\"og:image:height\" content=\"1200\" \/>\n\t<meta property=\"og:image:type\" content=\"image\/jpeg\" \/>\n<meta name=\"twitter:card\" content=\"summary_large_image\" \/>\n<meta name=\"twitter:label1\" content=\"Dur\u00e9e de lecture estim\u00e9e\" \/>\n\t<meta name=\"twitter:data1\" content=\"1 minute\" \/>\n<script type=\"application\/ld+json\" class=\"yoast-schema-graph\">{\"@context\":\"https:\/\/schema.org\",\"@graph\":[{\"@type\":\"WebPage\",\"@id\":\"https:\/\/lire-ecrire-compter.com\/?product=les-5-paires\",\"url\":\"https:\/\/lire-ecrire-compter.com\/?product=les-5-paires\",\"name\":\"Les 5 paires (version 2021) - Lire \u00e9crire compter\",\"isPartOf\":{\"@id\":\"https:\/\/lire-ecrire-compter.com\/#website\"},\"primaryImageOfPage\":{\"@id\":\"https:\/\/lire-ecrire-compter.com\/?product=les-5-paires#primaryimage\"},\"image\":{\"@id\":\"https:\/\/lire-ecrire-compter.com\/?product=les-5-paires#primaryimage\"},\"thumbnailUrl\":\"https:\/\/lire-ecrire-compter.com\/wp-content\/uploads\/2021\/01\/jeu-complet-e1611599544229.jpg\",\"datePublished\":\"2020-03-06T09:51:18+00:00\",\"dateModified\":\"2024-10-24T15:25:23+00:00\",\"description\":\"Ce jeu de lecture aide \u00e0 d\u00e9velopper les capacit\u00e9s d'anticipation, en travaillant les associations fonctionnelles ou s\u00e9mantiques et l'\u00e9vocation d'un nom \u00e0 partir d'un groupe verbal de mani\u00e8re \u00e0 pr\u00e9parer aux inf\u00e9rences.\",\"breadcrumb\":{\"@id\":\"https:\/\/lire-ecrire-compter.com\/?product=les-5-paires#breadcrumb\"},\"inLanguage\":\"fr-FR\",\"potentialAction\":[{\"@type\":\"ReadAction\",\"target\":[\"https:\/\/lire-ecrire-compter.com\/?product=les-5-paires\"]}]},{\"@type\":\"ImageObject\",\"inLanguage\":\"fr-FR\",\"@id\":\"https:\/\/lire-ecrire-compter.com\/?product=les-5-paires#primaryimage\",\"url\":\"https:\/\/lire-ecrire-compter.com\/wp-content\/uploads\/2021\/01\/jeu-complet-e1611599544229.jpg\",\"contentUrl\":\"https:\/\/lire-ecrire-compter.com\/wp-content\/uploads\/2021\/01\/jeu-complet-e1611599544229.jpg\",\"width\":1200,\"height\":1200},{\"@type\":\"BreadcrumbList\",\"@id\":\"https:\/\/lire-ecrire-compter.com\/?product=les-5-paires#breadcrumb\",\"itemListElement\":[{\"@type\":\"ListItem\",\"position\":1,\"name\":\"Accueil\",\"item\":\"https:\/\/lire-ecrire-compter.com\/\"},{\"@type\":\"ListItem\",\"position\":2,\"name\":\"La bo\u00eete \u00e0 jeux\",\"item\":\"https:\/\/lire-ecrire-compter.com\/?page_id=747\"},{\"@type\":\"ListItem\",\"position\":3,\"name\":\"Les 5 paires (version 2021)\"}]},{\"@type\":\"WebSite\",\"@id\":\"https:\/\/lire-ecrire-compter.com\/#website\",\"url\":\"https:\/\/lire-ecrire-compter.com\/\",\"name\":\"Lire \u00e9crire compter\",\"description\":\"Jouer pour apprendre\",\"potentialAction\":[{\"@type\":\"SearchAction\",\"target\":{\"@type\":\"EntryPoint\",\"urlTemplate\":\"https:\/\/lire-ecrire-compter.com\/?s={search_term_string}\"},\"query-input\":{\"@type\":\"PropertyValueSpecification\",\"valueRequired\":true,\"valueName\":\"search_term_string\"}}],\"inLanguage\":\"fr-FR\"}]}<\/script>\n<!-- \/ Yoast SEO plugin. -->","yoast_head_json":{"title":"Les 5 paires (version 2021) - Lire \u00e9crire compter","description":"Ce jeu de lecture aide \u00e0 d\u00e9velopper les capacit\u00e9s d'anticipation, en travaillant les associations fonctionnelles ou s\u00e9mantiques et l'\u00e9vocation d'un nom \u00e0 partir d'un groupe verbal de mani\u00e8re \u00e0 pr\u00e9parer aux inf\u00e9rences.","robots":{"index":"index","follow":"follow","max-snippet":"max-snippet:-1","max-image-preview":"max-image-preview:large","max-video-preview":"max-video-preview:-1"},"canonical":"https:\/\/lire-ecrire-compter.com\/?product=les-5-paires","og_locale":"fr_FR","og_type":"article","og_title":"Les 5 paires (version 2021) - Lire \u00e9crire compter","og_description":"Ce jeu de lecture aide \u00e0 d\u00e9velopper les capacit\u00e9s d'anticipation, en travaillant les associations fonctionnelles ou s\u00e9mantiques et l'\u00e9vocation d'un nom \u00e0 partir d'un groupe verbal de mani\u00e8re \u00e0 pr\u00e9parer aux inf\u00e9rences.","og_url":"https:\/\/lire-ecrire-compter.com\/?product=les-5-paires","og_site_name":"Lire \u00e9crire compter","article_modified_time":"2024-10-24T15:25:23+00:00","og_image":[{"width":1200,"height":1200,"url":"https:\/\/lire-ecrire-compter.com\/wp-content\/uploads\/2021\/01\/jeu-complet-e1611599544229.jpg","type":"image\/jpeg"}],"twitter_card":"summary_large_image","twitter_misc":{"Dur\u00e9e de lecture estim\u00e9e":"1 minute"},"schema":{"@context":"https:\/\/schema.org","@graph":[{"@type":"WebPage","@id":"https:\/\/lire-ecrire-compter.com\/?product=les-5-paires","url":"https:\/\/lire-ecrire-compter.com\/?product=les-5-paires","name":"Les 5 paires (version 2021) - Lire \u00e9crire compter","isPartOf":{"@id":"https:\/\/lire-ecrire-compter.com\/#website"},"primaryImageOfPage":{"@id":"https:\/\/lire-ecrire-compter.com\/?product=les-5-paires#primaryimage"},"image":{"@id":"https:\/\/lire-ecrire-compter.com\/?product=les-5-paires#primaryimage"},"thumbnailUrl":"https:\/\/lire-ecrire-compter.com\/wp-content\/uploads\/2021\/01\/jeu-complet-e1611599544229.jpg","datePublished":"2020-03-06T09:51:18+00:00","dateModified":"2024-10-24T15:25:23+00:00","description":"Ce jeu de lecture aide \u00e0 d\u00e9velopper les capacit\u00e9s d'anticipation, en travaillant les associations fonctionnelles ou s\u00e9mantiques et l'\u00e9vocation d'un nom \u00e0 partir d'un groupe verbal de mani\u00e8re \u00e0 pr\u00e9parer aux inf\u00e9rences.","breadcrumb":{"@id":"https:\/\/lire-ecrire-compter.com\/?product=les-5-paires#breadcrumb"},"inLanguage":"fr-FR","potentialAction":[{"@type":"ReadAction","target":["https:\/\/lire-ecrire-compter.com\/?product=les-5-paires"]}]},{"@type":"ImageObject","inLanguage":"fr-FR","@id":"https:\/\/lire-ecrire-compter.com\/?product=les-5-paires#primaryimage","url":"https:\/\/lire-ecrire-compter.com\/wp-content\/uploads\/2021\/01\/jeu-complet-e1611599544229.jpg","contentUrl":"https:\/\/lire-ecrire-compter.com\/wp-content\/uploads\/2021\/01\/jeu-complet-e1611599544229.jpg","width":1200,"height":1200},{"@type":"BreadcrumbList","@id":"https:\/\/lire-ecrire-compter.com\/?product=les-5-paires#breadcrumb","itemListElement":[{"@type":"ListItem","position":1,"name":"Accueil","item":"https:\/\/lire-ecrire-compter.com\/"},{"@type":"ListItem","position":2,"name":"La bo\u00eete \u00e0 jeux","item":"https:\/\/lire-ecrire-compter.com\/?page_id=747"},{"@type":"ListItem","position":3,"name":"Les 5 paires (version 2021)"}]},{"@type":"WebSite","@id":"https:\/\/lire-ecrire-compter.com\/#website","url":"https:\/\/lire-ecrire-compter.com\/","name":"Lire \u00e9crire compter","description":"Jouer pour apprendre","potentialAction":[{"@type":"SearchAction","target":{"@type":"EntryPoint","urlTemplate":"https:\/\/lire-ecrire-compter.com\/?s={search_term_string}"},"query-input":{"@type":"PropertyValueSpecification","valueRequired":true,"valueName":"search_term_string"}}],"inLanguage":"fr-FR"}]}},"_links":{"self":[{"href":"https:\/\/lire-ecrire-compter.com\/index.php?rest_route=\/wp\/v2\/product\/2053","targetHints":{"allow":["GET"]}}],"collection":[{"href":"https:\/\/lire-ecrire-compter.com\/index.php?rest_route=\/wp\/v2\/product"}],"about":[{"href":"https:\/\/lire-ecrire-compter.com\/index.php?rest_route=\/wp\/v2\/types\/product"}],"replies":[{"embeddable":true,"href":"https:\/\/lire-ecrire-compter.com\/index.php?rest_route=%2Fwp%2Fv2%2Fcomments&post=2053"}],"wp:featuredmedia":[{"embeddable":true,"href":"https:\/\/lire-ecrire-compter.com\/index.php?rest_route=\/wp\/v2\/media\/3112"}],"wp:attachment":[{"href":"https:\/\/lire-ecrire-compter.com\/index.php?rest_route=%2Fwp%2Fv2%2Fmedia&parent=2053"}],"wp:term":[{"taxonomy":"product_brand","embeddable":true,"href":"https:\/\/lire-ecrire-compter.com\/index.php?rest_route=%2Fwp%2Fv2%2Fproduct_brand&post=2053"},{"taxonomy":"product_cat","embeddable":true,"href":"https:\/\/lire-ecrire-compter.com\/index.php?rest_route=%2Fwp%2Fv2%2Fproduct_cat&post=2053"},{"taxonomy":"product_tag","embeddable":true,"href":"https:\/\/lire-ecrire-compter.com\/index.php?rest_route=%2Fwp%2Fv2%2Fproduct_tag&post=2053"}],"curies":[{"name":"wp","href":"https:\/\/api.w.org\/{rel}","templated":true}]}}