{"id":2052,"date":"2020-03-06T10:51:18","date_gmt":"2020-03-06T09:51:18","guid":{"rendered":"https:\/\/lire-ecrire-compter.com\/?product=import-placeholder-for-1038"},"modified":"2020-07-11T16:59:38","modified_gmt":"2020-07-11T14:59:38","slug":"le-petit-scribe","status":"publish","type":"product","link":"https:\/\/lire-ecrire-compter.com\/?product=le-petit-scribe","title":{"rendered":"Le petit scribe (version 2020)"},"content":{"rendered":"<p><span style=\"color: #92d001;\"><strong>PR\u00c9SENTATION ET BUT DU JEU<br \/>\n<\/strong>Il s&rsquo;agit de <strong>reconstituer des lettres en \u00e9criture cursive<\/strong>, \u00e0 l&rsquo;aide de petites formes (b\u00e2tons, ponts, cannes, ronds, crochets). La construction est \u00e9tay\u00e9e par une liste de formes n\u00e9cessaires figurant sur chaque carte-lettre. Les formes n\u00e9cessaires \u00e0 la construction sont gagn\u00e9es \u00e0 l&rsquo;aide d&rsquo;un d\u00e9. Le premier des joueurs \u00e0 avoir reconstitu\u00e9 toutes ses lettres a gagn\u00e9.<\/span><br \/>\n<span style=\"color: #92d001;\"><em>Le jeu peut aussi s&rsquo;utiliser en version individuelle, comme un jeu de construction, sans d\u00e9.<\/em><\/span><\/p>\n<p><span style=\"color: #ff5b72;\"><strong>COMPOSITION<\/strong><\/span><br \/>\n<span style=\"color: #ff5b72;\"><strong>Il se compose<\/strong> de <\/span><span style=\"color: #ff5b72;\"><strong>26 cartes \u00ab\u00a0lettre \u00e0 reconstituer\u00a0\u00bb, de 83 \u00ab\u00a0formes de base\u00a0\u00bb et d&rsquo;un d\u00e9. <\/strong>Les cartes sont class\u00e9es en 4 groupes, selon le nombre de formes n\u00e9cessaires pour les reconstituer : 7 cartes \u00e0 contour jaune (2 formes), 14 cartes \u00e0 contour rose (3 formes), 3 cartes \u00e0 contour mauve (4 formes) et 2 cartes \u00e0 contour bleu (5 formes).<br \/>\n<\/span><\/p>\n<p><span style=\"color: #46acbf;\"><strong>OBJECTIFS<br \/>\n<\/strong>Ce jeu travaille<strong> le rep\u00e9rage et l&rsquo;orientation dans l&rsquo;espace, la construction de lettres<\/strong> \u00e0 partir de formes de base ainsi que<strong> l&rsquo;analyse et la d\u00e9composition d&rsquo;un geste graphique.<\/strong> Il aide<strong> \u00e0 la m\u00e9morisation <\/strong>de l&rsquo;\u00e9criture<strong> des lettres en cursive. <\/strong>Il permet \u00e9galement de mieux comprendre <strong>le lien entre \u00e9criture scripte et \u00e9criture cursive .<\/strong><\/span><\/p>\n","protected":false},"excerpt":{"rendered":"<p>PR\u00c9SENTATION ET BUT DU JEU Il s&rsquo;agit de reconstituer des lettres en \u00e9criture cursive, \u00e0 l&rsquo;aide de petites formes (b\u00e2tons, ponts, cannes, ronds, crochets). La construction est \u00e9tay\u00e9e par une liste de formes n\u00e9cessaires figurant sur chaque carte-lettre. Les formes n\u00e9cessaires \u00e0 la construction sont&#8230;<\/p>\n","protected":false},"featured_media":2983,"comment_status":"open","ping_status":"closed","template":"","meta":{"give_campaign_id":0,"om_disable_all_campaigns":false,"_monsterinsights_skip_tracking":false,"_monsterinsights_sitenote_active":false,"_monsterinsights_sitenote_note":"","_monsterinsights_sitenote_category":0,"_uf_show_specific_survey":0,"_uf_disable_surveys":false},"product_brand":[],"product_cat":[106,107,98],"product_tag":[129,112],"class_list":{"0":"post-2052","1":"product","2":"type-product","3":"status-publish","4":"has-post-thumbnail","6":"product_cat-cp","7":"product_cat-gs","8":"product_cat-jeux-autour-de-la-lecture","9":"product_tag-accompagner-le-geste-graphique","10":"product_tag-reconnaitre-et-nommer-les-lettres-dans-differentes-graphies","12":"first","13":"instock","14":"downloadable","15":"virtual","16":"purchasable","17":"product-type-simple"},"yoast_head":"<!-- This site is optimized with the Yoast SEO plugin v27.1.1 - https:\/\/yoast.com\/product\/yoast-seo-wordpress\/ -->\n<title>Le petit scribe (version 2020) - Lire \u00e9crire compter<\/title>\n<meta name=\"description\" content=\"Ce jeu de construction de lettres cursives \u00e0 partir de formes de base aide \u00e0 la m\u00e9morisation de leur l&#039;\u00e9criture. Il travaille le rep\u00e9rage et l&#039;orientation dans l&#039;espace ainsi que l&#039;analyse et la d\u00e9composition d&#039;un geste graphique. Il permet \u00e9galement de mieux comprendre le lien entre \u00e9criture scripte et \u00e9criture cursive.\" \/>\n<meta name=\"robots\" content=\"index, follow, max-snippet:-1, max-image-preview:large, max-video-preview:-1\" \/>\n<link rel=\"canonical\" href=\"https:\/\/lire-ecrire-compter.com\/?product=le-petit-scribe\" \/>\n<meta property=\"og:locale\" content=\"fr_FR\" \/>\n<meta property=\"og:type\" content=\"article\" \/>\n<meta property=\"og:title\" content=\"Le petit scribe (version 2020) - Lire \u00e9crire compter\" \/>\n<meta property=\"og:description\" content=\"Ce jeu de construction de lettres cursives \u00e0 partir de formes de base aide \u00e0 la m\u00e9morisation de leur l&#039;\u00e9criture. Il travaille le rep\u00e9rage et l&#039;orientation dans l&#039;espace ainsi que l&#039;analyse et la d\u00e9composition d&#039;un geste graphique. Il permet \u00e9galement de mieux comprendre le lien entre \u00e9criture scripte et \u00e9criture cursive.\" \/>\n<meta property=\"og:url\" content=\"https:\/\/lire-ecrire-compter.com\/?product=le-petit-scribe\" \/>\n<meta property=\"og:site_name\" content=\"Lire \u00e9crire compter\" \/>\n<meta property=\"article:modified_time\" content=\"2020-07-11T14:59:38+00:00\" \/>\n<meta property=\"og:image\" content=\"https:\/\/lire-ecrire-compter.com\/wp-content\/uploads\/2020\/05\/img_3034-e1589275058290.jpg\" \/>\n\t<meta property=\"og:image:width\" content=\"1200\" \/>\n\t<meta property=\"og:image:height\" content=\"1200\" \/>\n\t<meta property=\"og:image:type\" content=\"image\/jpeg\" \/>\n<meta name=\"twitter:card\" content=\"summary_large_image\" \/>\n<meta name=\"twitter:label1\" content=\"Dur\u00e9e de lecture estim\u00e9e\" \/>\n\t<meta name=\"twitter:data1\" content=\"1 minute\" \/>\n<script type=\"application\/ld+json\" class=\"yoast-schema-graph\">{\"@context\":\"https:\/\/schema.org\",\"@graph\":[{\"@type\":\"WebPage\",\"@id\":\"https:\/\/lire-ecrire-compter.com\/?product=le-petit-scribe\",\"url\":\"https:\/\/lire-ecrire-compter.com\/?product=le-petit-scribe\",\"name\":\"Le petit scribe (version 2020) - Lire \u00e9crire compter\",\"isPartOf\":{\"@id\":\"https:\/\/lire-ecrire-compter.com\/#website\"},\"primaryImageOfPage\":{\"@id\":\"https:\/\/lire-ecrire-compter.com\/?product=le-petit-scribe#primaryimage\"},\"image\":{\"@id\":\"https:\/\/lire-ecrire-compter.com\/?product=le-petit-scribe#primaryimage\"},\"thumbnailUrl\":\"https:\/\/lire-ecrire-compter.com\/wp-content\/uploads\/2020\/05\/img_3034-e1589275058290.jpg\",\"datePublished\":\"2020-03-06T09:51:18+00:00\",\"dateModified\":\"2020-07-11T14:59:38+00:00\",\"description\":\"Ce jeu de construction de lettres cursives \u00e0 partir de formes de base aide \u00e0 la m\u00e9morisation de leur l'\u00e9criture. Il travaille le rep\u00e9rage et l'orientation dans l'espace ainsi que l'analyse et la d\u00e9composition d'un geste graphique. Il permet \u00e9galement de mieux comprendre le lien entre \u00e9criture scripte et \u00e9criture cursive.\",\"breadcrumb\":{\"@id\":\"https:\/\/lire-ecrire-compter.com\/?product=le-petit-scribe#breadcrumb\"},\"inLanguage\":\"fr-FR\",\"potentialAction\":[{\"@type\":\"ReadAction\",\"target\":[\"https:\/\/lire-ecrire-compter.com\/?product=le-petit-scribe\"]}]},{\"@type\":\"ImageObject\",\"inLanguage\":\"fr-FR\",\"@id\":\"https:\/\/lire-ecrire-compter.com\/?product=le-petit-scribe#primaryimage\",\"url\":\"https:\/\/lire-ecrire-compter.com\/wp-content\/uploads\/2020\/05\/img_3034-e1589275058290.jpg\",\"contentUrl\":\"https:\/\/lire-ecrire-compter.com\/wp-content\/uploads\/2020\/05\/img_3034-e1589275058290.jpg\",\"width\":1200,\"height\":1200},{\"@type\":\"BreadcrumbList\",\"@id\":\"https:\/\/lire-ecrire-compter.com\/?product=le-petit-scribe#breadcrumb\",\"itemListElement\":[{\"@type\":\"ListItem\",\"position\":1,\"name\":\"Accueil\",\"item\":\"https:\/\/lire-ecrire-compter.com\/\"},{\"@type\":\"ListItem\",\"position\":2,\"name\":\"La bo\u00eete \u00e0 jeux\",\"item\":\"https:\/\/lire-ecrire-compter.com\/?page_id=747\"},{\"@type\":\"ListItem\",\"position\":3,\"name\":\"Le petit scribe (version 2020)\"}]},{\"@type\":\"WebSite\",\"@id\":\"https:\/\/lire-ecrire-compter.com\/#website\",\"url\":\"https:\/\/lire-ecrire-compter.com\/\",\"name\":\"Lire \u00e9crire compter\",\"description\":\"Jouer pour apprendre\",\"potentialAction\":[{\"@type\":\"SearchAction\",\"target\":{\"@type\":\"EntryPoint\",\"urlTemplate\":\"https:\/\/lire-ecrire-compter.com\/?s={search_term_string}\"},\"query-input\":{\"@type\":\"PropertyValueSpecification\",\"valueRequired\":true,\"valueName\":\"search_term_string\"}}],\"inLanguage\":\"fr-FR\"}]}<\/script>\n<!-- \/ Yoast SEO plugin. -->","yoast_head_json":{"title":"Le petit scribe (version 2020) - Lire \u00e9crire compter","description":"Ce jeu de construction de lettres cursives \u00e0 partir de formes de base aide \u00e0 la m\u00e9morisation de leur l'\u00e9criture. Il travaille le rep\u00e9rage et l'orientation dans l'espace ainsi que l'analyse et la d\u00e9composition d'un geste graphique. Il permet \u00e9galement de mieux comprendre le lien entre \u00e9criture scripte et \u00e9criture cursive.","robots":{"index":"index","follow":"follow","max-snippet":"max-snippet:-1","max-image-preview":"max-image-preview:large","max-video-preview":"max-video-preview:-1"},"canonical":"https:\/\/lire-ecrire-compter.com\/?product=le-petit-scribe","og_locale":"fr_FR","og_type":"article","og_title":"Le petit scribe (version 2020) - Lire \u00e9crire compter","og_description":"Ce jeu de construction de lettres cursives \u00e0 partir de formes de base aide \u00e0 la m\u00e9morisation de leur l'\u00e9criture. Il travaille le rep\u00e9rage et l'orientation dans l'espace ainsi que l'analyse et la d\u00e9composition d'un geste graphique. Il permet \u00e9galement de mieux comprendre le lien entre \u00e9criture scripte et \u00e9criture cursive.","og_url":"https:\/\/lire-ecrire-compter.com\/?product=le-petit-scribe","og_site_name":"Lire \u00e9crire compter","article_modified_time":"2020-07-11T14:59:38+00:00","og_image":[{"width":1200,"height":1200,"url":"https:\/\/lire-ecrire-compter.com\/wp-content\/uploads\/2020\/05\/img_3034-e1589275058290.jpg","type":"image\/jpeg"}],"twitter_card":"summary_large_image","twitter_misc":{"Dur\u00e9e de lecture estim\u00e9e":"1 minute"},"schema":{"@context":"https:\/\/schema.org","@graph":[{"@type":"WebPage","@id":"https:\/\/lire-ecrire-compter.com\/?product=le-petit-scribe","url":"https:\/\/lire-ecrire-compter.com\/?product=le-petit-scribe","name":"Le petit scribe (version 2020) - Lire \u00e9crire compter","isPartOf":{"@id":"https:\/\/lire-ecrire-compter.com\/#website"},"primaryImageOfPage":{"@id":"https:\/\/lire-ecrire-compter.com\/?product=le-petit-scribe#primaryimage"},"image":{"@id":"https:\/\/lire-ecrire-compter.com\/?product=le-petit-scribe#primaryimage"},"thumbnailUrl":"https:\/\/lire-ecrire-compter.com\/wp-content\/uploads\/2020\/05\/img_3034-e1589275058290.jpg","datePublished":"2020-03-06T09:51:18+00:00","dateModified":"2020-07-11T14:59:38+00:00","description":"Ce jeu de construction de lettres cursives \u00e0 partir de formes de base aide \u00e0 la m\u00e9morisation de leur l'\u00e9criture. Il travaille le rep\u00e9rage et l'orientation dans l'espace ainsi que l'analyse et la d\u00e9composition d'un geste graphique. Il permet \u00e9galement de mieux comprendre le lien entre \u00e9criture scripte et \u00e9criture cursive.","breadcrumb":{"@id":"https:\/\/lire-ecrire-compter.com\/?product=le-petit-scribe#breadcrumb"},"inLanguage":"fr-FR","potentialAction":[{"@type":"ReadAction","target":["https:\/\/lire-ecrire-compter.com\/?product=le-petit-scribe"]}]},{"@type":"ImageObject","inLanguage":"fr-FR","@id":"https:\/\/lire-ecrire-compter.com\/?product=le-petit-scribe#primaryimage","url":"https:\/\/lire-ecrire-compter.com\/wp-content\/uploads\/2020\/05\/img_3034-e1589275058290.jpg","contentUrl":"https:\/\/lire-ecrire-compter.com\/wp-content\/uploads\/2020\/05\/img_3034-e1589275058290.jpg","width":1200,"height":1200},{"@type":"BreadcrumbList","@id":"https:\/\/lire-ecrire-compter.com\/?product=le-petit-scribe#breadcrumb","itemListElement":[{"@type":"ListItem","position":1,"name":"Accueil","item":"https:\/\/lire-ecrire-compter.com\/"},{"@type":"ListItem","position":2,"name":"La bo\u00eete \u00e0 jeux","item":"https:\/\/lire-ecrire-compter.com\/?page_id=747"},{"@type":"ListItem","position":3,"name":"Le petit scribe (version 2020)"}]},{"@type":"WebSite","@id":"https:\/\/lire-ecrire-compter.com\/#website","url":"https:\/\/lire-ecrire-compter.com\/","name":"Lire \u00e9crire compter","description":"Jouer pour apprendre","potentialAction":[{"@type":"SearchAction","target":{"@type":"EntryPoint","urlTemplate":"https:\/\/lire-ecrire-compter.com\/?s={search_term_string}"},"query-input":{"@type":"PropertyValueSpecification","valueRequired":true,"valueName":"search_term_string"}}],"inLanguage":"fr-FR"}]}},"_links":{"self":[{"href":"https:\/\/lire-ecrire-compter.com\/index.php?rest_route=\/wp\/v2\/product\/2052","targetHints":{"allow":["GET"]}}],"collection":[{"href":"https:\/\/lire-ecrire-compter.com\/index.php?rest_route=\/wp\/v2\/product"}],"about":[{"href":"https:\/\/lire-ecrire-compter.com\/index.php?rest_route=\/wp\/v2\/types\/product"}],"replies":[{"embeddable":true,"href":"https:\/\/lire-ecrire-compter.com\/index.php?rest_route=%2Fwp%2Fv2%2Fcomments&post=2052"}],"wp:featuredmedia":[{"embeddable":true,"href":"https:\/\/lire-ecrire-compter.com\/index.php?rest_route=\/wp\/v2\/media\/2983"}],"wp:attachment":[{"href":"https:\/\/lire-ecrire-compter.com\/index.php?rest_route=%2Fwp%2Fv2%2Fmedia&parent=2052"}],"wp:term":[{"taxonomy":"product_brand","embeddable":true,"href":"https:\/\/lire-ecrire-compter.com\/index.php?rest_route=%2Fwp%2Fv2%2Fproduct_brand&post=2052"},{"taxonomy":"product_cat","embeddable":true,"href":"https:\/\/lire-ecrire-compter.com\/index.php?rest_route=%2Fwp%2Fv2%2Fproduct_cat&post=2052"},{"taxonomy":"product_tag","embeddable":true,"href":"https:\/\/lire-ecrire-compter.com\/index.php?rest_route=%2Fwp%2Fv2%2Fproduct_tag&post=2052"}],"curies":[{"name":"wp","href":"https:\/\/api.w.org\/{rel}","templated":true}]}}