{"id":2051,"date":"2020-03-06T10:51:17","date_gmt":"2020-03-06T09:51:17","guid":{"rendered":"https:\/\/lire-ecrire-compter.com\/?product=import-placeholder-for-885"},"modified":"2022-02-04T12:48:48","modified_gmt":"2022-02-04T11:48:48","slug":"lor-des-pirates","status":"publish","type":"product","link":"https:\/\/lire-ecrire-compter.com\/?product=lor-des-pirates","title":{"rendered":"L&rsquo;or des pirates"},"content":{"rendered":"<p><span style=\"color: #92d001;\"><strong>PR\u00c9SENTATION ET BUT DU JEU :<\/strong> <\/span><br \/>\n<span style=\"color: #92d001;\"><strong>Le bateau des pirates a chavir\u00e9 au large de l&rsquo;\u00eele<\/strong> <strong>Fractions<\/strong>. Les coffres contenant leur butin, des pi\u00e8ces d&rsquo;or, se trouvent maintenant au fond de la mer. <strong>Des marins voudraient bien s&rsquo;en emparer<\/strong>&#8230;<\/span><br \/>\n<span style=\"color: #92d001;\"><strong>Pour acc\u00e9der \u00e0 chaque coffre, il faut suivre le chemin indiqu\u00e9 par les pi\u00e8ces d&rsquo;or qui en sont tomb\u00e9es<\/strong>.<\/span><br \/>\n<span style=\"color: #92d001;\">Mais attention ! pour ne pas d\u00e9s\u00e9quilibrer le bateau, il faut<strong> toujours commencer par remonter le coffre le moins rempli<\/strong>. La contenance de chaque coffre est indiqu\u00e9e au recto de la carte, par une fraction, au verso, par un sch\u00e9ma.<\/span><br \/>\n<span style=\"color: #92d001;\"><strong>Qui arrivera \u00e0 remonter le plus de coffres ? <\/strong>Ce n&rsquo;est pas si facile : il faut d&rsquo;abord s&rsquo;\u00e9quiper d&rsquo;un scaphandre, \u00e9viter de croiser les pirates qui cherchent eux aussi \u00e0 r\u00e9cup\u00e9rer leur tr\u00e9sor, ne pas \u00eatre d\u00e9log\u00e9 par un autre marin&#8230;<\/span><\/p>\n<p><span style=\"color: #ff5b72;\"><strong>COMPOSITION :<\/strong><\/span><br \/>\n<span style=\"color: #ff5b72;\">Il est compos\u00e9 d&rsquo;un <strong>plateau de jeu<\/strong> , de <strong>8 cartes<\/strong> <strong>\u00ab\u00a0coffre au tr\u00e9sor\u00a0\u00bb niveau 1 , <\/strong>de<strong> 5 cartes<\/strong> <strong>\u00ab\u00a0coffre au tr\u00e9sor\u00a0\u00bb<\/strong>\u00a0<strong>niveau 2<\/strong>, de<strong> 8 cartes \u00ab\u00a0longue-vue\u00a0\u00bb<\/strong>, de<strong> 4 pions <\/strong>et de<strong> 2 d\u00e9s <\/strong>(1 d\u00e9 \u00ab\u00a0chiffres\u00a0\u00bb et 1 d\u00e9 \u00ab\u00a0actions\u00a0\u00bb).<\/span><\/p>\n<p><span style=\"color: #46acbf;\"><strong>OBJECTIFS :<\/strong><\/span><br \/>\n<span style=\"color: #46acbf;\">Ce jeu aide \u00e0 <strong>conceptualiser les fractions<\/strong>.<\/span><\/p>\n","protected":false},"excerpt":{"rendered":"<p>PR\u00c9SENTATION ET BUT DU JEU : Le bateau des pirates a chavir\u00e9 au large de l&rsquo;\u00eele Fractions. Les coffres contenant leur butin, des pi\u00e8ces d&rsquo;or, se trouvent maintenant au fond de la mer. Des marins voudraient bien s&rsquo;en emparer&#8230; Pour acc\u00e9der \u00e0 chaque coffre, il&#8230;<\/p>\n","protected":false},"featured_media":2772,"comment_status":"open","ping_status":"closed","template":"","meta":{"give_campaign_id":0,"om_disable_all_campaigns":false,"_monsterinsights_skip_tracking":false,"_monsterinsights_sitenote_active":false,"_monsterinsights_sitenote_note":"","_monsterinsights_sitenote_category":0,"_uf_show_specific_survey":0,"_uf_disable_surveys":false},"product_brand":[],"product_cat":[128,138,147,100],"product_tag":[67],"class_list":{"0":"post-2051","1":"product","2":"type-product","3":"status-publish","4":"has-post-thumbnail","6":"product_cat-a-partir-du-ce2","7":"product_cat-a-partir-du-cm1","8":"product_cat-jeux","9":"product_cat-jeux-autour-des-mathematiques","10":"product_tag-conceptualiser-les-fractions","12":"first","13":"instock","14":"downloadable","15":"virtual","16":"purchasable","17":"product-type-simple"},"yoast_head":"<!-- This site is optimized with the Yoast SEO plugin v27.1.1 - https:\/\/yoast.com\/product\/yoast-seo-wordpress\/ -->\n<title>L&#039;or des pirates - Lire \u00e9crire compter<\/title>\n<meta name=\"description\" content=\"Ce jeu math\u00e9matique aide \u00e0 conceptualiser les fractions.\" \/>\n<meta name=\"robots\" content=\"index, follow, max-snippet:-1, max-image-preview:large, max-video-preview:-1\" \/>\n<link rel=\"canonical\" href=\"https:\/\/lire-ecrire-compter.com\/?product=lor-des-pirates\" \/>\n<meta property=\"og:locale\" content=\"fr_FR\" \/>\n<meta property=\"og:type\" content=\"article\" \/>\n<meta property=\"og:title\" content=\"L&#039;or des pirates - Lire \u00e9crire compter\" \/>\n<meta property=\"og:description\" content=\"Ce jeu math\u00e9matique aide \u00e0 conceptualiser les fractions.\" \/>\n<meta property=\"og:url\" content=\"https:\/\/lire-ecrire-compter.com\/?product=lor-des-pirates\" \/>\n<meta property=\"og:site_name\" content=\"Lire \u00e9crire compter\" \/>\n<meta property=\"article:modified_time\" content=\"2022-02-04T11:48:48+00:00\" \/>\n<meta property=\"og:image\" content=\"https:\/\/lire-ecrire-compter.com\/wp-content\/uploads\/2020\/03\/plateau-jeu_lor-des-pirates3-e1574103024222.jpg\" \/>\n\t<meta property=\"og:image:width\" content=\"1400\" \/>\n\t<meta property=\"og:image:height\" content=\"1440\" \/>\n\t<meta property=\"og:image:type\" content=\"image\/jpeg\" \/>\n<meta name=\"twitter:card\" content=\"summary_large_image\" \/>\n<meta name=\"twitter:label1\" content=\"Dur\u00e9e de lecture estim\u00e9e\" \/>\n\t<meta name=\"twitter:data1\" content=\"1 minute\" \/>\n<script type=\"application\/ld+json\" class=\"yoast-schema-graph\">{\"@context\":\"https:\/\/schema.org\",\"@graph\":[{\"@type\":\"WebPage\",\"@id\":\"https:\/\/lire-ecrire-compter.com\/?product=lor-des-pirates\",\"url\":\"https:\/\/lire-ecrire-compter.com\/?product=lor-des-pirates\",\"name\":\"L'or des pirates - Lire \u00e9crire compter\",\"isPartOf\":{\"@id\":\"https:\/\/lire-ecrire-compter.com\/#website\"},\"primaryImageOfPage\":{\"@id\":\"https:\/\/lire-ecrire-compter.com\/?product=lor-des-pirates#primaryimage\"},\"image\":{\"@id\":\"https:\/\/lire-ecrire-compter.com\/?product=lor-des-pirates#primaryimage\"},\"thumbnailUrl\":\"https:\/\/lire-ecrire-compter.com\/wp-content\/uploads\/2020\/03\/plateau-jeu_lor-des-pirates3-e1574103024222.jpg\",\"datePublished\":\"2020-03-06T09:51:17+00:00\",\"dateModified\":\"2022-02-04T11:48:48+00:00\",\"description\":\"Ce jeu math\u00e9matique aide \u00e0 conceptualiser les fractions.\",\"breadcrumb\":{\"@id\":\"https:\/\/lire-ecrire-compter.com\/?product=lor-des-pirates#breadcrumb\"},\"inLanguage\":\"fr-FR\",\"potentialAction\":[{\"@type\":\"ReadAction\",\"target\":[\"https:\/\/lire-ecrire-compter.com\/?product=lor-des-pirates\"]}]},{\"@type\":\"ImageObject\",\"inLanguage\":\"fr-FR\",\"@id\":\"https:\/\/lire-ecrire-compter.com\/?product=lor-des-pirates#primaryimage\",\"url\":\"https:\/\/lire-ecrire-compter.com\/wp-content\/uploads\/2020\/03\/plateau-jeu_lor-des-pirates3-e1574103024222.jpg\",\"contentUrl\":\"https:\/\/lire-ecrire-compter.com\/wp-content\/uploads\/2020\/03\/plateau-jeu_lor-des-pirates3-e1574103024222.jpg\",\"width\":1400,\"height\":1440},{\"@type\":\"BreadcrumbList\",\"@id\":\"https:\/\/lire-ecrire-compter.com\/?product=lor-des-pirates#breadcrumb\",\"itemListElement\":[{\"@type\":\"ListItem\",\"position\":1,\"name\":\"Accueil\",\"item\":\"https:\/\/lire-ecrire-compter.com\/\"},{\"@type\":\"ListItem\",\"position\":2,\"name\":\"La bo\u00eete \u00e0 jeux\",\"item\":\"https:\/\/lire-ecrire-compter.com\/?page_id=747\"},{\"@type\":\"ListItem\",\"position\":3,\"name\":\"L&rsquo;or des pirates\"}]},{\"@type\":\"WebSite\",\"@id\":\"https:\/\/lire-ecrire-compter.com\/#website\",\"url\":\"https:\/\/lire-ecrire-compter.com\/\",\"name\":\"Lire \u00e9crire compter\",\"description\":\"Jouer pour apprendre\",\"potentialAction\":[{\"@type\":\"SearchAction\",\"target\":{\"@type\":\"EntryPoint\",\"urlTemplate\":\"https:\/\/lire-ecrire-compter.com\/?s={search_term_string}\"},\"query-input\":{\"@type\":\"PropertyValueSpecification\",\"valueRequired\":true,\"valueName\":\"search_term_string\"}}],\"inLanguage\":\"fr-FR\"}]}<\/script>\n<!-- \/ Yoast SEO plugin. -->","yoast_head_json":{"title":"L'or des pirates - Lire \u00e9crire compter","description":"Ce jeu math\u00e9matique aide \u00e0 conceptualiser les fractions.","robots":{"index":"index","follow":"follow","max-snippet":"max-snippet:-1","max-image-preview":"max-image-preview:large","max-video-preview":"max-video-preview:-1"},"canonical":"https:\/\/lire-ecrire-compter.com\/?product=lor-des-pirates","og_locale":"fr_FR","og_type":"article","og_title":"L'or des pirates - Lire \u00e9crire compter","og_description":"Ce jeu math\u00e9matique aide \u00e0 conceptualiser les fractions.","og_url":"https:\/\/lire-ecrire-compter.com\/?product=lor-des-pirates","og_site_name":"Lire \u00e9crire compter","article_modified_time":"2022-02-04T11:48:48+00:00","og_image":[{"width":1400,"height":1440,"url":"https:\/\/lire-ecrire-compter.com\/wp-content\/uploads\/2020\/03\/plateau-jeu_lor-des-pirates3-e1574103024222.jpg","type":"image\/jpeg"}],"twitter_card":"summary_large_image","twitter_misc":{"Dur\u00e9e de lecture estim\u00e9e":"1 minute"},"schema":{"@context":"https:\/\/schema.org","@graph":[{"@type":"WebPage","@id":"https:\/\/lire-ecrire-compter.com\/?product=lor-des-pirates","url":"https:\/\/lire-ecrire-compter.com\/?product=lor-des-pirates","name":"L'or des pirates - Lire \u00e9crire compter","isPartOf":{"@id":"https:\/\/lire-ecrire-compter.com\/#website"},"primaryImageOfPage":{"@id":"https:\/\/lire-ecrire-compter.com\/?product=lor-des-pirates#primaryimage"},"image":{"@id":"https:\/\/lire-ecrire-compter.com\/?product=lor-des-pirates#primaryimage"},"thumbnailUrl":"https:\/\/lire-ecrire-compter.com\/wp-content\/uploads\/2020\/03\/plateau-jeu_lor-des-pirates3-e1574103024222.jpg","datePublished":"2020-03-06T09:51:17+00:00","dateModified":"2022-02-04T11:48:48+00:00","description":"Ce jeu math\u00e9matique aide \u00e0 conceptualiser les fractions.","breadcrumb":{"@id":"https:\/\/lire-ecrire-compter.com\/?product=lor-des-pirates#breadcrumb"},"inLanguage":"fr-FR","potentialAction":[{"@type":"ReadAction","target":["https:\/\/lire-ecrire-compter.com\/?product=lor-des-pirates"]}]},{"@type":"ImageObject","inLanguage":"fr-FR","@id":"https:\/\/lire-ecrire-compter.com\/?product=lor-des-pirates#primaryimage","url":"https:\/\/lire-ecrire-compter.com\/wp-content\/uploads\/2020\/03\/plateau-jeu_lor-des-pirates3-e1574103024222.jpg","contentUrl":"https:\/\/lire-ecrire-compter.com\/wp-content\/uploads\/2020\/03\/plateau-jeu_lor-des-pirates3-e1574103024222.jpg","width":1400,"height":1440},{"@type":"BreadcrumbList","@id":"https:\/\/lire-ecrire-compter.com\/?product=lor-des-pirates#breadcrumb","itemListElement":[{"@type":"ListItem","position":1,"name":"Accueil","item":"https:\/\/lire-ecrire-compter.com\/"},{"@type":"ListItem","position":2,"name":"La bo\u00eete \u00e0 jeux","item":"https:\/\/lire-ecrire-compter.com\/?page_id=747"},{"@type":"ListItem","position":3,"name":"L&rsquo;or des pirates"}]},{"@type":"WebSite","@id":"https:\/\/lire-ecrire-compter.com\/#website","url":"https:\/\/lire-ecrire-compter.com\/","name":"Lire \u00e9crire compter","description":"Jouer pour apprendre","potentialAction":[{"@type":"SearchAction","target":{"@type":"EntryPoint","urlTemplate":"https:\/\/lire-ecrire-compter.com\/?s={search_term_string}"},"query-input":{"@type":"PropertyValueSpecification","valueRequired":true,"valueName":"search_term_string"}}],"inLanguage":"fr-FR"}]}},"_links":{"self":[{"href":"https:\/\/lire-ecrire-compter.com\/index.php?rest_route=\/wp\/v2\/product\/2051","targetHints":{"allow":["GET"]}}],"collection":[{"href":"https:\/\/lire-ecrire-compter.com\/index.php?rest_route=\/wp\/v2\/product"}],"about":[{"href":"https:\/\/lire-ecrire-compter.com\/index.php?rest_route=\/wp\/v2\/types\/product"}],"replies":[{"embeddable":true,"href":"https:\/\/lire-ecrire-compter.com\/index.php?rest_route=%2Fwp%2Fv2%2Fcomments&post=2051"}],"wp:featuredmedia":[{"embeddable":true,"href":"https:\/\/lire-ecrire-compter.com\/index.php?rest_route=\/wp\/v2\/media\/2772"}],"wp:attachment":[{"href":"https:\/\/lire-ecrire-compter.com\/index.php?rest_route=%2Fwp%2Fv2%2Fmedia&parent=2051"}],"wp:term":[{"taxonomy":"product_brand","embeddable":true,"href":"https:\/\/lire-ecrire-compter.com\/index.php?rest_route=%2Fwp%2Fv2%2Fproduct_brand&post=2051"},{"taxonomy":"product_cat","embeddable":true,"href":"https:\/\/lire-ecrire-compter.com\/index.php?rest_route=%2Fwp%2Fv2%2Fproduct_cat&post=2051"},{"taxonomy":"product_tag","embeddable":true,"href":"https:\/\/lire-ecrire-compter.com\/index.php?rest_route=%2Fwp%2Fv2%2Fproduct_tag&post=2051"}],"curies":[{"name":"wp","href":"https:\/\/api.w.org\/{rel}","templated":true}]}}