{"id":2050,"date":"2020-03-06T10:51:17","date_gmt":"2020-03-06T09:51:17","guid":{"rendered":"https:\/\/lire-ecrire-compter.com\/?product=import-placeholder-for-816"},"modified":"2022-02-04T12:46:08","modified_gmt":"2022-02-04T11:46:08","slug":"la-bataille-des-animaux","status":"publish","type":"product","link":"https:\/\/lire-ecrire-compter.com\/?product=la-bataille-des-animaux","title":{"rendered":"La bataille des animaux"},"content":{"rendered":"<p><em><strong>2 versions<\/strong> dont l&rsquo;une pour les plus\u00a0 petits (\u00e0 partir de <strong>3 ans<\/strong>)<\/em><\/p>\n<p><span style=\"color: #92d001;\"><strong>BUT DU JEU :<\/strong><\/span><br \/>\n<span style=\"color: #92d001;\">Comme dans un jeu de bataille classique, il faut <strong>reprendre \u00e0 son partenaire toutes les cartes de son jeu<\/strong>, c&rsquo;est \u00e0 dire <strong>poss\u00e9der les 32 cartes des constellations d&rsquo;animaux<\/strong>.<\/span><\/p>\n<p><span style=\"color: #ff5b72;\"><strong>COMPOSITION :<\/strong><\/span><br \/>\n<span style=\"color: #ff5b72;\">Il est compos\u00e9 de <strong>2 s\u00e9ries de 32 cartes<\/strong>. La <strong>s\u00e9rie 1<\/strong>, pour les <strong>enfants de GS<\/strong> contient <strong>32 cartes avec 2 \u00e0 9 animaux<\/strong>. La <strong>s\u00e9rie 2<\/strong>, pour <strong>les plus petits<\/strong> contient, elle aussi <strong>32 cartes<\/strong> mais avec <strong>2 \u00e0 5 animaux<\/strong> :\u00a0 <strong>8 cartes<\/strong> avec <strong>2 animaux<\/strong>, <strong>8 avec 3 animaux<\/strong>, <strong>8 avec 4 animaux<\/strong> et <strong>8 avec 5 animaux<\/strong>. <strong>Les nombres sont repr\u00e9sent\u00e9s avec des constellations diff\u00e9rentes afin de ne pas figer les repr\u00e9sentations<\/strong>.<\/span><\/p>\n<p><span style=\"color: #46acbf;\"><strong>OBJECTIFS :<\/strong><\/span><br \/>\n<span style=\"color: #46acbf;\">Ce jeu aide \u00e0 <strong>travailler le d\u00e9nombrement<\/strong> et la <strong>comparaison de petites collections<\/strong>. Il favorise l<strong>&lsquo;utilisation du nombre comme outil<\/strong>.<\/span><\/p>\n","protected":false},"excerpt":{"rendered":"<p>2 versions dont l&rsquo;une pour les plus\u00a0 petits (\u00e0 partir de 3 ans) BUT DU JEU : Comme dans un jeu de bataille classique, il faut reprendre \u00e0 son partenaire toutes les cartes de son jeu, c&rsquo;est \u00e0 dire poss\u00e9der les 32 cartes des constellations&#8230;<\/p>\n","protected":false},"featured_media":871,"comment_status":"open","ping_status":"closed","template":"","meta":{"give_campaign_id":0,"om_disable_all_campaigns":false,"_monsterinsights_skip_tracking":false,"_monsterinsights_sitenote_active":false,"_monsterinsights_sitenote_note":"","_monsterinsights_sitenote_category":0,"_uf_show_specific_survey":0,"_uf_disable_surveys":false},"product_brand":[],"product_cat":[153,147,100],"product_tag":[108],"class_list":{"0":"post-2050","1":"product","2":"type-product","3":"status-publish","4":"has-post-thumbnail","6":"product_cat-a-partir-de-ps-ms","7":"product_cat-jeux","8":"product_cat-jeux-autour-des-mathematiques","9":"product_tag-denombrer-et-comparer-des-collections","11":"first","12":"instock","13":"downloadable","14":"virtual","15":"purchasable","16":"product-type-simple"},"yoast_head":"<!-- This site is optimized with the Yoast SEO plugin v27.1.1 - https:\/\/yoast.com\/product\/yoast-seo-wordpress\/ -->\n<title>La bataille des animaux - Lire \u00e9crire compter<\/title>\n<meta name=\"description\" content=\"Ce jeu de math\u00e9matique aide \u00e0 travailler le d\u00e9nombrement et la comparaison de petites collections. Il favorise l&#039;utilisation du nombre comme outil.\" \/>\n<meta name=\"robots\" content=\"index, follow, max-snippet:-1, max-image-preview:large, max-video-preview:-1\" \/>\n<link rel=\"canonical\" href=\"https:\/\/lire-ecrire-compter.com\/?product=la-bataille-des-animaux\" \/>\n<meta property=\"og:locale\" content=\"fr_FR\" \/>\n<meta property=\"og:type\" content=\"article\" \/>\n<meta property=\"og:title\" content=\"La bataille des animaux - Lire \u00e9crire compter\" \/>\n<meta property=\"og:description\" content=\"Ce jeu de math\u00e9matique aide \u00e0 travailler le d\u00e9nombrement et la comparaison de petites collections. Il favorise l&#039;utilisation du nombre comme outil.\" \/>\n<meta property=\"og:url\" content=\"https:\/\/lire-ecrire-compter.com\/?product=la-bataille-des-animaux\" \/>\n<meta property=\"og:site_name\" content=\"Lire \u00e9crire compter\" \/>\n<meta property=\"article:modified_time\" content=\"2022-02-04T11:46:08+00:00\" \/>\n<meta property=\"og:image\" content=\"https:\/\/lire-ecrire-compter.com\/wp-content\/uploads\/2020\/02\/cartes_petits-e1574102651840.jpg\" \/>\n\t<meta property=\"og:image:width\" content=\"1102\" \/>\n\t<meta property=\"og:image:height\" content=\"931\" \/>\n\t<meta property=\"og:image:type\" content=\"image\/jpeg\" \/>\n<meta name=\"twitter:card\" content=\"summary_large_image\" \/>\n<meta name=\"twitter:label1\" content=\"Dur\u00e9e de lecture estim\u00e9e\" \/>\n\t<meta name=\"twitter:data1\" content=\"1 minute\" \/>\n<script type=\"application\/ld+json\" class=\"yoast-schema-graph\">{\"@context\":\"https:\/\/schema.org\",\"@graph\":[{\"@type\":\"WebPage\",\"@id\":\"https:\/\/lire-ecrire-compter.com\/?product=la-bataille-des-animaux\",\"url\":\"https:\/\/lire-ecrire-compter.com\/?product=la-bataille-des-animaux\",\"name\":\"La bataille des animaux - Lire \u00e9crire compter\",\"isPartOf\":{\"@id\":\"https:\/\/lire-ecrire-compter.com\/#website\"},\"primaryImageOfPage\":{\"@id\":\"https:\/\/lire-ecrire-compter.com\/?product=la-bataille-des-animaux#primaryimage\"},\"image\":{\"@id\":\"https:\/\/lire-ecrire-compter.com\/?product=la-bataille-des-animaux#primaryimage\"},\"thumbnailUrl\":\"https:\/\/lire-ecrire-compter.com\/wp-content\/uploads\/2020\/02\/cartes_petits-e1574102651840.jpg\",\"datePublished\":\"2020-03-06T09:51:17+00:00\",\"dateModified\":\"2022-02-04T11:46:08+00:00\",\"description\":\"Ce jeu de math\u00e9matique aide \u00e0 travailler le d\u00e9nombrement et la comparaison de petites collections. Il favorise l'utilisation du nombre comme outil.\",\"breadcrumb\":{\"@id\":\"https:\/\/lire-ecrire-compter.com\/?product=la-bataille-des-animaux#breadcrumb\"},\"inLanguage\":\"fr-FR\",\"potentialAction\":[{\"@type\":\"ReadAction\",\"target\":[\"https:\/\/lire-ecrire-compter.com\/?product=la-bataille-des-animaux\"]}]},{\"@type\":\"ImageObject\",\"inLanguage\":\"fr-FR\",\"@id\":\"https:\/\/lire-ecrire-compter.com\/?product=la-bataille-des-animaux#primaryimage\",\"url\":\"https:\/\/lire-ecrire-compter.com\/wp-content\/uploads\/2020\/02\/cartes_petits-e1574102651840.jpg\",\"contentUrl\":\"https:\/\/lire-ecrire-compter.com\/wp-content\/uploads\/2020\/02\/cartes_petits-e1574102651840.jpg\",\"width\":1102,\"height\":931},{\"@type\":\"BreadcrumbList\",\"@id\":\"https:\/\/lire-ecrire-compter.com\/?product=la-bataille-des-animaux#breadcrumb\",\"itemListElement\":[{\"@type\":\"ListItem\",\"position\":1,\"name\":\"Accueil\",\"item\":\"https:\/\/lire-ecrire-compter.com\/\"},{\"@type\":\"ListItem\",\"position\":2,\"name\":\"La bo\u00eete \u00e0 jeux\",\"item\":\"https:\/\/lire-ecrire-compter.com\/?page_id=747\"},{\"@type\":\"ListItem\",\"position\":3,\"name\":\"La bataille des animaux\"}]},{\"@type\":\"WebSite\",\"@id\":\"https:\/\/lire-ecrire-compter.com\/#website\",\"url\":\"https:\/\/lire-ecrire-compter.com\/\",\"name\":\"Lire \u00e9crire compter\",\"description\":\"Jouer pour apprendre\",\"potentialAction\":[{\"@type\":\"SearchAction\",\"target\":{\"@type\":\"EntryPoint\",\"urlTemplate\":\"https:\/\/lire-ecrire-compter.com\/?s={search_term_string}\"},\"query-input\":{\"@type\":\"PropertyValueSpecification\",\"valueRequired\":true,\"valueName\":\"search_term_string\"}}],\"inLanguage\":\"fr-FR\"}]}<\/script>\n<!-- \/ Yoast SEO plugin. -->","yoast_head_json":{"title":"La bataille des animaux - Lire \u00e9crire compter","description":"Ce jeu de math\u00e9matique aide \u00e0 travailler le d\u00e9nombrement et la comparaison de petites collections. Il favorise l'utilisation du nombre comme outil.","robots":{"index":"index","follow":"follow","max-snippet":"max-snippet:-1","max-image-preview":"max-image-preview:large","max-video-preview":"max-video-preview:-1"},"canonical":"https:\/\/lire-ecrire-compter.com\/?product=la-bataille-des-animaux","og_locale":"fr_FR","og_type":"article","og_title":"La bataille des animaux - Lire \u00e9crire compter","og_description":"Ce jeu de math\u00e9matique aide \u00e0 travailler le d\u00e9nombrement et la comparaison de petites collections. Il favorise l'utilisation du nombre comme outil.","og_url":"https:\/\/lire-ecrire-compter.com\/?product=la-bataille-des-animaux","og_site_name":"Lire \u00e9crire compter","article_modified_time":"2022-02-04T11:46:08+00:00","og_image":[{"width":1102,"height":931,"url":"https:\/\/lire-ecrire-compter.com\/wp-content\/uploads\/2020\/02\/cartes_petits-e1574102651840.jpg","type":"image\/jpeg"}],"twitter_card":"summary_large_image","twitter_misc":{"Dur\u00e9e de lecture estim\u00e9e":"1 minute"},"schema":{"@context":"https:\/\/schema.org","@graph":[{"@type":"WebPage","@id":"https:\/\/lire-ecrire-compter.com\/?product=la-bataille-des-animaux","url":"https:\/\/lire-ecrire-compter.com\/?product=la-bataille-des-animaux","name":"La bataille des animaux - Lire \u00e9crire compter","isPartOf":{"@id":"https:\/\/lire-ecrire-compter.com\/#website"},"primaryImageOfPage":{"@id":"https:\/\/lire-ecrire-compter.com\/?product=la-bataille-des-animaux#primaryimage"},"image":{"@id":"https:\/\/lire-ecrire-compter.com\/?product=la-bataille-des-animaux#primaryimage"},"thumbnailUrl":"https:\/\/lire-ecrire-compter.com\/wp-content\/uploads\/2020\/02\/cartes_petits-e1574102651840.jpg","datePublished":"2020-03-06T09:51:17+00:00","dateModified":"2022-02-04T11:46:08+00:00","description":"Ce jeu de math\u00e9matique aide \u00e0 travailler le d\u00e9nombrement et la comparaison de petites collections. Il favorise l'utilisation du nombre comme outil.","breadcrumb":{"@id":"https:\/\/lire-ecrire-compter.com\/?product=la-bataille-des-animaux#breadcrumb"},"inLanguage":"fr-FR","potentialAction":[{"@type":"ReadAction","target":["https:\/\/lire-ecrire-compter.com\/?product=la-bataille-des-animaux"]}]},{"@type":"ImageObject","inLanguage":"fr-FR","@id":"https:\/\/lire-ecrire-compter.com\/?product=la-bataille-des-animaux#primaryimage","url":"https:\/\/lire-ecrire-compter.com\/wp-content\/uploads\/2020\/02\/cartes_petits-e1574102651840.jpg","contentUrl":"https:\/\/lire-ecrire-compter.com\/wp-content\/uploads\/2020\/02\/cartes_petits-e1574102651840.jpg","width":1102,"height":931},{"@type":"BreadcrumbList","@id":"https:\/\/lire-ecrire-compter.com\/?product=la-bataille-des-animaux#breadcrumb","itemListElement":[{"@type":"ListItem","position":1,"name":"Accueil","item":"https:\/\/lire-ecrire-compter.com\/"},{"@type":"ListItem","position":2,"name":"La bo\u00eete \u00e0 jeux","item":"https:\/\/lire-ecrire-compter.com\/?page_id=747"},{"@type":"ListItem","position":3,"name":"La bataille des animaux"}]},{"@type":"WebSite","@id":"https:\/\/lire-ecrire-compter.com\/#website","url":"https:\/\/lire-ecrire-compter.com\/","name":"Lire \u00e9crire compter","description":"Jouer pour apprendre","potentialAction":[{"@type":"SearchAction","target":{"@type":"EntryPoint","urlTemplate":"https:\/\/lire-ecrire-compter.com\/?s={search_term_string}"},"query-input":{"@type":"PropertyValueSpecification","valueRequired":true,"valueName":"search_term_string"}}],"inLanguage":"fr-FR"}]}},"_links":{"self":[{"href":"https:\/\/lire-ecrire-compter.com\/index.php?rest_route=\/wp\/v2\/product\/2050","targetHints":{"allow":["GET"]}}],"collection":[{"href":"https:\/\/lire-ecrire-compter.com\/index.php?rest_route=\/wp\/v2\/product"}],"about":[{"href":"https:\/\/lire-ecrire-compter.com\/index.php?rest_route=\/wp\/v2\/types\/product"}],"replies":[{"embeddable":true,"href":"https:\/\/lire-ecrire-compter.com\/index.php?rest_route=%2Fwp%2Fv2%2Fcomments&post=2050"}],"wp:featuredmedia":[{"embeddable":true,"href":"https:\/\/lire-ecrire-compter.com\/index.php?rest_route=\/wp\/v2\/media\/871"}],"wp:attachment":[{"href":"https:\/\/lire-ecrire-compter.com\/index.php?rest_route=%2Fwp%2Fv2%2Fmedia&parent=2050"}],"wp:term":[{"taxonomy":"product_brand","embeddable":true,"href":"https:\/\/lire-ecrire-compter.com\/index.php?rest_route=%2Fwp%2Fv2%2Fproduct_brand&post=2050"},{"taxonomy":"product_cat","embeddable":true,"href":"https:\/\/lire-ecrire-compter.com\/index.php?rest_route=%2Fwp%2Fv2%2Fproduct_cat&post=2050"},{"taxonomy":"product_tag","embeddable":true,"href":"https:\/\/lire-ecrire-compter.com\/index.php?rest_route=%2Fwp%2Fv2%2Fproduct_tag&post=2050"}],"curies":[{"name":"wp","href":"https:\/\/api.w.org\/{rel}","templated":true}]}}