{"id":2049,"date":"2020-03-06T10:51:17","date_gmt":"2020-03-06T09:51:17","guid":{"rendered":"https:\/\/lire-ecrire-compter.com\/?product=import-placeholder-for-791"},"modified":"2023-11-26T14:58:04","modified_gmt":"2023-11-26T13:58:04","slug":"le-plus-gros-bouquet","status":"publish","type":"product","link":"https:\/\/lire-ecrire-compter.com\/?product=le-plus-gros-bouquet","title":{"rendered":"Le plus gros bouquet"},"content":{"rendered":"<p><span style=\"color: #92d001;\"><strong>BUT DU JEU :<\/strong> <\/span><br \/>\n<span style=\"color: #92d001;\">Il s&rsquo;agit de <strong>constituer des trios form\u00e9s d&rsquo;une carte \u00ab\u00a0nombre\u00a0\u00bb, d&rsquo;une carte \u00ab\u00a0collection\u00a0\u00bb et d&rsquo;une carte \u00ab\u00a0produit\u00a0\u00bb<\/strong>. Selon les indications donn\u00e9es sur la piste de jeu, chaque joueur pioche, \u00e0 tour de r\u00f4le, une carte \u00ab\u00a0collection\u00a0\u00bb ou une carte \u00ab\u00a0produit\u00a0\u00bb. Il doit chercher \u00e0 l&rsquo; associer \u00e0 l&rsquo;une des cartes \u00ab\u00a0nombre\u00a0\u00bb dispos\u00e9e sur le plateau. <strong>Le joueur posant la derni\u00e8re carte qui permet de terminer un trio s&#8217;empare de la carte \u00ab\u00a0collection\u00a0\u00bb<\/strong>. <strong>Le joueur ayant en sa possession le plus de cartes \u00ab\u00a0collection\u00a0\u00bb a gagn\u00e9<\/strong>.<\/span><\/p>\n<p><span style=\"color: #ff5b72;\"><strong>COMPOSITION :<\/strong><\/span><br \/>\n<span style=\"color: #ff5b72;\">Il est compos\u00e9 d&rsquo;un <strong>plateau de jeu<\/strong> , de <strong>3 s\u00e9ries de 13 cartes bleues<\/strong> pour les tables x3 et x4 : 13 cartes \u00ab\u00a0produit\u00a0\u00bb, 13 cartes \u00ab\u00a0r\u00e9sultat\u00a0\u00bb et 13 cartes \u00ab\u00a0collection, de <strong>3 s\u00e9ries de 15 cartes jaunes<\/strong> pour les tables x5, x6, x7, x8 et x9 :\u00a015 cartes \u00ab\u00a0produit\u00a0\u00bb, 15 cartes \u00ab\u00a0r\u00e9sultat\u00a0\u00bb et 15 cartes \u00ab\u00a0collection, <strong>8 pions<\/strong> et <strong>un d\u00e9<\/strong>.<\/span><\/p>\n<p><span style=\"color: #46acbf;\"><strong>OBJECTIFS :<\/strong><\/span><br \/>\n<span style=\"color: #46acbf;\">Ce jeu aide \u00e0 la <strong>m\u00e9morisation des tables de multiplication<\/strong>, pr\u00e9pare \u00e0 la <strong>compr\u00e9hension de la division<\/strong> et gr\u00e2ce aux cartes \u00ab\u00a0collection\u00a0\u00bb de forme carr\u00e9e permet la<strong> perception d&rsquo;une des propri\u00e9t\u00e9s de la multiplication : la commutativit\u00e9.<\/strong><\/span><\/p>\n","protected":false},"excerpt":{"rendered":"<p>C<em>e jeu, qui vise \u00e0 aider \u00e0 la m\u00e9morisation des tables de multiplication<\/em><em>, place l&rsquo;enfant dans une situation de \u00ab\u00a0signalement\u00a0\u00bb : il doit chercher, parmi des nombres propos\u00e9s, un r\u00e9sultat possible pour un produit donn\u00e9 ainsi qu&rsquo;une repr\u00e9sentation visuelle associ\u00e9e \u00e0 ce m\u00eame produit.<\/em><\/p>\n","protected":false},"featured_media":2777,"comment_status":"open","ping_status":"closed","template":"","meta":{"give_campaign_id":0,"om_disable_all_campaigns":false,"_monsterinsights_skip_tracking":false,"_monsterinsights_sitenote_active":false,"_monsterinsights_sitenote_note":"","_monsterinsights_sitenote_category":0,"_uf_show_specific_survey":0,"_uf_disable_surveys":false},"product_brand":[],"product_cat":[156,147,100],"product_tag":[126,127],"class_list":{"0":"post-2049","1":"product","2":"type-product","3":"status-publish","4":"has-post-thumbnail","6":"product_cat-a-partir-du-ce1","7":"product_cat-jeux","8":"product_cat-jeux-autour-des-mathematiques","9":"product_tag-conceptualiser-la-multiplication","10":"product_tag-memoriser-les-tables-de-multiplication","12":"first","13":"instock","14":"downloadable","15":"virtual","16":"purchasable","17":"product-type-simple"},"yoast_head":"<!-- This site is optimized with the Yoast SEO plugin v27.1.1 - https:\/\/yoast.com\/product\/yoast-seo-wordpress\/ -->\n<title>Le plus gros bouquet - Lire \u00e9crire compter<\/title>\n<meta name=\"description\" content=\"Ce jeu aide \u00e0 la m\u00e9morisation des tables de multiplication, pr\u00e9pare \u00e0 la compr\u00e9hension de la division et gr\u00e2ce aux cartes &quot;collection&quot; de forme carr\u00e9e permet la perception d&#039;une des propri\u00e9t\u00e9s de la multiplication : la commutativit\u00e9.\" \/>\n<meta name=\"robots\" content=\"index, follow, max-snippet:-1, max-image-preview:large, max-video-preview:-1\" \/>\n<link rel=\"canonical\" href=\"https:\/\/lire-ecrire-compter.com\/?product=le-plus-gros-bouquet\" \/>\n<meta property=\"og:locale\" content=\"fr_FR\" \/>\n<meta property=\"og:type\" content=\"article\" \/>\n<meta property=\"og:title\" content=\"Le plus gros bouquet - Lire \u00e9crire compter\" \/>\n<meta property=\"og:description\" content=\"Ce jeu aide \u00e0 la m\u00e9morisation des tables de multiplication, pr\u00e9pare \u00e0 la compr\u00e9hension de la division et gr\u00e2ce aux cartes &quot;collection&quot; de forme carr\u00e9e permet la perception d&#039;une des propri\u00e9t\u00e9s de la multiplication : la commutativit\u00e9.\" \/>\n<meta property=\"og:url\" content=\"https:\/\/lire-ecrire-compter.com\/?product=le-plus-gros-bouquet\" \/>\n<meta property=\"og:site_name\" content=\"Lire \u00e9crire compter\" \/>\n<meta property=\"article:modified_time\" content=\"2023-11-26T13:58:04+00:00\" \/>\n<meta property=\"og:image\" content=\"https:\/\/lire-ecrire-compter.com\/wp-content\/uploads\/2020\/03\/plateau_2-e1574102385554.jpg\" \/>\n\t<meta property=\"og:image:width\" content=\"1400\" \/>\n\t<meta property=\"og:image:height\" content=\"1120\" \/>\n\t<meta property=\"og:image:type\" content=\"image\/jpeg\" \/>\n<meta name=\"twitter:card\" content=\"summary_large_image\" \/>\n<meta name=\"twitter:label1\" content=\"Dur\u00e9e de lecture estim\u00e9e\" \/>\n\t<meta name=\"twitter:data1\" content=\"1 minute\" \/>\n<script type=\"application\/ld+json\" class=\"yoast-schema-graph\">{\"@context\":\"https:\/\/schema.org\",\"@graph\":[{\"@type\":\"WebPage\",\"@id\":\"https:\/\/lire-ecrire-compter.com\/?product=le-plus-gros-bouquet\",\"url\":\"https:\/\/lire-ecrire-compter.com\/?product=le-plus-gros-bouquet\",\"name\":\"Le plus gros bouquet - Lire \u00e9crire compter\",\"isPartOf\":{\"@id\":\"https:\/\/lire-ecrire-compter.com\/#website\"},\"primaryImageOfPage\":{\"@id\":\"https:\/\/lire-ecrire-compter.com\/?product=le-plus-gros-bouquet#primaryimage\"},\"image\":{\"@id\":\"https:\/\/lire-ecrire-compter.com\/?product=le-plus-gros-bouquet#primaryimage\"},\"thumbnailUrl\":\"https:\/\/lire-ecrire-compter.com\/wp-content\/uploads\/2020\/03\/plateau_2-e1574102385554.jpg\",\"datePublished\":\"2020-03-06T09:51:17+00:00\",\"dateModified\":\"2023-11-26T13:58:04+00:00\",\"description\":\"Ce jeu aide \u00e0 la m\u00e9morisation des tables de multiplication, pr\u00e9pare \u00e0 la compr\u00e9hension de la division et gr\u00e2ce aux cartes \\\"collection\\\" de forme carr\u00e9e permet la perception d'une des propri\u00e9t\u00e9s de la multiplication : la commutativit\u00e9.\",\"breadcrumb\":{\"@id\":\"https:\/\/lire-ecrire-compter.com\/?product=le-plus-gros-bouquet#breadcrumb\"},\"inLanguage\":\"fr-FR\",\"potentialAction\":[{\"@type\":\"ReadAction\",\"target\":[\"https:\/\/lire-ecrire-compter.com\/?product=le-plus-gros-bouquet\"]}]},{\"@type\":\"ImageObject\",\"inLanguage\":\"fr-FR\",\"@id\":\"https:\/\/lire-ecrire-compter.com\/?product=le-plus-gros-bouquet#primaryimage\",\"url\":\"https:\/\/lire-ecrire-compter.com\/wp-content\/uploads\/2020\/03\/plateau_2-e1574102385554.jpg\",\"contentUrl\":\"https:\/\/lire-ecrire-compter.com\/wp-content\/uploads\/2020\/03\/plateau_2-e1574102385554.jpg\",\"width\":1400,\"height\":1120},{\"@type\":\"BreadcrumbList\",\"@id\":\"https:\/\/lire-ecrire-compter.com\/?product=le-plus-gros-bouquet#breadcrumb\",\"itemListElement\":[{\"@type\":\"ListItem\",\"position\":1,\"name\":\"Accueil\",\"item\":\"https:\/\/lire-ecrire-compter.com\/\"},{\"@type\":\"ListItem\",\"position\":2,\"name\":\"La bo\u00eete \u00e0 jeux\",\"item\":\"https:\/\/lire-ecrire-compter.com\/?page_id=747\"},{\"@type\":\"ListItem\",\"position\":3,\"name\":\"Le plus gros bouquet\"}]},{\"@type\":\"WebSite\",\"@id\":\"https:\/\/lire-ecrire-compter.com\/#website\",\"url\":\"https:\/\/lire-ecrire-compter.com\/\",\"name\":\"Lire \u00e9crire compter\",\"description\":\"Jouer pour apprendre\",\"potentialAction\":[{\"@type\":\"SearchAction\",\"target\":{\"@type\":\"EntryPoint\",\"urlTemplate\":\"https:\/\/lire-ecrire-compter.com\/?s={search_term_string}\"},\"query-input\":{\"@type\":\"PropertyValueSpecification\",\"valueRequired\":true,\"valueName\":\"search_term_string\"}}],\"inLanguage\":\"fr-FR\"}]}<\/script>\n<!-- \/ Yoast SEO plugin. -->","yoast_head_json":{"title":"Le plus gros bouquet - Lire \u00e9crire compter","description":"Ce jeu aide \u00e0 la m\u00e9morisation des tables de multiplication, pr\u00e9pare \u00e0 la compr\u00e9hension de la division et gr\u00e2ce aux cartes \"collection\" de forme carr\u00e9e permet la perception d'une des propri\u00e9t\u00e9s de la multiplication : la commutativit\u00e9.","robots":{"index":"index","follow":"follow","max-snippet":"max-snippet:-1","max-image-preview":"max-image-preview:large","max-video-preview":"max-video-preview:-1"},"canonical":"https:\/\/lire-ecrire-compter.com\/?product=le-plus-gros-bouquet","og_locale":"fr_FR","og_type":"article","og_title":"Le plus gros bouquet - Lire \u00e9crire compter","og_description":"Ce jeu aide \u00e0 la m\u00e9morisation des tables de multiplication, pr\u00e9pare \u00e0 la compr\u00e9hension de la division et gr\u00e2ce aux cartes \"collection\" de forme carr\u00e9e permet la perception d'une des propri\u00e9t\u00e9s de la multiplication : la commutativit\u00e9.","og_url":"https:\/\/lire-ecrire-compter.com\/?product=le-plus-gros-bouquet","og_site_name":"Lire \u00e9crire compter","article_modified_time":"2023-11-26T13:58:04+00:00","og_image":[{"width":1400,"height":1120,"url":"https:\/\/lire-ecrire-compter.com\/wp-content\/uploads\/2020\/03\/plateau_2-e1574102385554.jpg","type":"image\/jpeg"}],"twitter_card":"summary_large_image","twitter_misc":{"Dur\u00e9e de lecture estim\u00e9e":"1 minute"},"schema":{"@context":"https:\/\/schema.org","@graph":[{"@type":"WebPage","@id":"https:\/\/lire-ecrire-compter.com\/?product=le-plus-gros-bouquet","url":"https:\/\/lire-ecrire-compter.com\/?product=le-plus-gros-bouquet","name":"Le plus gros bouquet - Lire \u00e9crire compter","isPartOf":{"@id":"https:\/\/lire-ecrire-compter.com\/#website"},"primaryImageOfPage":{"@id":"https:\/\/lire-ecrire-compter.com\/?product=le-plus-gros-bouquet#primaryimage"},"image":{"@id":"https:\/\/lire-ecrire-compter.com\/?product=le-plus-gros-bouquet#primaryimage"},"thumbnailUrl":"https:\/\/lire-ecrire-compter.com\/wp-content\/uploads\/2020\/03\/plateau_2-e1574102385554.jpg","datePublished":"2020-03-06T09:51:17+00:00","dateModified":"2023-11-26T13:58:04+00:00","description":"Ce jeu aide \u00e0 la m\u00e9morisation des tables de multiplication, pr\u00e9pare \u00e0 la compr\u00e9hension de la division et gr\u00e2ce aux cartes \"collection\" de forme carr\u00e9e permet la perception d'une des propri\u00e9t\u00e9s de la multiplication : la commutativit\u00e9.","breadcrumb":{"@id":"https:\/\/lire-ecrire-compter.com\/?product=le-plus-gros-bouquet#breadcrumb"},"inLanguage":"fr-FR","potentialAction":[{"@type":"ReadAction","target":["https:\/\/lire-ecrire-compter.com\/?product=le-plus-gros-bouquet"]}]},{"@type":"ImageObject","inLanguage":"fr-FR","@id":"https:\/\/lire-ecrire-compter.com\/?product=le-plus-gros-bouquet#primaryimage","url":"https:\/\/lire-ecrire-compter.com\/wp-content\/uploads\/2020\/03\/plateau_2-e1574102385554.jpg","contentUrl":"https:\/\/lire-ecrire-compter.com\/wp-content\/uploads\/2020\/03\/plateau_2-e1574102385554.jpg","width":1400,"height":1120},{"@type":"BreadcrumbList","@id":"https:\/\/lire-ecrire-compter.com\/?product=le-plus-gros-bouquet#breadcrumb","itemListElement":[{"@type":"ListItem","position":1,"name":"Accueil","item":"https:\/\/lire-ecrire-compter.com\/"},{"@type":"ListItem","position":2,"name":"La bo\u00eete \u00e0 jeux","item":"https:\/\/lire-ecrire-compter.com\/?page_id=747"},{"@type":"ListItem","position":3,"name":"Le plus gros bouquet"}]},{"@type":"WebSite","@id":"https:\/\/lire-ecrire-compter.com\/#website","url":"https:\/\/lire-ecrire-compter.com\/","name":"Lire \u00e9crire compter","description":"Jouer pour apprendre","potentialAction":[{"@type":"SearchAction","target":{"@type":"EntryPoint","urlTemplate":"https:\/\/lire-ecrire-compter.com\/?s={search_term_string}"},"query-input":{"@type":"PropertyValueSpecification","valueRequired":true,"valueName":"search_term_string"}}],"inLanguage":"fr-FR"}]}},"_links":{"self":[{"href":"https:\/\/lire-ecrire-compter.com\/index.php?rest_route=\/wp\/v2\/product\/2049","targetHints":{"allow":["GET"]}}],"collection":[{"href":"https:\/\/lire-ecrire-compter.com\/index.php?rest_route=\/wp\/v2\/product"}],"about":[{"href":"https:\/\/lire-ecrire-compter.com\/index.php?rest_route=\/wp\/v2\/types\/product"}],"replies":[{"embeddable":true,"href":"https:\/\/lire-ecrire-compter.com\/index.php?rest_route=%2Fwp%2Fv2%2Fcomments&post=2049"}],"wp:featuredmedia":[{"embeddable":true,"href":"https:\/\/lire-ecrire-compter.com\/index.php?rest_route=\/wp\/v2\/media\/2777"}],"wp:attachment":[{"href":"https:\/\/lire-ecrire-compter.com\/index.php?rest_route=%2Fwp%2Fv2%2Fmedia&parent=2049"}],"wp:term":[{"taxonomy":"product_brand","embeddable":true,"href":"https:\/\/lire-ecrire-compter.com\/index.php?rest_route=%2Fwp%2Fv2%2Fproduct_brand&post=2049"},{"taxonomy":"product_cat","embeddable":true,"href":"https:\/\/lire-ecrire-compter.com\/index.php?rest_route=%2Fwp%2Fv2%2Fproduct_cat&post=2049"},{"taxonomy":"product_tag","embeddable":true,"href":"https:\/\/lire-ecrire-compter.com\/index.php?rest_route=%2Fwp%2Fv2%2Fproduct_tag&post=2049"}],"curies":[{"name":"wp","href":"https:\/\/api.w.org\/{rel}","templated":true}]}}