{"id":2048,"date":"2020-03-06T10:51:17","date_gmt":"2020-03-06T09:51:17","guid":{"rendered":"https:\/\/lire-ecrire-compter.com\/?product=import-placeholder-for-724"},"modified":"2026-01-23T13:36:49","modified_gmt":"2026-01-23T12:36:49","slug":"la-bataille-des-lettres","status":"publish","type":"product","link":"https:\/\/lire-ecrire-compter.com\/?product=la-bataille-des-lettres","title":{"rendered":"La bataille des lettres"},"content":{"rendered":"<p><span style=\"color: #92d001;\"><strong>BUT DU JEU<br \/>\n<\/strong>Il faut <strong>reprendre \u00e0 son partenaire toutes les cartes de son jeu. <\/strong>C\u00a0\u00bbest \u00e0 dire <strong>poss\u00e9der les 52 cartes des 2 alphabets<\/strong>.<\/span><\/p>\n<p><span style=\"color: #ff5b72;\"><strong>COMPOSITION<\/strong><\/span><br \/>\n<span style=\"color: #ff5b72;\"><strong>Il est compos\u00e9<\/strong> de <strong>26 cartes <\/strong>avec les lettres de l&rsquo;alphabet (\u00e0 imprimer en 2 exemplaires)<strong> et d&rsquo;un alphabet <\/strong>mentionnant la valeur de chaque lettre (en fonction de son rang dans l&rsquo;alphabet).<\/span><\/p>\n<p><span style=\"color: #46acbf;\"><strong>OBJECTIFS<br \/>\n<\/strong>Ce jeu aide \u00e0 <strong>m\u00e9moriser l&rsquo;ordre alphab\u00e9tique.<\/strong><\/span><\/p>\n","protected":false},"excerpt":{"rendered":"<p>BUT DU JEU Il faut reprendre \u00e0 son partenaire toutes les cartes de son jeu. C\u00a0\u00bbest \u00e0 dire poss\u00e9der les 52 cartes des 2 alphabets. COMPOSITION Il est compos\u00e9 de 26 cartes avec les lettres de l&rsquo;alphabet (\u00e0 imprimer en 2 exemplaires) et d&rsquo;un alphabet&#8230;<\/p>\n","protected":false},"featured_media":2773,"comment_status":"open","ping_status":"closed","template":"","meta":{"give_campaign_id":0,"om_disable_all_campaigns":false,"_monsterinsights_skip_tracking":false,"_monsterinsights_sitenote_active":false,"_monsterinsights_sitenote_note":"","_monsterinsights_sitenote_category":0,"_uf_show_specific_survey":0,"_uf_disable_surveys":false},"product_brand":[],"product_cat":[116,106,147,98],"product_tag":[125,113],"class_list":{"0":"post-2048","1":"product","2":"type-product","3":"status-publish","4":"has-post-thumbnail","6":"product_cat-ce1","7":"product_cat-cp","8":"product_cat-jeux","9":"product_cat-jeux-autour-de-la-lecture","10":"product_tag-classer-selon-lordre-alphabetique","11":"product_tag-memoriser-lalphabet","13":"first","14":"instock","15":"downloadable","16":"virtual","17":"purchasable","18":"product-type-simple"},"yoast_head":"<!-- This site is optimized with the Yoast SEO plugin v27.1.1 - https:\/\/yoast.com\/product\/yoast-seo-wordpress\/ -->\n<title>La bataille des lettres - Lire \u00e9crire compter<\/title>\n<meta name=\"description\" content=\"Un jeu pour aider \u00e0 m\u00e9moriser l&#039;ordre alphab\u00e9tique.\" \/>\n<meta name=\"robots\" content=\"index, follow, max-snippet:-1, max-image-preview:large, max-video-preview:-1\" \/>\n<link rel=\"canonical\" href=\"https:\/\/lire-ecrire-compter.com\/?product=la-bataille-des-lettres\" \/>\n<meta property=\"og:locale\" content=\"fr_FR\" \/>\n<meta property=\"og:type\" content=\"article\" \/>\n<meta property=\"og:title\" content=\"La bataille des lettres - Lire \u00e9crire compter\" \/>\n<meta property=\"og:description\" content=\"Un jeu pour aider \u00e0 m\u00e9moriser l&#039;ordre alphab\u00e9tique.\" \/>\n<meta property=\"og:url\" content=\"https:\/\/lire-ecrire-compter.com\/?product=la-bataille-des-lettres\" \/>\n<meta property=\"og:site_name\" content=\"Lire \u00e9crire compter\" \/>\n<meta property=\"article:modified_time\" content=\"2026-01-23T12:36:49+00:00\" \/>\n<meta property=\"og:image\" content=\"https:\/\/lire-ecrire-compter.com\/wp-content\/uploads\/2020\/03\/situation-bataille2-e1574102216889-600x682-1.jpg\" \/>\n\t<meta property=\"og:image:width\" content=\"600\" \/>\n\t<meta property=\"og:image:height\" content=\"682\" \/>\n\t<meta property=\"og:image:type\" content=\"image\/jpeg\" \/>\n<meta name=\"twitter:card\" content=\"summary_large_image\" \/>\n<meta name=\"twitter:label1\" content=\"Dur\u00e9e de lecture estim\u00e9e\" \/>\n\t<meta name=\"twitter:data1\" content=\"1 minute\" \/>\n<script type=\"application\/ld+json\" class=\"yoast-schema-graph\">{\"@context\":\"https:\/\/schema.org\",\"@graph\":[{\"@type\":\"WebPage\",\"@id\":\"https:\/\/lire-ecrire-compter.com\/?product=la-bataille-des-lettres\",\"url\":\"https:\/\/lire-ecrire-compter.com\/?product=la-bataille-des-lettres\",\"name\":\"La bataille des lettres - Lire \u00e9crire compter\",\"isPartOf\":{\"@id\":\"https:\/\/lire-ecrire-compter.com\/#website\"},\"primaryImageOfPage\":{\"@id\":\"https:\/\/lire-ecrire-compter.com\/?product=la-bataille-des-lettres#primaryimage\"},\"image\":{\"@id\":\"https:\/\/lire-ecrire-compter.com\/?product=la-bataille-des-lettres#primaryimage\"},\"thumbnailUrl\":\"https:\/\/lire-ecrire-compter.com\/wp-content\/uploads\/2020\/03\/situation-bataille2-e1574102216889-600x682-1.jpg\",\"datePublished\":\"2020-03-06T09:51:17+00:00\",\"dateModified\":\"2026-01-23T12:36:49+00:00\",\"description\":\"Un jeu pour aider \u00e0 m\u00e9moriser l'ordre alphab\u00e9tique.\",\"breadcrumb\":{\"@id\":\"https:\/\/lire-ecrire-compter.com\/?product=la-bataille-des-lettres#breadcrumb\"},\"inLanguage\":\"fr-FR\",\"potentialAction\":[{\"@type\":\"ReadAction\",\"target\":[\"https:\/\/lire-ecrire-compter.com\/?product=la-bataille-des-lettres\"]}]},{\"@type\":\"ImageObject\",\"inLanguage\":\"fr-FR\",\"@id\":\"https:\/\/lire-ecrire-compter.com\/?product=la-bataille-des-lettres#primaryimage\",\"url\":\"https:\/\/lire-ecrire-compter.com\/wp-content\/uploads\/2020\/03\/situation-bataille2-e1574102216889-600x682-1.jpg\",\"contentUrl\":\"https:\/\/lire-ecrire-compter.com\/wp-content\/uploads\/2020\/03\/situation-bataille2-e1574102216889-600x682-1.jpg\",\"width\":600,\"height\":682},{\"@type\":\"BreadcrumbList\",\"@id\":\"https:\/\/lire-ecrire-compter.com\/?product=la-bataille-des-lettres#breadcrumb\",\"itemListElement\":[{\"@type\":\"ListItem\",\"position\":1,\"name\":\"Accueil\",\"item\":\"https:\/\/lire-ecrire-compter.com\/\"},{\"@type\":\"ListItem\",\"position\":2,\"name\":\"La bo\u00eete \u00e0 jeux\",\"item\":\"https:\/\/lire-ecrire-compter.com\/?page_id=747\"},{\"@type\":\"ListItem\",\"position\":3,\"name\":\"La bataille des lettres\"}]},{\"@type\":\"WebSite\",\"@id\":\"https:\/\/lire-ecrire-compter.com\/#website\",\"url\":\"https:\/\/lire-ecrire-compter.com\/\",\"name\":\"Lire \u00e9crire compter\",\"description\":\"Jouer pour apprendre\",\"potentialAction\":[{\"@type\":\"SearchAction\",\"target\":{\"@type\":\"EntryPoint\",\"urlTemplate\":\"https:\/\/lire-ecrire-compter.com\/?s={search_term_string}\"},\"query-input\":{\"@type\":\"PropertyValueSpecification\",\"valueRequired\":true,\"valueName\":\"search_term_string\"}}],\"inLanguage\":\"fr-FR\"}]}<\/script>\n<!-- \/ Yoast SEO plugin. -->","yoast_head_json":{"title":"La bataille des lettres - Lire \u00e9crire compter","description":"Un jeu pour aider \u00e0 m\u00e9moriser l'ordre alphab\u00e9tique.","robots":{"index":"index","follow":"follow","max-snippet":"max-snippet:-1","max-image-preview":"max-image-preview:large","max-video-preview":"max-video-preview:-1"},"canonical":"https:\/\/lire-ecrire-compter.com\/?product=la-bataille-des-lettres","og_locale":"fr_FR","og_type":"article","og_title":"La bataille des lettres - Lire \u00e9crire compter","og_description":"Un jeu pour aider \u00e0 m\u00e9moriser l'ordre alphab\u00e9tique.","og_url":"https:\/\/lire-ecrire-compter.com\/?product=la-bataille-des-lettres","og_site_name":"Lire \u00e9crire compter","article_modified_time":"2026-01-23T12:36:49+00:00","og_image":[{"width":600,"height":682,"url":"https:\/\/lire-ecrire-compter.com\/wp-content\/uploads\/2020\/03\/situation-bataille2-e1574102216889-600x682-1.jpg","type":"image\/jpeg"}],"twitter_card":"summary_large_image","twitter_misc":{"Dur\u00e9e de lecture estim\u00e9e":"1 minute"},"schema":{"@context":"https:\/\/schema.org","@graph":[{"@type":"WebPage","@id":"https:\/\/lire-ecrire-compter.com\/?product=la-bataille-des-lettres","url":"https:\/\/lire-ecrire-compter.com\/?product=la-bataille-des-lettres","name":"La bataille des lettres - Lire \u00e9crire compter","isPartOf":{"@id":"https:\/\/lire-ecrire-compter.com\/#website"},"primaryImageOfPage":{"@id":"https:\/\/lire-ecrire-compter.com\/?product=la-bataille-des-lettres#primaryimage"},"image":{"@id":"https:\/\/lire-ecrire-compter.com\/?product=la-bataille-des-lettres#primaryimage"},"thumbnailUrl":"https:\/\/lire-ecrire-compter.com\/wp-content\/uploads\/2020\/03\/situation-bataille2-e1574102216889-600x682-1.jpg","datePublished":"2020-03-06T09:51:17+00:00","dateModified":"2026-01-23T12:36:49+00:00","description":"Un jeu pour aider \u00e0 m\u00e9moriser l'ordre alphab\u00e9tique.","breadcrumb":{"@id":"https:\/\/lire-ecrire-compter.com\/?product=la-bataille-des-lettres#breadcrumb"},"inLanguage":"fr-FR","potentialAction":[{"@type":"ReadAction","target":["https:\/\/lire-ecrire-compter.com\/?product=la-bataille-des-lettres"]}]},{"@type":"ImageObject","inLanguage":"fr-FR","@id":"https:\/\/lire-ecrire-compter.com\/?product=la-bataille-des-lettres#primaryimage","url":"https:\/\/lire-ecrire-compter.com\/wp-content\/uploads\/2020\/03\/situation-bataille2-e1574102216889-600x682-1.jpg","contentUrl":"https:\/\/lire-ecrire-compter.com\/wp-content\/uploads\/2020\/03\/situation-bataille2-e1574102216889-600x682-1.jpg","width":600,"height":682},{"@type":"BreadcrumbList","@id":"https:\/\/lire-ecrire-compter.com\/?product=la-bataille-des-lettres#breadcrumb","itemListElement":[{"@type":"ListItem","position":1,"name":"Accueil","item":"https:\/\/lire-ecrire-compter.com\/"},{"@type":"ListItem","position":2,"name":"La bo\u00eete \u00e0 jeux","item":"https:\/\/lire-ecrire-compter.com\/?page_id=747"},{"@type":"ListItem","position":3,"name":"La bataille des lettres"}]},{"@type":"WebSite","@id":"https:\/\/lire-ecrire-compter.com\/#website","url":"https:\/\/lire-ecrire-compter.com\/","name":"Lire \u00e9crire compter","description":"Jouer pour apprendre","potentialAction":[{"@type":"SearchAction","target":{"@type":"EntryPoint","urlTemplate":"https:\/\/lire-ecrire-compter.com\/?s={search_term_string}"},"query-input":{"@type":"PropertyValueSpecification","valueRequired":true,"valueName":"search_term_string"}}],"inLanguage":"fr-FR"}]}},"_links":{"self":[{"href":"https:\/\/lire-ecrire-compter.com\/index.php?rest_route=\/wp\/v2\/product\/2048","targetHints":{"allow":["GET"]}}],"collection":[{"href":"https:\/\/lire-ecrire-compter.com\/index.php?rest_route=\/wp\/v2\/product"}],"about":[{"href":"https:\/\/lire-ecrire-compter.com\/index.php?rest_route=\/wp\/v2\/types\/product"}],"replies":[{"embeddable":true,"href":"https:\/\/lire-ecrire-compter.com\/index.php?rest_route=%2Fwp%2Fv2%2Fcomments&post=2048"}],"wp:featuredmedia":[{"embeddable":true,"href":"https:\/\/lire-ecrire-compter.com\/index.php?rest_route=\/wp\/v2\/media\/2773"}],"wp:attachment":[{"href":"https:\/\/lire-ecrire-compter.com\/index.php?rest_route=%2Fwp%2Fv2%2Fmedia&parent=2048"}],"wp:term":[{"taxonomy":"product_brand","embeddable":true,"href":"https:\/\/lire-ecrire-compter.com\/index.php?rest_route=%2Fwp%2Fv2%2Fproduct_brand&post=2048"},{"taxonomy":"product_cat","embeddable":true,"href":"https:\/\/lire-ecrire-compter.com\/index.php?rest_route=%2Fwp%2Fv2%2Fproduct_cat&post=2048"},{"taxonomy":"product_tag","embeddable":true,"href":"https:\/\/lire-ecrire-compter.com\/index.php?rest_route=%2Fwp%2Fv2%2Fproduct_tag&post=2048"}],"curies":[{"name":"wp","href":"https:\/\/api.w.org\/{rel}","templated":true}]}}