{"id":2047,"date":"2020-03-06T10:51:17","date_gmt":"2020-03-06T09:51:17","guid":{"rendered":"https:\/\/lire-ecrire-compter.com\/?product=import-placeholder-for-681"},"modified":"2024-10-26T16:11:04","modified_gmt":"2024-10-26T14:11:04","slug":"a-la-recherche-des-voyelles-disparues-nouvelle-version","status":"publish","type":"product","link":"https:\/\/lire-ecrire-compter.com\/?product=a-la-recherche-des-voyelles-disparues-nouvelle-version","title":{"rendered":"\u00c0 la recherche des voyelles disparues (nouvelle version)"},"content":{"rendered":"<p style=\"padding-left: 40px;\"><span style=\"color: #92d001;\"><strong>BUT DU JEU<br \/>\n<\/strong>Il s&rsquo;agit de<strong> compl\u00e9ter des mots dont les voyelles ont disparu<\/strong>. Deux voyelles manquent dans chaque mot. Les joueurs se d\u00e9placent sur une piste dans la direction de leur choix mais selon la somme des 2 d\u00e9s.\u00a0 Ils prennent la voyelle indiqu\u00e9e sur la case du plateau. Le joueur qui termine l&rsquo;\u00e9criture d&rsquo;un mot gagne la carte correspondante. Le joueur qui a le plus de cartes a gagn\u00e9.<\/span><\/p>\n<p style=\"padding-left: 40px;\"><span style=\"color: #ff5b72;\"><strong>COMPOSITION<\/strong><\/span><br \/>\n<span style=\"color: #ff5b72;\"><strong>Il est compos\u00e9<\/strong> d&rsquo;un <strong>plateau de jeu<\/strong>, de <strong>35 cartes-mots<\/strong> \u00e0 compl\u00e9ter organis\u00e9es en 2 s\u00e9ries\u00a0: l\u2019une de 19 cartes avec des syllabes simples (C+V), l\u2019autre de 16 cartes avec des digrammes ou trigrammes (chien)., de <strong>2 s\u00e9ries de 48 pions-voyelles<\/strong>, de <strong>5 bo\u00eetes <\/strong>pour ranger les voyelles, de <strong>2<\/strong> <strong>d\u00e9s <\/strong>(l&rsquo;un avec des points, l&rsquo;autre avec des chiffres) et de <strong>8 pions<\/strong> pour le d\u00e9placement sur la piste.<\/span><\/p>\n<p style=\"padding-left: 40px;\"><span style=\"color: #46acbf;\"><strong>OBJECTIFS<br \/>\n<\/strong>Ce jeu aide \u00e0 comprendre le <strong>fonctionnement du langage \u00e9crit <\/strong>en demandant \u00e0 l&rsquo;enfant<strong> :<\/strong> d&rsquo;<strong>identifier <\/strong>la place d&rsquo;un phon\u00e8me dans un mot et celle de la voyelle manquante dans une syllabe, ainsi que d&rsquo;<strong>\u00e9crire<\/strong> un mot en le compl\u00e9tant avec les voyelles manquantes. Il favorise aussi le travail d&rsquo;<strong>anticipation<\/strong>\u00a0 : il faut choisir le sens de d\u00e9placement le plus appropri\u00e9, selon les cartes pr\u00e9sentes sur le plateau.<\/span><\/p>\n","protected":false},"excerpt":{"rendered":"<p>BUT DU JEU Il s&rsquo;agit de compl\u00e9ter des mots dont les voyelles ont disparu. Deux voyelles manquent dans chaque mot. Les joueurs se d\u00e9placent sur une piste dans la direction de leur choix mais selon la somme des 2 d\u00e9s.\u00a0 Ils prennent la voyelle indiqu\u00e9e&#8230;<\/p>\n","protected":false},"featured_media":858,"comment_status":"open","ping_status":"closed","template":"","meta":{"give_campaign_id":0,"om_disable_all_campaigns":false,"_monsterinsights_skip_tracking":false,"_monsterinsights_sitenote_active":false,"_monsterinsights_sitenote_note":"","_monsterinsights_sitenote_category":0,"_uf_show_specific_survey":0,"_uf_disable_surveys":false},"product_brand":[],"product_cat":[106,147,98],"product_tag":[114,110,111,115],"class_list":{"0":"post-2047","1":"product","2":"type-product","3":"status-publish","4":"has-post-thumbnail","6":"product_cat-cp","7":"product_cat-jeux","8":"product_cat-jeux-autour-de-la-lecture","9":"product_tag-comprendre-les-relations-entre-loral-et-lecrit","10":"product_tag-construire-le-principe-alphabetique","11":"product_tag-encoder-et-decoder-des-syllabes-ou-des-mots","12":"product_tag-identifier-les-differentes-syllabes-dun-mot","14":"first","15":"instock","16":"downloadable","17":"virtual","18":"purchasable","19":"product-type-simple"},"yoast_head":"<!-- This site is optimized with the Yoast SEO plugin v27.1.1 - https:\/\/yoast.com\/product\/yoast-seo-wordpress\/ -->\n<title>\u00c0 la recherche des voyelles disparues (nouvelle version) - Lire \u00e9crire compter<\/title>\n<meta name=\"description\" content=\"Ce jeu aide \u00e0 comprendre le fonctionnement du langage \u00e9crit en demandant \u00e0 l&#039;enfant : d&#039;identifier la place d&#039;un phon\u00e8me dans un mot et celle de la voyelle manquante dans une syllabe, ainsi que d&#039;\u00e9crire un mot en le compl\u00e9tant avec les voyelles manquantes. Il favorise aussi le travail d&#039;anticipation\u00a0 : il faut choisir le sens de d\u00e9placement le plus appropri\u00e9, selon les cartes pr\u00e9sentes sur le plateau.\" \/>\n<meta name=\"robots\" content=\"index, follow, max-snippet:-1, max-image-preview:large, max-video-preview:-1\" \/>\n<link rel=\"canonical\" href=\"https:\/\/lire-ecrire-compter.com\/?product=a-la-recherche-des-voyelles-disparues-nouvelle-version\" \/>\n<meta property=\"og:locale\" content=\"fr_FR\" \/>\n<meta property=\"og:type\" content=\"article\" \/>\n<meta property=\"og:title\" content=\"\u00c0 la recherche des voyelles disparues (nouvelle version) - Lire \u00e9crire compter\" \/>\n<meta property=\"og:description\" content=\"Ce jeu aide \u00e0 comprendre le fonctionnement du langage \u00e9crit en demandant \u00e0 l&#039;enfant : d&#039;identifier la place d&#039;un phon\u00e8me dans un mot et celle de la voyelle manquante dans une syllabe, ainsi que d&#039;\u00e9crire un mot en le compl\u00e9tant avec les voyelles manquantes. Il favorise aussi le travail d&#039;anticipation\u00a0 : il faut choisir le sens de d\u00e9placement le plus appropri\u00e9, selon les cartes pr\u00e9sentes sur le plateau.\" \/>\n<meta property=\"og:url\" content=\"https:\/\/lire-ecrire-compter.com\/?product=a-la-recherche-des-voyelles-disparues-nouvelle-version\" \/>\n<meta property=\"og:site_name\" content=\"Lire \u00e9crire compter\" \/>\n<meta property=\"article:modified_time\" content=\"2024-10-26T14:11:04+00:00\" \/>\n<meta property=\"og:image\" content=\"https:\/\/lire-ecrire-compter.com\/wp-content\/uploads\/2020\/02\/jeu-complet-scaled-e1575818078989.jpg\" \/>\n\t<meta property=\"og:image:width\" content=\"1200\" \/>\n\t<meta property=\"og:image:height\" content=\"1200\" \/>\n\t<meta property=\"og:image:type\" content=\"image\/jpeg\" \/>\n<meta name=\"twitter:card\" content=\"summary_large_image\" \/>\n<meta name=\"twitter:label1\" content=\"Dur\u00e9e de lecture estim\u00e9e\" \/>\n\t<meta name=\"twitter:data1\" content=\"2 minutes\" \/>\n<script type=\"application\/ld+json\" class=\"yoast-schema-graph\">{\"@context\":\"https:\/\/schema.org\",\"@graph\":[{\"@type\":\"WebPage\",\"@id\":\"https:\/\/lire-ecrire-compter.com\/?product=a-la-recherche-des-voyelles-disparues-nouvelle-version\",\"url\":\"https:\/\/lire-ecrire-compter.com\/?product=a-la-recherche-des-voyelles-disparues-nouvelle-version\",\"name\":\"\u00c0 la recherche des voyelles disparues (nouvelle version) - Lire \u00e9crire compter\",\"isPartOf\":{\"@id\":\"https:\/\/lire-ecrire-compter.com\/#website\"},\"primaryImageOfPage\":{\"@id\":\"https:\/\/lire-ecrire-compter.com\/?product=a-la-recherche-des-voyelles-disparues-nouvelle-version#primaryimage\"},\"image\":{\"@id\":\"https:\/\/lire-ecrire-compter.com\/?product=a-la-recherche-des-voyelles-disparues-nouvelle-version#primaryimage\"},\"thumbnailUrl\":\"https:\/\/lire-ecrire-compter.com\/wp-content\/uploads\/2020\/02\/jeu-complet-scaled-e1575818078989.jpg\",\"datePublished\":\"2020-03-06T09:51:17+00:00\",\"dateModified\":\"2024-10-26T14:11:04+00:00\",\"description\":\"Ce jeu aide \u00e0 comprendre le fonctionnement du langage \u00e9crit en demandant \u00e0 l'enfant : d'identifier la place d'un phon\u00e8me dans un mot et celle de la voyelle manquante dans une syllabe, ainsi que d'\u00e9crire un mot en le compl\u00e9tant avec les voyelles manquantes. Il favorise aussi le travail d'anticipation\u00a0 : il faut choisir le sens de d\u00e9placement le plus appropri\u00e9, selon les cartes pr\u00e9sentes sur le plateau.\",\"breadcrumb\":{\"@id\":\"https:\/\/lire-ecrire-compter.com\/?product=a-la-recherche-des-voyelles-disparues-nouvelle-version#breadcrumb\"},\"inLanguage\":\"fr-FR\",\"potentialAction\":[{\"@type\":\"ReadAction\",\"target\":[\"https:\/\/lire-ecrire-compter.com\/?product=a-la-recherche-des-voyelles-disparues-nouvelle-version\"]}]},{\"@type\":\"ImageObject\",\"inLanguage\":\"fr-FR\",\"@id\":\"https:\/\/lire-ecrire-compter.com\/?product=a-la-recherche-des-voyelles-disparues-nouvelle-version#primaryimage\",\"url\":\"https:\/\/lire-ecrire-compter.com\/wp-content\/uploads\/2020\/02\/jeu-complet-scaled-e1575818078989.jpg\",\"contentUrl\":\"https:\/\/lire-ecrire-compter.com\/wp-content\/uploads\/2020\/02\/jeu-complet-scaled-e1575818078989.jpg\",\"width\":1200,\"height\":1200},{\"@type\":\"BreadcrumbList\",\"@id\":\"https:\/\/lire-ecrire-compter.com\/?product=a-la-recherche-des-voyelles-disparues-nouvelle-version#breadcrumb\",\"itemListElement\":[{\"@type\":\"ListItem\",\"position\":1,\"name\":\"Accueil\",\"item\":\"https:\/\/lire-ecrire-compter.com\/\"},{\"@type\":\"ListItem\",\"position\":2,\"name\":\"La bo\u00eete \u00e0 jeux\",\"item\":\"https:\/\/lire-ecrire-compter.com\/?page_id=747\"},{\"@type\":\"ListItem\",\"position\":3,\"name\":\"\u00c0 la recherche des voyelles disparues (nouvelle version)\"}]},{\"@type\":\"WebSite\",\"@id\":\"https:\/\/lire-ecrire-compter.com\/#website\",\"url\":\"https:\/\/lire-ecrire-compter.com\/\",\"name\":\"Lire \u00e9crire compter\",\"description\":\"Jouer pour apprendre\",\"potentialAction\":[{\"@type\":\"SearchAction\",\"target\":{\"@type\":\"EntryPoint\",\"urlTemplate\":\"https:\/\/lire-ecrire-compter.com\/?s={search_term_string}\"},\"query-input\":{\"@type\":\"PropertyValueSpecification\",\"valueRequired\":true,\"valueName\":\"search_term_string\"}}],\"inLanguage\":\"fr-FR\"}]}<\/script>\n<!-- \/ Yoast SEO plugin. -->","yoast_head_json":{"title":"\u00c0 la recherche des voyelles disparues (nouvelle version) - Lire \u00e9crire compter","description":"Ce jeu aide \u00e0 comprendre le fonctionnement du langage \u00e9crit en demandant \u00e0 l'enfant : d'identifier la place d'un phon\u00e8me dans un mot et celle de la voyelle manquante dans une syllabe, ainsi que d'\u00e9crire un mot en le compl\u00e9tant avec les voyelles manquantes. Il favorise aussi le travail d'anticipation\u00a0 : il faut choisir le sens de d\u00e9placement le plus appropri\u00e9, selon les cartes pr\u00e9sentes sur le plateau.","robots":{"index":"index","follow":"follow","max-snippet":"max-snippet:-1","max-image-preview":"max-image-preview:large","max-video-preview":"max-video-preview:-1"},"canonical":"https:\/\/lire-ecrire-compter.com\/?product=a-la-recherche-des-voyelles-disparues-nouvelle-version","og_locale":"fr_FR","og_type":"article","og_title":"\u00c0 la recherche des voyelles disparues (nouvelle version) - Lire \u00e9crire compter","og_description":"Ce jeu aide \u00e0 comprendre le fonctionnement du langage \u00e9crit en demandant \u00e0 l'enfant : d'identifier la place d'un phon\u00e8me dans un mot et celle de la voyelle manquante dans une syllabe, ainsi que d'\u00e9crire un mot en le compl\u00e9tant avec les voyelles manquantes. Il favorise aussi le travail d'anticipation\u00a0 : il faut choisir le sens de d\u00e9placement le plus appropri\u00e9, selon les cartes pr\u00e9sentes sur le plateau.","og_url":"https:\/\/lire-ecrire-compter.com\/?product=a-la-recherche-des-voyelles-disparues-nouvelle-version","og_site_name":"Lire \u00e9crire compter","article_modified_time":"2024-10-26T14:11:04+00:00","og_image":[{"width":1200,"height":1200,"url":"https:\/\/lire-ecrire-compter.com\/wp-content\/uploads\/2020\/02\/jeu-complet-scaled-e1575818078989.jpg","type":"image\/jpeg"}],"twitter_card":"summary_large_image","twitter_misc":{"Dur\u00e9e de lecture estim\u00e9e":"2 minutes"},"schema":{"@context":"https:\/\/schema.org","@graph":[{"@type":"WebPage","@id":"https:\/\/lire-ecrire-compter.com\/?product=a-la-recherche-des-voyelles-disparues-nouvelle-version","url":"https:\/\/lire-ecrire-compter.com\/?product=a-la-recherche-des-voyelles-disparues-nouvelle-version","name":"\u00c0 la recherche des voyelles disparues (nouvelle version) - Lire \u00e9crire compter","isPartOf":{"@id":"https:\/\/lire-ecrire-compter.com\/#website"},"primaryImageOfPage":{"@id":"https:\/\/lire-ecrire-compter.com\/?product=a-la-recherche-des-voyelles-disparues-nouvelle-version#primaryimage"},"image":{"@id":"https:\/\/lire-ecrire-compter.com\/?product=a-la-recherche-des-voyelles-disparues-nouvelle-version#primaryimage"},"thumbnailUrl":"https:\/\/lire-ecrire-compter.com\/wp-content\/uploads\/2020\/02\/jeu-complet-scaled-e1575818078989.jpg","datePublished":"2020-03-06T09:51:17+00:00","dateModified":"2024-10-26T14:11:04+00:00","description":"Ce jeu aide \u00e0 comprendre le fonctionnement du langage \u00e9crit en demandant \u00e0 l'enfant : d'identifier la place d'un phon\u00e8me dans un mot et celle de la voyelle manquante dans une syllabe, ainsi que d'\u00e9crire un mot en le compl\u00e9tant avec les voyelles manquantes. Il favorise aussi le travail d'anticipation\u00a0 : il faut choisir le sens de d\u00e9placement le plus appropri\u00e9, selon les cartes pr\u00e9sentes sur le plateau.","breadcrumb":{"@id":"https:\/\/lire-ecrire-compter.com\/?product=a-la-recherche-des-voyelles-disparues-nouvelle-version#breadcrumb"},"inLanguage":"fr-FR","potentialAction":[{"@type":"ReadAction","target":["https:\/\/lire-ecrire-compter.com\/?product=a-la-recherche-des-voyelles-disparues-nouvelle-version"]}]},{"@type":"ImageObject","inLanguage":"fr-FR","@id":"https:\/\/lire-ecrire-compter.com\/?product=a-la-recherche-des-voyelles-disparues-nouvelle-version#primaryimage","url":"https:\/\/lire-ecrire-compter.com\/wp-content\/uploads\/2020\/02\/jeu-complet-scaled-e1575818078989.jpg","contentUrl":"https:\/\/lire-ecrire-compter.com\/wp-content\/uploads\/2020\/02\/jeu-complet-scaled-e1575818078989.jpg","width":1200,"height":1200},{"@type":"BreadcrumbList","@id":"https:\/\/lire-ecrire-compter.com\/?product=a-la-recherche-des-voyelles-disparues-nouvelle-version#breadcrumb","itemListElement":[{"@type":"ListItem","position":1,"name":"Accueil","item":"https:\/\/lire-ecrire-compter.com\/"},{"@type":"ListItem","position":2,"name":"La bo\u00eete \u00e0 jeux","item":"https:\/\/lire-ecrire-compter.com\/?page_id=747"},{"@type":"ListItem","position":3,"name":"\u00c0 la recherche des voyelles disparues (nouvelle version)"}]},{"@type":"WebSite","@id":"https:\/\/lire-ecrire-compter.com\/#website","url":"https:\/\/lire-ecrire-compter.com\/","name":"Lire \u00e9crire compter","description":"Jouer pour apprendre","potentialAction":[{"@type":"SearchAction","target":{"@type":"EntryPoint","urlTemplate":"https:\/\/lire-ecrire-compter.com\/?s={search_term_string}"},"query-input":{"@type":"PropertyValueSpecification","valueRequired":true,"valueName":"search_term_string"}}],"inLanguage":"fr-FR"}]}},"_links":{"self":[{"href":"https:\/\/lire-ecrire-compter.com\/index.php?rest_route=\/wp\/v2\/product\/2047","targetHints":{"allow":["GET"]}}],"collection":[{"href":"https:\/\/lire-ecrire-compter.com\/index.php?rest_route=\/wp\/v2\/product"}],"about":[{"href":"https:\/\/lire-ecrire-compter.com\/index.php?rest_route=\/wp\/v2\/types\/product"}],"replies":[{"embeddable":true,"href":"https:\/\/lire-ecrire-compter.com\/index.php?rest_route=%2Fwp%2Fv2%2Fcomments&post=2047"}],"wp:featuredmedia":[{"embeddable":true,"href":"https:\/\/lire-ecrire-compter.com\/index.php?rest_route=\/wp\/v2\/media\/858"}],"wp:attachment":[{"href":"https:\/\/lire-ecrire-compter.com\/index.php?rest_route=%2Fwp%2Fv2%2Fmedia&parent=2047"}],"wp:term":[{"taxonomy":"product_brand","embeddable":true,"href":"https:\/\/lire-ecrire-compter.com\/index.php?rest_route=%2Fwp%2Fv2%2Fproduct_brand&post=2047"},{"taxonomy":"product_cat","embeddable":true,"href":"https:\/\/lire-ecrire-compter.com\/index.php?rest_route=%2Fwp%2Fv2%2Fproduct_cat&post=2047"},{"taxonomy":"product_tag","embeddable":true,"href":"https:\/\/lire-ecrire-compter.com\/index.php?rest_route=%2Fwp%2Fv2%2Fproduct_tag&post=2047"}],"curies":[{"name":"wp","href":"https:\/\/api.w.org\/{rel}","templated":true}]}}