{"id":2045,"date":"2020-03-06T10:51:17","date_gmt":"2020-03-06T09:51:17","guid":{"rendered":"https:\/\/lire-ecrire-compter.com\/?product=import-placeholder-for-580"},"modified":"2023-05-17T02:24:00","modified_gmt":"2023-05-17T00:24:00","slug":"panique-a-la-ferme-2020","status":"publish","type":"product","link":"https:\/\/lire-ecrire-compter.com\/?product=panique-a-la-ferme-2020","title":{"rendered":"Panique \u00e0 la ferme 2020"},"content":{"rendered":"<p><em>2 versions pour ce jeu dont l&rsquo;une pour les plus\u00a0 petits (\u00e0 partir de <strong>3 ans<\/strong>)<\/em><br \/>\n<span style=\"color: #92d001;\"><strong>BUT DU JEU :<\/strong> <\/span><br \/>\n<span style=\"color: #92d001;\">Il faut <strong>reconduire tous les animaux \u00e0 la ferme<\/strong>, dans l&rsquo;enclos d&rsquo;o\u00f9 ils s&rsquo;\u00e9taient sauv\u00e9s,<strong> avant l&rsquo;arriv\u00e9e de la pluie<\/strong>, en suivant les <strong>consignes donn\u00e9es par un d\u00e9<\/strong> (niveau 1)<strong> ou par des cartes<\/strong> (niveau 2).<\/span><\/p>\n<p><span style=\"color: #ff5b72;\"><strong>COMPOSITION :<\/strong><\/span><br \/>\n<span style=\"color: #ff5b72;\">Il se compose d&rsquo;<strong>un plateau de jeu hexagonal<\/strong> , d&rsquo;une<strong> plaque \u00ab\u00a0beau temps\u00a0\u00bb avec 24 cases \u00ab\u00a0soleil\u00a0\u00bb<\/strong>, de <strong>24 vignettes \u00ab\u00a0pluie\u00a0\u00bb<\/strong>, d&rsquo;une <strong>vignette porte ouverte\/ferm\u00e9e<\/strong> et d&rsquo;un <strong>pion-fermier<\/strong> communs aux 2 versions. De <strong>45 pions-animaux<\/strong> et de<strong> 2 d\u00e9s pour la version 1<\/strong>. De <strong>40 cartes-consigne et 18 pions-animaux en groupe pour la version 2<\/strong>.<\/span><\/p>\n<p><span style=\"color: #46acbf;\"><strong>OBJECTIFS :<\/strong><\/span><br \/>\n<span style=\"color: #46acbf;\">Ce jeu travaille la <strong>perception visuelle imm\u00e9diate de petites collections (subitizing)<\/strong> et <strong>l&rsquo;inclusion<\/strong> (le tout et les parties du tout). Il permet la <strong>compr\u00e9hension de certains principes du d\u00e9nombrement<\/strong> tels que le principe d&rsquo;abstraction (des objets diff\u00e9rents peuvent \u00eatre compt\u00e9s ensemble), le principe cardinal (le dernier mot-nombre \u00e9nonc\u00e9 donne la taille de la collection) et la non pertinence de l&rsquo;ordre (les objets peuvent \u00eatre compt\u00e9s dans n&rsquo;importe quel ordre).<\/span><\/p>\n","protected":false},"excerpt":{"rendered":"<p>2 versions pour ce jeu dont l&rsquo;une pour les plus\u00a0 petits (\u00e0 partir de 3 ans) BUT DU JEU : Il faut reconduire tous les animaux \u00e0 la ferme, dans l&rsquo;enclos d&rsquo;o\u00f9 ils s&rsquo;\u00e9taient sauv\u00e9s, avant l&rsquo;arriv\u00e9e de la pluie, en suivant les consignes donn\u00e9es&#8230;<\/p>\n","protected":false},"featured_media":2783,"comment_status":"open","ping_status":"closed","template":"","meta":{"give_campaign_id":0,"om_disable_all_campaigns":false,"_monsterinsights_skip_tracking":false,"_monsterinsights_sitenote_active":false,"_monsterinsights_sitenote_note":"","_monsterinsights_sitenote_category":0,"_uf_show_specific_survey":0,"_uf_disable_surveys":false},"product_brand":[],"product_cat":[153,147,100],"product_tag":[108,60],"class_list":{"0":"post-2045","1":"product","2":"type-product","3":"status-publish","4":"has-post-thumbnail","6":"product_cat-a-partir-de-ps-ms","7":"product_cat-jeux","8":"product_cat-jeux-autour-des-mathematiques","9":"product_tag-denombrer-et-comparer-des-collections","10":"product_tag-reconnaitre-les-chiffres","12":"first","13":"instock","14":"downloadable","15":"virtual","16":"purchasable","17":"product-type-simple"},"yoast_head":"<!-- This site is optimized with the Yoast SEO plugin v27.1.1 - https:\/\/yoast.com\/product\/yoast-seo-wordpress\/ -->\n<title>Panique \u00e0 la ferme 2020 - Lire \u00e9crire compter<\/title>\n<meta name=\"description\" content=\"Ce jeu autour des math\u00e9matiques travaille la perception visuelle imm\u00e9diate de petites collections (subitizing) et l&#039;inclusion (le tout et les parties du tout). Il permet la compr\u00e9hension de certains principes du d\u00e9nombrement tels que le principe d&#039;abstraction (des objets diff\u00e9rents peuvent \u00eatre compt\u00e9s ensemble), le principe cardinal (le dernier mot-nombre \u00e9nonc\u00e9 donne la taille de la collection) et la non pertinence de l&#039;ordre (les objets peuvent \u00eatre compt\u00e9s dans n&#039;importe quel ordre).\" \/>\n<meta name=\"robots\" content=\"index, follow, max-snippet:-1, max-image-preview:large, max-video-preview:-1\" \/>\n<link rel=\"canonical\" href=\"https:\/\/lire-ecrire-compter.com\/?product=panique-a-la-ferme-2020\" \/>\n<meta property=\"og:locale\" content=\"fr_FR\" \/>\n<meta property=\"og:type\" content=\"article\" \/>\n<meta property=\"og:title\" content=\"Panique \u00e0 la ferme 2020 - Lire \u00e9crire compter\" \/>\n<meta property=\"og:description\" content=\"Ce jeu autour des math\u00e9matiques travaille la perception visuelle imm\u00e9diate de petites collections (subitizing) et l&#039;inclusion (le tout et les parties du tout). Il permet la compr\u00e9hension de certains principes du d\u00e9nombrement tels que le principe d&#039;abstraction (des objets diff\u00e9rents peuvent \u00eatre compt\u00e9s ensemble), le principe cardinal (le dernier mot-nombre \u00e9nonc\u00e9 donne la taille de la collection) et la non pertinence de l&#039;ordre (les objets peuvent \u00eatre compt\u00e9s dans n&#039;importe quel ordre).\" \/>\n<meta property=\"og:url\" content=\"https:\/\/lire-ecrire-compter.com\/?product=panique-a-la-ferme-2020\" \/>\n<meta property=\"og:site_name\" content=\"Lire \u00e9crire compter\" \/>\n<meta property=\"article:modified_time\" content=\"2023-05-17T00:24:00+00:00\" \/>\n<meta property=\"og:image\" content=\"https:\/\/lire-ecrire-compter.com\/wp-content\/uploads\/2020\/03\/panique-a-la-ferme2020_jeu-niveau2-e1579030199683-600x600-1.jpg\" \/>\n\t<meta property=\"og:image:width\" content=\"600\" \/>\n\t<meta property=\"og:image:height\" content=\"600\" \/>\n\t<meta property=\"og:image:type\" content=\"image\/jpeg\" \/>\n<meta name=\"twitter:card\" content=\"summary_large_image\" \/>\n<meta name=\"twitter:label1\" content=\"Dur\u00e9e de lecture estim\u00e9e\" \/>\n\t<meta name=\"twitter:data1\" content=\"1 minute\" \/>\n<script type=\"application\/ld+json\" class=\"yoast-schema-graph\">{\"@context\":\"https:\/\/schema.org\",\"@graph\":[{\"@type\":\"WebPage\",\"@id\":\"https:\/\/lire-ecrire-compter.com\/?product=panique-a-la-ferme-2020\",\"url\":\"https:\/\/lire-ecrire-compter.com\/?product=panique-a-la-ferme-2020\",\"name\":\"Panique \u00e0 la ferme 2020 - Lire \u00e9crire compter\",\"isPartOf\":{\"@id\":\"https:\/\/lire-ecrire-compter.com\/#website\"},\"primaryImageOfPage\":{\"@id\":\"https:\/\/lire-ecrire-compter.com\/?product=panique-a-la-ferme-2020#primaryimage\"},\"image\":{\"@id\":\"https:\/\/lire-ecrire-compter.com\/?product=panique-a-la-ferme-2020#primaryimage\"},\"thumbnailUrl\":\"https:\/\/lire-ecrire-compter.com\/wp-content\/uploads\/2020\/03\/panique-a-la-ferme2020_jeu-niveau2-e1579030199683-600x600-1.jpg\",\"datePublished\":\"2020-03-06T09:51:17+00:00\",\"dateModified\":\"2023-05-17T00:24:00+00:00\",\"description\":\"Ce jeu autour des math\u00e9matiques travaille la perception visuelle imm\u00e9diate de petites collections (subitizing) et l'inclusion (le tout et les parties du tout). Il permet la compr\u00e9hension de certains principes du d\u00e9nombrement tels que le principe d'abstraction (des objets diff\u00e9rents peuvent \u00eatre compt\u00e9s ensemble), le principe cardinal (le dernier mot-nombre \u00e9nonc\u00e9 donne la taille de la collection) et la non pertinence de l'ordre (les objets peuvent \u00eatre compt\u00e9s dans n'importe quel ordre).\",\"breadcrumb\":{\"@id\":\"https:\/\/lire-ecrire-compter.com\/?product=panique-a-la-ferme-2020#breadcrumb\"},\"inLanguage\":\"fr-FR\",\"potentialAction\":[{\"@type\":\"ReadAction\",\"target\":[\"https:\/\/lire-ecrire-compter.com\/?product=panique-a-la-ferme-2020\"]}]},{\"@type\":\"ImageObject\",\"inLanguage\":\"fr-FR\",\"@id\":\"https:\/\/lire-ecrire-compter.com\/?product=panique-a-la-ferme-2020#primaryimage\",\"url\":\"https:\/\/lire-ecrire-compter.com\/wp-content\/uploads\/2020\/03\/panique-a-la-ferme2020_jeu-niveau2-e1579030199683-600x600-1.jpg\",\"contentUrl\":\"https:\/\/lire-ecrire-compter.com\/wp-content\/uploads\/2020\/03\/panique-a-la-ferme2020_jeu-niveau2-e1579030199683-600x600-1.jpg\",\"width\":600,\"height\":600},{\"@type\":\"BreadcrumbList\",\"@id\":\"https:\/\/lire-ecrire-compter.com\/?product=panique-a-la-ferme-2020#breadcrumb\",\"itemListElement\":[{\"@type\":\"ListItem\",\"position\":1,\"name\":\"Accueil\",\"item\":\"https:\/\/lire-ecrire-compter.com\/\"},{\"@type\":\"ListItem\",\"position\":2,\"name\":\"La bo\u00eete \u00e0 jeux\",\"item\":\"https:\/\/lire-ecrire-compter.com\/?page_id=747\"},{\"@type\":\"ListItem\",\"position\":3,\"name\":\"Panique \u00e0 la ferme 2020\"}]},{\"@type\":\"WebSite\",\"@id\":\"https:\/\/lire-ecrire-compter.com\/#website\",\"url\":\"https:\/\/lire-ecrire-compter.com\/\",\"name\":\"Lire \u00e9crire compter\",\"description\":\"Jouer pour apprendre\",\"potentialAction\":[{\"@type\":\"SearchAction\",\"target\":{\"@type\":\"EntryPoint\",\"urlTemplate\":\"https:\/\/lire-ecrire-compter.com\/?s={search_term_string}\"},\"query-input\":{\"@type\":\"PropertyValueSpecification\",\"valueRequired\":true,\"valueName\":\"search_term_string\"}}],\"inLanguage\":\"fr-FR\"}]}<\/script>\n<!-- \/ Yoast SEO plugin. -->","yoast_head_json":{"title":"Panique \u00e0 la ferme 2020 - Lire \u00e9crire compter","description":"Ce jeu autour des math\u00e9matiques travaille la perception visuelle imm\u00e9diate de petites collections (subitizing) et l'inclusion (le tout et les parties du tout). Il permet la compr\u00e9hension de certains principes du d\u00e9nombrement tels que le principe d'abstraction (des objets diff\u00e9rents peuvent \u00eatre compt\u00e9s ensemble), le principe cardinal (le dernier mot-nombre \u00e9nonc\u00e9 donne la taille de la collection) et la non pertinence de l'ordre (les objets peuvent \u00eatre compt\u00e9s dans n'importe quel ordre).","robots":{"index":"index","follow":"follow","max-snippet":"max-snippet:-1","max-image-preview":"max-image-preview:large","max-video-preview":"max-video-preview:-1"},"canonical":"https:\/\/lire-ecrire-compter.com\/?product=panique-a-la-ferme-2020","og_locale":"fr_FR","og_type":"article","og_title":"Panique \u00e0 la ferme 2020 - Lire \u00e9crire compter","og_description":"Ce jeu autour des math\u00e9matiques travaille la perception visuelle imm\u00e9diate de petites collections (subitizing) et l'inclusion (le tout et les parties du tout). Il permet la compr\u00e9hension de certains principes du d\u00e9nombrement tels que le principe d'abstraction (des objets diff\u00e9rents peuvent \u00eatre compt\u00e9s ensemble), le principe cardinal (le dernier mot-nombre \u00e9nonc\u00e9 donne la taille de la collection) et la non pertinence de l'ordre (les objets peuvent \u00eatre compt\u00e9s dans n'importe quel ordre).","og_url":"https:\/\/lire-ecrire-compter.com\/?product=panique-a-la-ferme-2020","og_site_name":"Lire \u00e9crire compter","article_modified_time":"2023-05-17T00:24:00+00:00","og_image":[{"width":600,"height":600,"url":"https:\/\/lire-ecrire-compter.com\/wp-content\/uploads\/2020\/03\/panique-a-la-ferme2020_jeu-niveau2-e1579030199683-600x600-1.jpg","type":"image\/jpeg"}],"twitter_card":"summary_large_image","twitter_misc":{"Dur\u00e9e de lecture estim\u00e9e":"1 minute"},"schema":{"@context":"https:\/\/schema.org","@graph":[{"@type":"WebPage","@id":"https:\/\/lire-ecrire-compter.com\/?product=panique-a-la-ferme-2020","url":"https:\/\/lire-ecrire-compter.com\/?product=panique-a-la-ferme-2020","name":"Panique \u00e0 la ferme 2020 - Lire \u00e9crire compter","isPartOf":{"@id":"https:\/\/lire-ecrire-compter.com\/#website"},"primaryImageOfPage":{"@id":"https:\/\/lire-ecrire-compter.com\/?product=panique-a-la-ferme-2020#primaryimage"},"image":{"@id":"https:\/\/lire-ecrire-compter.com\/?product=panique-a-la-ferme-2020#primaryimage"},"thumbnailUrl":"https:\/\/lire-ecrire-compter.com\/wp-content\/uploads\/2020\/03\/panique-a-la-ferme2020_jeu-niveau2-e1579030199683-600x600-1.jpg","datePublished":"2020-03-06T09:51:17+00:00","dateModified":"2023-05-17T00:24:00+00:00","description":"Ce jeu autour des math\u00e9matiques travaille la perception visuelle imm\u00e9diate de petites collections (subitizing) et l'inclusion (le tout et les parties du tout). Il permet la compr\u00e9hension de certains principes du d\u00e9nombrement tels que le principe d'abstraction (des objets diff\u00e9rents peuvent \u00eatre compt\u00e9s ensemble), le principe cardinal (le dernier mot-nombre \u00e9nonc\u00e9 donne la taille de la collection) et la non pertinence de l'ordre (les objets peuvent \u00eatre compt\u00e9s dans n'importe quel ordre).","breadcrumb":{"@id":"https:\/\/lire-ecrire-compter.com\/?product=panique-a-la-ferme-2020#breadcrumb"},"inLanguage":"fr-FR","potentialAction":[{"@type":"ReadAction","target":["https:\/\/lire-ecrire-compter.com\/?product=panique-a-la-ferme-2020"]}]},{"@type":"ImageObject","inLanguage":"fr-FR","@id":"https:\/\/lire-ecrire-compter.com\/?product=panique-a-la-ferme-2020#primaryimage","url":"https:\/\/lire-ecrire-compter.com\/wp-content\/uploads\/2020\/03\/panique-a-la-ferme2020_jeu-niveau2-e1579030199683-600x600-1.jpg","contentUrl":"https:\/\/lire-ecrire-compter.com\/wp-content\/uploads\/2020\/03\/panique-a-la-ferme2020_jeu-niveau2-e1579030199683-600x600-1.jpg","width":600,"height":600},{"@type":"BreadcrumbList","@id":"https:\/\/lire-ecrire-compter.com\/?product=panique-a-la-ferme-2020#breadcrumb","itemListElement":[{"@type":"ListItem","position":1,"name":"Accueil","item":"https:\/\/lire-ecrire-compter.com\/"},{"@type":"ListItem","position":2,"name":"La bo\u00eete \u00e0 jeux","item":"https:\/\/lire-ecrire-compter.com\/?page_id=747"},{"@type":"ListItem","position":3,"name":"Panique \u00e0 la ferme 2020"}]},{"@type":"WebSite","@id":"https:\/\/lire-ecrire-compter.com\/#website","url":"https:\/\/lire-ecrire-compter.com\/","name":"Lire \u00e9crire compter","description":"Jouer pour apprendre","potentialAction":[{"@type":"SearchAction","target":{"@type":"EntryPoint","urlTemplate":"https:\/\/lire-ecrire-compter.com\/?s={search_term_string}"},"query-input":{"@type":"PropertyValueSpecification","valueRequired":true,"valueName":"search_term_string"}}],"inLanguage":"fr-FR"}]}},"_links":{"self":[{"href":"https:\/\/lire-ecrire-compter.com\/index.php?rest_route=\/wp\/v2\/product\/2045","targetHints":{"allow":["GET"]}}],"collection":[{"href":"https:\/\/lire-ecrire-compter.com\/index.php?rest_route=\/wp\/v2\/product"}],"about":[{"href":"https:\/\/lire-ecrire-compter.com\/index.php?rest_route=\/wp\/v2\/types\/product"}],"replies":[{"embeddable":true,"href":"https:\/\/lire-ecrire-compter.com\/index.php?rest_route=%2Fwp%2Fv2%2Fcomments&post=2045"}],"wp:featuredmedia":[{"embeddable":true,"href":"https:\/\/lire-ecrire-compter.com\/index.php?rest_route=\/wp\/v2\/media\/2783"}],"wp:attachment":[{"href":"https:\/\/lire-ecrire-compter.com\/index.php?rest_route=%2Fwp%2Fv2%2Fmedia&parent=2045"}],"wp:term":[{"taxonomy":"product_brand","embeddable":true,"href":"https:\/\/lire-ecrire-compter.com\/index.php?rest_route=%2Fwp%2Fv2%2Fproduct_brand&post=2045"},{"taxonomy":"product_cat","embeddable":true,"href":"https:\/\/lire-ecrire-compter.com\/index.php?rest_route=%2Fwp%2Fv2%2Fproduct_cat&post=2045"},{"taxonomy":"product_tag","embeddable":true,"href":"https:\/\/lire-ecrire-compter.com\/index.php?rest_route=%2Fwp%2Fv2%2Fproduct_tag&post=2045"}],"curies":[{"name":"wp","href":"https:\/\/api.w.org\/{rel}","templated":true}]}}