{"id":2044,"date":"2020-03-06T10:51:17","date_gmt":"2020-03-06T09:51:17","guid":{"rendered":"https:\/\/lire-ecrire-compter.com\/?product=import-placeholder-for-547"},"modified":"2022-03-02T12:10:22","modified_gmt":"2022-03-02T11:10:22","slug":"le-trio-gagnant","status":"publish","type":"product","link":"https:\/\/lire-ecrire-compter.com\/?product=le-trio-gagnant","title":{"rendered":"Le trio gagnant"},"content":{"rendered":"<p><span style=\"color: #92d001;\"><strong>BUT DU JEU<br \/>\n<\/strong>Il s&rsquo;agit\u00a0de<strong> constituer des trios form\u00e9s des 2 parties d&rsquo;un nom compos\u00e9<\/strong> (ex : cerf-volant) et<strong> du dessin associ\u00e9<\/strong>. Le premier \u00e0 avoir pu reconstituer 4 trios a gagn\u00e9.<\/span><\/p>\n<p><span style=\"color: #ff5b72;\"><strong>COMPOSITION<\/strong><\/span><br \/>\n<span style=\"color: #ff5b72;\"><strong>Il est compos\u00e9<\/strong> d\u2019un <strong>plateau<\/strong> de jeu, de 4 pions, d&rsquo;un d\u00e9 et de <strong>3 s\u00e9ries de 24 cartes<\/strong>.<\/span><\/p>\n<p><span style=\"color: #46acbf;\"><strong>OBJECTIFS<br \/>\n<\/strong><strong>Ce jeu<\/strong> aide l&rsquo;enfant \u00e0 <strong>prendre conscience des strat\u00e9gies de lecture<\/strong>. Il <strong>favorise l&rsquo;anticipation, la m\u00e9morisation, la compr\u00e9hension<\/strong>. Il permet un enrichissement du vocabulaire.<\/span><\/p>\n","protected":false},"excerpt":{"rendered":"<p>BUT DU JEU Il s&rsquo;agit\u00a0de constituer des trios form\u00e9s des 2 parties d&rsquo;un nom compos\u00e9 (ex : cerf-volant) et du dessin associ\u00e9. Le premier \u00e0 avoir pu reconstituer 4 trios a gagn\u00e9. COMPOSITION Il est compos\u00e9 d\u2019un plateau de jeu, de 4 pions, d&rsquo;un d\u00e9&#8230;<\/p>\n","protected":false},"featured_media":2778,"comment_status":"open","ping_status":"closed","template":"","meta":{"give_campaign_id":0,"om_disable_all_campaigns":false,"_monsterinsights_skip_tracking":false,"_monsterinsights_sitenote_active":false,"_monsterinsights_sitenote_note":"","_monsterinsights_sitenote_category":0,"_uf_show_specific_survey":0,"_uf_disable_surveys":false},"product_brand":[],"product_cat":[116,147,98],"product_tag":[122,123,124],"class_list":{"0":"post-2044","1":"product","2":"type-product","3":"status-publish","4":"has-post-thumbnail","6":"product_cat-ce1","7":"product_cat-jeux","8":"product_cat-jeux-autour-de-la-lecture","9":"product_tag-anticiper-inferer-et-comprendre","10":"product_tag-enrichir-le-vocabulaire","11":"product_tag-travailler-le-maintien-en-memoire","13":"first","14":"instock","15":"downloadable","16":"virtual","17":"purchasable","18":"product-type-simple"},"yoast_head":"<!-- This site is optimized with the Yoast SEO plugin v27.1.1 - https:\/\/yoast.com\/product\/yoast-seo-wordpress\/ -->\n<title>Le trio gagnant - Lire \u00e9crire compter<\/title>\n<meta name=\"description\" content=\"Ce jeu aide l&#039;enfant \u00e0 prendre conscience des strat\u00e9gies de lecture. Il favorise l&#039;anticipation, la m\u00e9morisation, la compr\u00e9hension. Il permet un enrichissement du vocabulaire.\" \/>\n<meta name=\"robots\" content=\"index, follow, max-snippet:-1, max-image-preview:large, max-video-preview:-1\" \/>\n<link rel=\"canonical\" href=\"https:\/\/lire-ecrire-compter.com\/?product=le-trio-gagnant\" \/>\n<meta property=\"og:locale\" content=\"fr_FR\" \/>\n<meta property=\"og:type\" content=\"article\" \/>\n<meta property=\"og:title\" content=\"Le trio gagnant - Lire \u00e9crire compter\" \/>\n<meta property=\"og:description\" content=\"Ce jeu aide l&#039;enfant \u00e0 prendre conscience des strat\u00e9gies de lecture. Il favorise l&#039;anticipation, la m\u00e9morisation, la compr\u00e9hension. Il permet un enrichissement du vocabulaire.\" \/>\n<meta property=\"og:url\" content=\"https:\/\/lire-ecrire-compter.com\/?product=le-trio-gagnant\" \/>\n<meta property=\"og:site_name\" content=\"Lire \u00e9crire compter\" \/>\n<meta property=\"article:modified_time\" content=\"2022-03-02T11:10:22+00:00\" \/>\n<meta property=\"og:image\" content=\"https:\/\/lire-ecrire-compter.com\/wp-content\/uploads\/2020\/03\/situation_jeu-scaled-e1576669899842-600x600-1.jpg\" \/>\n\t<meta property=\"og:image:width\" content=\"600\" \/>\n\t<meta property=\"og:image:height\" content=\"600\" \/>\n\t<meta property=\"og:image:type\" content=\"image\/jpeg\" \/>\n<meta name=\"twitter:card\" content=\"summary_large_image\" \/>\n<script type=\"application\/ld+json\" class=\"yoast-schema-graph\">{\"@context\":\"https:\/\/schema.org\",\"@graph\":[{\"@type\":\"WebPage\",\"@id\":\"https:\/\/lire-ecrire-compter.com\/?product=le-trio-gagnant\",\"url\":\"https:\/\/lire-ecrire-compter.com\/?product=le-trio-gagnant\",\"name\":\"Le trio gagnant - Lire \u00e9crire compter\",\"isPartOf\":{\"@id\":\"https:\/\/lire-ecrire-compter.com\/#website\"},\"primaryImageOfPage\":{\"@id\":\"https:\/\/lire-ecrire-compter.com\/?product=le-trio-gagnant#primaryimage\"},\"image\":{\"@id\":\"https:\/\/lire-ecrire-compter.com\/?product=le-trio-gagnant#primaryimage\"},\"thumbnailUrl\":\"https:\/\/lire-ecrire-compter.com\/wp-content\/uploads\/2020\/03\/situation_jeu-scaled-e1576669899842-600x600-1.jpg\",\"datePublished\":\"2020-03-06T09:51:17+00:00\",\"dateModified\":\"2022-03-02T11:10:22+00:00\",\"description\":\"Ce jeu aide l'enfant \u00e0 prendre conscience des strat\u00e9gies de lecture. Il favorise l'anticipation, la m\u00e9morisation, la compr\u00e9hension. Il permet un enrichissement du vocabulaire.\",\"breadcrumb\":{\"@id\":\"https:\/\/lire-ecrire-compter.com\/?product=le-trio-gagnant#breadcrumb\"},\"inLanguage\":\"fr-FR\",\"potentialAction\":[{\"@type\":\"ReadAction\",\"target\":[\"https:\/\/lire-ecrire-compter.com\/?product=le-trio-gagnant\"]}]},{\"@type\":\"ImageObject\",\"inLanguage\":\"fr-FR\",\"@id\":\"https:\/\/lire-ecrire-compter.com\/?product=le-trio-gagnant#primaryimage\",\"url\":\"https:\/\/lire-ecrire-compter.com\/wp-content\/uploads\/2020\/03\/situation_jeu-scaled-e1576669899842-600x600-1.jpg\",\"contentUrl\":\"https:\/\/lire-ecrire-compter.com\/wp-content\/uploads\/2020\/03\/situation_jeu-scaled-e1576669899842-600x600-1.jpg\",\"width\":600,\"height\":600},{\"@type\":\"BreadcrumbList\",\"@id\":\"https:\/\/lire-ecrire-compter.com\/?product=le-trio-gagnant#breadcrumb\",\"itemListElement\":[{\"@type\":\"ListItem\",\"position\":1,\"name\":\"Accueil\",\"item\":\"https:\/\/lire-ecrire-compter.com\/\"},{\"@type\":\"ListItem\",\"position\":2,\"name\":\"La bo\u00eete \u00e0 jeux\",\"item\":\"https:\/\/lire-ecrire-compter.com\/?page_id=747\"},{\"@type\":\"ListItem\",\"position\":3,\"name\":\"Le trio gagnant\"}]},{\"@type\":\"WebSite\",\"@id\":\"https:\/\/lire-ecrire-compter.com\/#website\",\"url\":\"https:\/\/lire-ecrire-compter.com\/\",\"name\":\"Lire \u00e9crire compter\",\"description\":\"Jouer pour apprendre\",\"potentialAction\":[{\"@type\":\"SearchAction\",\"target\":{\"@type\":\"EntryPoint\",\"urlTemplate\":\"https:\/\/lire-ecrire-compter.com\/?s={search_term_string}\"},\"query-input\":{\"@type\":\"PropertyValueSpecification\",\"valueRequired\":true,\"valueName\":\"search_term_string\"}}],\"inLanguage\":\"fr-FR\"}]}<\/script>\n<!-- \/ Yoast SEO plugin. -->","yoast_head_json":{"title":"Le trio gagnant - Lire \u00e9crire compter","description":"Ce jeu aide l'enfant \u00e0 prendre conscience des strat\u00e9gies de lecture. Il favorise l'anticipation, la m\u00e9morisation, la compr\u00e9hension. Il permet un enrichissement du vocabulaire.","robots":{"index":"index","follow":"follow","max-snippet":"max-snippet:-1","max-image-preview":"max-image-preview:large","max-video-preview":"max-video-preview:-1"},"canonical":"https:\/\/lire-ecrire-compter.com\/?product=le-trio-gagnant","og_locale":"fr_FR","og_type":"article","og_title":"Le trio gagnant - Lire \u00e9crire compter","og_description":"Ce jeu aide l'enfant \u00e0 prendre conscience des strat\u00e9gies de lecture. Il favorise l'anticipation, la m\u00e9morisation, la compr\u00e9hension. Il permet un enrichissement du vocabulaire.","og_url":"https:\/\/lire-ecrire-compter.com\/?product=le-trio-gagnant","og_site_name":"Lire \u00e9crire compter","article_modified_time":"2022-03-02T11:10:22+00:00","og_image":[{"width":600,"height":600,"url":"https:\/\/lire-ecrire-compter.com\/wp-content\/uploads\/2020\/03\/situation_jeu-scaled-e1576669899842-600x600-1.jpg","type":"image\/jpeg"}],"twitter_card":"summary_large_image","schema":{"@context":"https:\/\/schema.org","@graph":[{"@type":"WebPage","@id":"https:\/\/lire-ecrire-compter.com\/?product=le-trio-gagnant","url":"https:\/\/lire-ecrire-compter.com\/?product=le-trio-gagnant","name":"Le trio gagnant - Lire \u00e9crire compter","isPartOf":{"@id":"https:\/\/lire-ecrire-compter.com\/#website"},"primaryImageOfPage":{"@id":"https:\/\/lire-ecrire-compter.com\/?product=le-trio-gagnant#primaryimage"},"image":{"@id":"https:\/\/lire-ecrire-compter.com\/?product=le-trio-gagnant#primaryimage"},"thumbnailUrl":"https:\/\/lire-ecrire-compter.com\/wp-content\/uploads\/2020\/03\/situation_jeu-scaled-e1576669899842-600x600-1.jpg","datePublished":"2020-03-06T09:51:17+00:00","dateModified":"2022-03-02T11:10:22+00:00","description":"Ce jeu aide l'enfant \u00e0 prendre conscience des strat\u00e9gies de lecture. Il favorise l'anticipation, la m\u00e9morisation, la compr\u00e9hension. Il permet un enrichissement du vocabulaire.","breadcrumb":{"@id":"https:\/\/lire-ecrire-compter.com\/?product=le-trio-gagnant#breadcrumb"},"inLanguage":"fr-FR","potentialAction":[{"@type":"ReadAction","target":["https:\/\/lire-ecrire-compter.com\/?product=le-trio-gagnant"]}]},{"@type":"ImageObject","inLanguage":"fr-FR","@id":"https:\/\/lire-ecrire-compter.com\/?product=le-trio-gagnant#primaryimage","url":"https:\/\/lire-ecrire-compter.com\/wp-content\/uploads\/2020\/03\/situation_jeu-scaled-e1576669899842-600x600-1.jpg","contentUrl":"https:\/\/lire-ecrire-compter.com\/wp-content\/uploads\/2020\/03\/situation_jeu-scaled-e1576669899842-600x600-1.jpg","width":600,"height":600},{"@type":"BreadcrumbList","@id":"https:\/\/lire-ecrire-compter.com\/?product=le-trio-gagnant#breadcrumb","itemListElement":[{"@type":"ListItem","position":1,"name":"Accueil","item":"https:\/\/lire-ecrire-compter.com\/"},{"@type":"ListItem","position":2,"name":"La bo\u00eete \u00e0 jeux","item":"https:\/\/lire-ecrire-compter.com\/?page_id=747"},{"@type":"ListItem","position":3,"name":"Le trio gagnant"}]},{"@type":"WebSite","@id":"https:\/\/lire-ecrire-compter.com\/#website","url":"https:\/\/lire-ecrire-compter.com\/","name":"Lire \u00e9crire compter","description":"Jouer pour apprendre","potentialAction":[{"@type":"SearchAction","target":{"@type":"EntryPoint","urlTemplate":"https:\/\/lire-ecrire-compter.com\/?s={search_term_string}"},"query-input":{"@type":"PropertyValueSpecification","valueRequired":true,"valueName":"search_term_string"}}],"inLanguage":"fr-FR"}]}},"_links":{"self":[{"href":"https:\/\/lire-ecrire-compter.com\/index.php?rest_route=\/wp\/v2\/product\/2044","targetHints":{"allow":["GET"]}}],"collection":[{"href":"https:\/\/lire-ecrire-compter.com\/index.php?rest_route=\/wp\/v2\/product"}],"about":[{"href":"https:\/\/lire-ecrire-compter.com\/index.php?rest_route=\/wp\/v2\/types\/product"}],"replies":[{"embeddable":true,"href":"https:\/\/lire-ecrire-compter.com\/index.php?rest_route=%2Fwp%2Fv2%2Fcomments&post=2044"}],"wp:featuredmedia":[{"embeddable":true,"href":"https:\/\/lire-ecrire-compter.com\/index.php?rest_route=\/wp\/v2\/media\/2778"}],"wp:attachment":[{"href":"https:\/\/lire-ecrire-compter.com\/index.php?rest_route=%2Fwp%2Fv2%2Fmedia&parent=2044"}],"wp:term":[{"taxonomy":"product_brand","embeddable":true,"href":"https:\/\/lire-ecrire-compter.com\/index.php?rest_route=%2Fwp%2Fv2%2Fproduct_brand&post=2044"},{"taxonomy":"product_cat","embeddable":true,"href":"https:\/\/lire-ecrire-compter.com\/index.php?rest_route=%2Fwp%2Fv2%2Fproduct_cat&post=2044"},{"taxonomy":"product_tag","embeddable":true,"href":"https:\/\/lire-ecrire-compter.com\/index.php?rest_route=%2Fwp%2Fv2%2Fproduct_tag&post=2044"}],"curies":[{"name":"wp","href":"https:\/\/api.w.org\/{rel}","templated":true}]}}