{"id":2043,"date":"2020-03-06T10:51:17","date_gmt":"2020-03-06T09:51:17","guid":{"rendered":"https:\/\/lire-ecrire-compter.com\/?product=import-placeholder-for-546"},"modified":"2022-02-04T12:16:21","modified_gmt":"2022-02-04T11:16:21","slug":"les-55-etoiles","status":"publish","type":"product","link":"https:\/\/lire-ecrire-compter.com\/?product=les-55-etoiles","title":{"rendered":"Les 55 \u00e9toiles"},"content":{"rendered":"<p><em>Ce jeu est une version \u00ab\u00a0intergalactique\u00a0\u00bb du jeu <\/em>Promenons-nous dans les bois.<br \/>\n<span style=\"color: #92d001;\"><strong>BUT DU JEU :<\/strong><\/span><br \/>\n<span style=\"color: #92d001;\"><strong>Sur une piste de 1 \u00e0 100, il s&rsquo;agit d&rsquo;atteindre le plus possible de dizaines . <\/strong>Les d\u00e9placements se font \u00e0 <strong>l&rsquo;aide d&rsquo;un d\u00e9 et de cartes ajout d&rsquo;\u00e9nergie. Chaque dizaine atteinte permet de photographier des \u00e9toiles.\u00a0<\/strong><strong> Une<\/strong> \u00e9toile \u00e0 la station <strong>1<\/strong>0, <strong>2<\/strong> \u00e9toiles \u00e0 la station <strong>2<\/strong>0, <strong>3<\/strong> \u00e9toiles \u00e0 la station <strong>3<\/strong>0&#8230;.<br \/>\n\u00c0 la fin de la mission, <strong>celui qui aura photographi\u00e9 le plus d&rsquo;\u00e9toiles aura gagn\u00e9<\/strong>.<\/span><\/p>\n<p><span style=\"color: #ff5b72;\"><strong>COMPOSITION :<\/strong><\/span><br \/>\n<span style=\"color: #ff5b72;\">Il est compos\u00e9 d<strong>&lsquo;un plateau, <\/strong>de <strong>4 s\u00e9ries de 12 cartes ajout d&rsquo;\u00e9nergie, <\/strong>de <strong>4 s\u00e9ries de 10 cartes \u00ab\u00a0\u00e9toiles\u00a0\u00bb <\/strong>et de<strong> 4 pions-fus\u00e9es <\/strong>et d<strong>&lsquo;un d\u00e9<\/strong>.<\/span><\/p>\n<p><span style=\"color: #46acbf;\"><strong>OBJECTIFS :<\/strong><\/span><br \/>\n<span style=\"color: #46acbf;\">Ce jeu aide \u00e0 m\u00e9moriser <strong>les compl\u00e9ments \u00e0 10<\/strong>, \u00e0 <strong>conceptualiser la dizaine<\/strong>, \u00e0 comprendre<strong> l&rsquo;ajout simultan\u00e9<\/strong> (6+<strong>4<\/strong>=10 alors 16+<strong>4<\/strong>=20, 26+<strong>4<\/strong>=30, 36+<strong>4<\/strong>=40&#8230;), \u00e0 <strong>mettre en place une strat\u00e9gie<\/strong>, \u00e0 <strong>identifier la place d&rsquo;un nombre dans une cha\u00eene num\u00e9rique<\/strong>. Il travaille aussi la <strong>comparaison de nombres<\/strong> et le<strong> calcul de petites sommes<\/strong>.<\/span><\/p>\n<p>&nbsp;<\/p>\n<p>&nbsp;<\/p>\n","protected":false},"excerpt":{"rendered":"<p>Ce jeu est une version \u00ab\u00a0intergalactique\u00a0\u00bb du jeu Promenons-nous dans les bois. BUT DU JEU : Sur une piste de 1 \u00e0 100, il s&rsquo;agit d&rsquo;atteindre le plus possible de dizaines . Les d\u00e9placements se font \u00e0 l&rsquo;aide d&rsquo;un d\u00e9 et de cartes ajout d&rsquo;\u00e9nergie&#8230;.<\/p>\n","protected":false},"featured_media":832,"comment_status":"open","ping_status":"closed","template":"","meta":{"give_campaign_id":0,"om_disable_all_campaigns":false,"_monsterinsights_skip_tracking":false,"_monsterinsights_sitenote_active":false,"_monsterinsights_sitenote_note":"","_monsterinsights_sitenote_category":0,"_uf_show_specific_survey":0,"_uf_disable_surveys":false},"product_brand":[],"product_cat":[156,147,100],"product_tag":[84,118,88,109,119],"class_list":{"0":"post-2043","1":"product","2":"type-product","3":"status-publish","4":"has-post-thumbnail","6":"product_cat-a-partir-du-ce1","7":"product_cat-jeux","8":"product_cat-jeux-autour-des-mathematiques","9":"product_tag-calculer-une-somme-ou-une-difference","10":"product_tag-comparer-des-nombres","11":"product_tag-conceptualiser-la-dizaine","12":"product_tag-identifier-la-place-dun-nombre-dans-une-chaine-numerique","13":"product_tag-memoriser-les-complements-a-10","15":"first","16":"instock","17":"downloadable","18":"virtual","19":"purchasable","20":"product-type-simple"},"yoast_head":"<!-- This site is optimized with the Yoast SEO plugin v27.1.1 - https:\/\/yoast.com\/product\/yoast-seo-wordpress\/ -->\n<title>Les 55 \u00e9toiles - Lire \u00e9crire compter<\/title>\n<meta name=\"description\" content=\"Ce jeu autour des math\u00e9matiques aide \u00e0 m\u00e9moriser les compl\u00e9ments \u00e0 10, \u00e0 conceptualiser la dizaine, \u00e0 comprendre l&#039;ajout simultan\u00e9 (6+4=10 alors 16+4=20, 26+4=30, 36+4=40...), \u00e0 mettre en place une strat\u00e9gie, \u00e0 identifier la place d&#039;un nombre dans une cha\u00eene num\u00e9rique. Il travaille aussi la comparaison de nombres et le calcul de petites sommes.\" \/>\n<meta name=\"robots\" content=\"index, follow, max-snippet:-1, max-image-preview:large, max-video-preview:-1\" \/>\n<link rel=\"canonical\" href=\"https:\/\/lire-ecrire-compter.com\/?product=les-55-etoiles\" \/>\n<meta property=\"og:locale\" content=\"fr_FR\" \/>\n<meta property=\"og:type\" content=\"article\" \/>\n<meta property=\"og:title\" content=\"Les 55 \u00e9toiles - Lire \u00e9crire compter\" \/>\n<meta property=\"og:description\" content=\"Ce jeu autour des math\u00e9matiques aide \u00e0 m\u00e9moriser les compl\u00e9ments \u00e0 10, \u00e0 conceptualiser la dizaine, \u00e0 comprendre l&#039;ajout simultan\u00e9 (6+4=10 alors 16+4=20, 26+4=30, 36+4=40...), \u00e0 mettre en place une strat\u00e9gie, \u00e0 identifier la place d&#039;un nombre dans une cha\u00eene num\u00e9rique. Il travaille aussi la comparaison de nombres et le calcul de petites sommes.\" \/>\n<meta property=\"og:url\" content=\"https:\/\/lire-ecrire-compter.com\/?product=les-55-etoiles\" \/>\n<meta property=\"og:site_name\" content=\"Lire \u00e9crire compter\" \/>\n<meta property=\"article:modified_time\" content=\"2022-02-04T11:16:21+00:00\" \/>\n<meta property=\"og:image\" content=\"https:\/\/lire-ecrire-compter.com\/wp-content\/uploads\/2020\/02\/jeu_55-\u00e9toiles_plateau3-e1574101640709.jpg\" \/>\n\t<meta property=\"og:image:width\" content=\"1400\" \/>\n\t<meta property=\"og:image:height\" content=\"1734\" \/>\n\t<meta property=\"og:image:type\" content=\"image\/jpeg\" \/>\n<meta name=\"twitter:card\" content=\"summary_large_image\" \/>\n<meta name=\"twitter:label1\" content=\"Dur\u00e9e de lecture estim\u00e9e\" \/>\n\t<meta name=\"twitter:data1\" content=\"1 minute\" \/>\n<script type=\"application\/ld+json\" class=\"yoast-schema-graph\">{\"@context\":\"https:\/\/schema.org\",\"@graph\":[{\"@type\":\"WebPage\",\"@id\":\"https:\/\/lire-ecrire-compter.com\/?product=les-55-etoiles\",\"url\":\"https:\/\/lire-ecrire-compter.com\/?product=les-55-etoiles\",\"name\":\"Les 55 \u00e9toiles - Lire \u00e9crire compter\",\"isPartOf\":{\"@id\":\"https:\/\/lire-ecrire-compter.com\/#website\"},\"primaryImageOfPage\":{\"@id\":\"https:\/\/lire-ecrire-compter.com\/?product=les-55-etoiles#primaryimage\"},\"image\":{\"@id\":\"https:\/\/lire-ecrire-compter.com\/?product=les-55-etoiles#primaryimage\"},\"thumbnailUrl\":\"https:\/\/lire-ecrire-compter.com\/wp-content\/uploads\/2020\/02\/jeu_55-\u00e9toiles_plateau3-e1574101640709.jpg\",\"datePublished\":\"2020-03-06T09:51:17+00:00\",\"dateModified\":\"2022-02-04T11:16:21+00:00\",\"description\":\"Ce jeu autour des math\u00e9matiques aide \u00e0 m\u00e9moriser les compl\u00e9ments \u00e0 10, \u00e0 conceptualiser la dizaine, \u00e0 comprendre l'ajout simultan\u00e9 (6+4=10 alors 16+4=20, 26+4=30, 36+4=40...), \u00e0 mettre en place une strat\u00e9gie, \u00e0 identifier la place d'un nombre dans une cha\u00eene num\u00e9rique. Il travaille aussi la comparaison de nombres et le calcul de petites sommes.\",\"breadcrumb\":{\"@id\":\"https:\/\/lire-ecrire-compter.com\/?product=les-55-etoiles#breadcrumb\"},\"inLanguage\":\"fr-FR\",\"potentialAction\":[{\"@type\":\"ReadAction\",\"target\":[\"https:\/\/lire-ecrire-compter.com\/?product=les-55-etoiles\"]}]},{\"@type\":\"ImageObject\",\"inLanguage\":\"fr-FR\",\"@id\":\"https:\/\/lire-ecrire-compter.com\/?product=les-55-etoiles#primaryimage\",\"url\":\"https:\/\/lire-ecrire-compter.com\/wp-content\/uploads\/2020\/02\/jeu_55-\u00e9toiles_plateau3-e1574101640709.jpg\",\"contentUrl\":\"https:\/\/lire-ecrire-compter.com\/wp-content\/uploads\/2020\/02\/jeu_55-\u00e9toiles_plateau3-e1574101640709.jpg\",\"width\":1400,\"height\":1734},{\"@type\":\"BreadcrumbList\",\"@id\":\"https:\/\/lire-ecrire-compter.com\/?product=les-55-etoiles#breadcrumb\",\"itemListElement\":[{\"@type\":\"ListItem\",\"position\":1,\"name\":\"Accueil\",\"item\":\"https:\/\/lire-ecrire-compter.com\/\"},{\"@type\":\"ListItem\",\"position\":2,\"name\":\"La bo\u00eete \u00e0 jeux\",\"item\":\"https:\/\/lire-ecrire-compter.com\/?page_id=747\"},{\"@type\":\"ListItem\",\"position\":3,\"name\":\"Les 55 \u00e9toiles\"}]},{\"@type\":\"WebSite\",\"@id\":\"https:\/\/lire-ecrire-compter.com\/#website\",\"url\":\"https:\/\/lire-ecrire-compter.com\/\",\"name\":\"Lire \u00e9crire compter\",\"description\":\"Jouer pour apprendre\",\"potentialAction\":[{\"@type\":\"SearchAction\",\"target\":{\"@type\":\"EntryPoint\",\"urlTemplate\":\"https:\/\/lire-ecrire-compter.com\/?s={search_term_string}\"},\"query-input\":{\"@type\":\"PropertyValueSpecification\",\"valueRequired\":true,\"valueName\":\"search_term_string\"}}],\"inLanguage\":\"fr-FR\"}]}<\/script>\n<!-- \/ Yoast SEO plugin. -->","yoast_head_json":{"title":"Les 55 \u00e9toiles - Lire \u00e9crire compter","description":"Ce jeu autour des math\u00e9matiques aide \u00e0 m\u00e9moriser les compl\u00e9ments \u00e0 10, \u00e0 conceptualiser la dizaine, \u00e0 comprendre l'ajout simultan\u00e9 (6+4=10 alors 16+4=20, 26+4=30, 36+4=40...), \u00e0 mettre en place une strat\u00e9gie, \u00e0 identifier la place d'un nombre dans une cha\u00eene num\u00e9rique. Il travaille aussi la comparaison de nombres et le calcul de petites sommes.","robots":{"index":"index","follow":"follow","max-snippet":"max-snippet:-1","max-image-preview":"max-image-preview:large","max-video-preview":"max-video-preview:-1"},"canonical":"https:\/\/lire-ecrire-compter.com\/?product=les-55-etoiles","og_locale":"fr_FR","og_type":"article","og_title":"Les 55 \u00e9toiles - Lire \u00e9crire compter","og_description":"Ce jeu autour des math\u00e9matiques aide \u00e0 m\u00e9moriser les compl\u00e9ments \u00e0 10, \u00e0 conceptualiser la dizaine, \u00e0 comprendre l'ajout simultan\u00e9 (6+4=10 alors 16+4=20, 26+4=30, 36+4=40...), \u00e0 mettre en place une strat\u00e9gie, \u00e0 identifier la place d'un nombre dans une cha\u00eene num\u00e9rique. Il travaille aussi la comparaison de nombres et le calcul de petites sommes.","og_url":"https:\/\/lire-ecrire-compter.com\/?product=les-55-etoiles","og_site_name":"Lire \u00e9crire compter","article_modified_time":"2022-02-04T11:16:21+00:00","og_image":[{"width":1400,"height":1734,"url":"https:\/\/lire-ecrire-compter.com\/wp-content\/uploads\/2020\/02\/jeu_55-\u00e9toiles_plateau3-e1574101640709.jpg","type":"image\/jpeg"}],"twitter_card":"summary_large_image","twitter_misc":{"Dur\u00e9e de lecture estim\u00e9e":"1 minute"},"schema":{"@context":"https:\/\/schema.org","@graph":[{"@type":"WebPage","@id":"https:\/\/lire-ecrire-compter.com\/?product=les-55-etoiles","url":"https:\/\/lire-ecrire-compter.com\/?product=les-55-etoiles","name":"Les 55 \u00e9toiles - Lire \u00e9crire compter","isPartOf":{"@id":"https:\/\/lire-ecrire-compter.com\/#website"},"primaryImageOfPage":{"@id":"https:\/\/lire-ecrire-compter.com\/?product=les-55-etoiles#primaryimage"},"image":{"@id":"https:\/\/lire-ecrire-compter.com\/?product=les-55-etoiles#primaryimage"},"thumbnailUrl":"https:\/\/lire-ecrire-compter.com\/wp-content\/uploads\/2020\/02\/jeu_55-\u00e9toiles_plateau3-e1574101640709.jpg","datePublished":"2020-03-06T09:51:17+00:00","dateModified":"2022-02-04T11:16:21+00:00","description":"Ce jeu autour des math\u00e9matiques aide \u00e0 m\u00e9moriser les compl\u00e9ments \u00e0 10, \u00e0 conceptualiser la dizaine, \u00e0 comprendre l'ajout simultan\u00e9 (6+4=10 alors 16+4=20, 26+4=30, 36+4=40...), \u00e0 mettre en place une strat\u00e9gie, \u00e0 identifier la place d'un nombre dans une cha\u00eene num\u00e9rique. Il travaille aussi la comparaison de nombres et le calcul de petites sommes.","breadcrumb":{"@id":"https:\/\/lire-ecrire-compter.com\/?product=les-55-etoiles#breadcrumb"},"inLanguage":"fr-FR","potentialAction":[{"@type":"ReadAction","target":["https:\/\/lire-ecrire-compter.com\/?product=les-55-etoiles"]}]},{"@type":"ImageObject","inLanguage":"fr-FR","@id":"https:\/\/lire-ecrire-compter.com\/?product=les-55-etoiles#primaryimage","url":"https:\/\/lire-ecrire-compter.com\/wp-content\/uploads\/2020\/02\/jeu_55-\u00e9toiles_plateau3-e1574101640709.jpg","contentUrl":"https:\/\/lire-ecrire-compter.com\/wp-content\/uploads\/2020\/02\/jeu_55-\u00e9toiles_plateau3-e1574101640709.jpg","width":1400,"height":1734},{"@type":"BreadcrumbList","@id":"https:\/\/lire-ecrire-compter.com\/?product=les-55-etoiles#breadcrumb","itemListElement":[{"@type":"ListItem","position":1,"name":"Accueil","item":"https:\/\/lire-ecrire-compter.com\/"},{"@type":"ListItem","position":2,"name":"La bo\u00eete \u00e0 jeux","item":"https:\/\/lire-ecrire-compter.com\/?page_id=747"},{"@type":"ListItem","position":3,"name":"Les 55 \u00e9toiles"}]},{"@type":"WebSite","@id":"https:\/\/lire-ecrire-compter.com\/#website","url":"https:\/\/lire-ecrire-compter.com\/","name":"Lire \u00e9crire compter","description":"Jouer pour apprendre","potentialAction":[{"@type":"SearchAction","target":{"@type":"EntryPoint","urlTemplate":"https:\/\/lire-ecrire-compter.com\/?s={search_term_string}"},"query-input":{"@type":"PropertyValueSpecification","valueRequired":true,"valueName":"search_term_string"}}],"inLanguage":"fr-FR"}]}},"_links":{"self":[{"href":"https:\/\/lire-ecrire-compter.com\/index.php?rest_route=\/wp\/v2\/product\/2043","targetHints":{"allow":["GET"]}}],"collection":[{"href":"https:\/\/lire-ecrire-compter.com\/index.php?rest_route=\/wp\/v2\/product"}],"about":[{"href":"https:\/\/lire-ecrire-compter.com\/index.php?rest_route=\/wp\/v2\/types\/product"}],"replies":[{"embeddable":true,"href":"https:\/\/lire-ecrire-compter.com\/index.php?rest_route=%2Fwp%2Fv2%2Fcomments&post=2043"}],"wp:featuredmedia":[{"embeddable":true,"href":"https:\/\/lire-ecrire-compter.com\/index.php?rest_route=\/wp\/v2\/media\/832"}],"wp:attachment":[{"href":"https:\/\/lire-ecrire-compter.com\/index.php?rest_route=%2Fwp%2Fv2%2Fmedia&parent=2043"}],"wp:term":[{"taxonomy":"product_brand","embeddable":true,"href":"https:\/\/lire-ecrire-compter.com\/index.php?rest_route=%2Fwp%2Fv2%2Fproduct_brand&post=2043"},{"taxonomy":"product_cat","embeddable":true,"href":"https:\/\/lire-ecrire-compter.com\/index.php?rest_route=%2Fwp%2Fv2%2Fproduct_cat&post=2043"},{"taxonomy":"product_tag","embeddable":true,"href":"https:\/\/lire-ecrire-compter.com\/index.php?rest_route=%2Fwp%2Fv2%2Fproduct_tag&post=2043"}],"curies":[{"name":"wp","href":"https:\/\/api.w.org\/{rel}","templated":true}]}}