{"id":2042,"date":"2020-03-06T10:51:16","date_gmt":"2020-03-06T09:51:16","guid":{"rendered":"https:\/\/lire-ecrire-compter.com\/?product=import-placeholder-for-454"},"modified":"2022-02-04T14:08:12","modified_gmt":"2022-02-04T13:08:12","slug":"meli-melo-des-animaux","status":"publish","type":"product","link":"https:\/\/lire-ecrire-compter.com\/?product=meli-melo-des-animaux","title":{"rendered":"M\u00e9li-m\u00e9lo des animaux (version 2020)"},"content":{"rendered":"<p><span style=\"color: #92d001;\"><strong>BUT DU JEU<br \/>\n<\/strong>\u00catre le premier \u00e0 poss\u00e9der toutes les syllabes n\u00e9cessaires \u00e0 l\u2019\u00e9criture de 4 noms d\u2019animaux. Les syllabes sont \u00e0 r\u00e9cup\u00e9rer sur un plateau selon les couleurs donn\u00e9es par les cases d&rsquo;arr\u00eat. Les syllabes initiales sont de couleur bleue, les m\u00e9dianes, de couleur rose et les syllabes finales, de couleur verte. Il faudra ensuite les organiser de mani\u00e8re \u00e0 \u00e9crire les 4 noms d&rsquo;animaux demand\u00e9s.<br \/>\n<\/span><\/p>\n<p><span style=\"color: #ff5b72;\"><strong>COMPOSITION<\/strong><\/span><br \/>\n<span style=\"color: #ff5b72;\"><strong>Il se compose<\/strong> d&rsquo;un <strong>plateau de jeu<\/strong>, de <strong>30 cartes-mots illustr\u00e9es<\/strong> \u00e0 compl\u00e9ter, de <strong>3 s\u00e9ries de 30 pions-syllabes<\/strong>, d&rsquo;une <strong>liste des noms d&rsquo;animaux<\/strong>, d&rsquo;un <strong>d\u00e9<\/strong> ainsi que de <strong>4 pions<\/strong> pour le d\u00e9placement sur la piste.<\/span><\/p>\n<p><span style=\"color: #46acbf;\"><strong>OBJECTIFS<br \/>\n<\/strong>Ce jeu <strong>travaille l&rsquo;encodage. <\/strong>Il s&rsquo;appuie sur<strong> l&rsquo;identification des diff\u00e9rentes syllabes d&rsquo;un mot<\/strong>.<br \/>\n<\/span><\/p>\n","protected":false},"excerpt":{"rendered":"<p>BUT DU JEU \u00catre le premier \u00e0 poss\u00e9der toutes les syllabes n\u00e9cessaires \u00e0 l\u2019\u00e9criture de 4 noms d\u2019animaux. Les syllabes sont \u00e0 r\u00e9cup\u00e9rer sur un plateau selon les couleurs donn\u00e9es par les cases d&rsquo;arr\u00eat. Les syllabes initiales sont de couleur bleue, les m\u00e9dianes, de couleur&#8230;<\/p>\n","protected":false},"featured_media":3073,"comment_status":"open","ping_status":"closed","template":"","meta":{"give_campaign_id":0,"om_disable_all_campaigns":false,"_monsterinsights_skip_tracking":false,"_monsterinsights_sitenote_active":false,"_monsterinsights_sitenote_note":"","_monsterinsights_sitenote_category":0,"_uf_show_specific_survey":0,"_uf_disable_surveys":false},"product_brand":[],"product_cat":[106,147,98],"product_tag":[110,115],"class_list":{"0":"post-2042","1":"product","2":"type-product","3":"status-publish","4":"has-post-thumbnail","6":"product_cat-cp","7":"product_cat-jeux","8":"product_cat-jeux-autour-de-la-lecture","9":"product_tag-construire-le-principe-alphabetique","10":"product_tag-identifier-les-differentes-syllabes-dun-mot","12":"first","13":"instock","14":"downloadable","15":"virtual","16":"purchasable","17":"product-type-simple"},"yoast_head":"<!-- This site is optimized with the Yoast SEO plugin v27.1.1 - https:\/\/yoast.com\/product\/yoast-seo-wordpress\/ -->\n<title>M\u00e9li-m\u00e9lo des animaux (version 2020) - Lire \u00e9crire compter<\/title>\n<meta name=\"description\" content=\"Ce jeu travaille l&#039;encodage. Il s&#039;appuie sur l&#039;identification des diff\u00e9rentes syllabes d&#039;un mot.\" \/>\n<meta name=\"robots\" content=\"index, follow, max-snippet:-1, max-image-preview:large, max-video-preview:-1\" \/>\n<link rel=\"canonical\" href=\"https:\/\/lire-ecrire-compter.com\/?product=meli-melo-des-animaux\" \/>\n<meta property=\"og:locale\" content=\"fr_FR\" \/>\n<meta property=\"og:type\" content=\"article\" \/>\n<meta property=\"og:title\" content=\"M\u00e9li-m\u00e9lo des animaux (version 2020) - Lire \u00e9crire compter\" \/>\n<meta property=\"og:description\" content=\"Ce jeu travaille l&#039;encodage. Il s&#039;appuie sur l&#039;identification des diff\u00e9rentes syllabes d&#039;un mot.\" \/>\n<meta property=\"og:url\" content=\"https:\/\/lire-ecrire-compter.com\/?product=meli-melo-des-animaux\" \/>\n<meta property=\"og:site_name\" content=\"Lire \u00e9crire compter\" \/>\n<meta property=\"article:modified_time\" content=\"2022-02-04T13:08:12+00:00\" \/>\n<meta property=\"og:image\" content=\"https:\/\/lire-ecrire-compter.com\/wp-content\/uploads\/2020\/11\/meli_melo-jeu-complet-e1604688548114.jpg\" \/>\n\t<meta property=\"og:image:width\" content=\"1200\" \/>\n\t<meta property=\"og:image:height\" content=\"1200\" \/>\n\t<meta property=\"og:image:type\" content=\"image\/jpeg\" \/>\n<meta name=\"twitter:card\" content=\"summary_large_image\" \/>\n<meta name=\"twitter:label1\" content=\"Dur\u00e9e de lecture estim\u00e9e\" \/>\n\t<meta name=\"twitter:data1\" content=\"1 minute\" \/>\n<script type=\"application\/ld+json\" class=\"yoast-schema-graph\">{\"@context\":\"https:\/\/schema.org\",\"@graph\":[{\"@type\":\"WebPage\",\"@id\":\"https:\/\/lire-ecrire-compter.com\/?product=meli-melo-des-animaux\",\"url\":\"https:\/\/lire-ecrire-compter.com\/?product=meli-melo-des-animaux\",\"name\":\"M\u00e9li-m\u00e9lo des animaux (version 2020) - Lire \u00e9crire compter\",\"isPartOf\":{\"@id\":\"https:\/\/lire-ecrire-compter.com\/#website\"},\"primaryImageOfPage\":{\"@id\":\"https:\/\/lire-ecrire-compter.com\/?product=meli-melo-des-animaux#primaryimage\"},\"image\":{\"@id\":\"https:\/\/lire-ecrire-compter.com\/?product=meli-melo-des-animaux#primaryimage\"},\"thumbnailUrl\":\"https:\/\/lire-ecrire-compter.com\/wp-content\/uploads\/2020\/11\/meli_melo-jeu-complet-e1604688548114.jpg\",\"datePublished\":\"2020-03-06T09:51:16+00:00\",\"dateModified\":\"2022-02-04T13:08:12+00:00\",\"description\":\"Ce jeu travaille l'encodage. Il s'appuie sur l'identification des diff\u00e9rentes syllabes d'un mot.\",\"breadcrumb\":{\"@id\":\"https:\/\/lire-ecrire-compter.com\/?product=meli-melo-des-animaux#breadcrumb\"},\"inLanguage\":\"fr-FR\",\"potentialAction\":[{\"@type\":\"ReadAction\",\"target\":[\"https:\/\/lire-ecrire-compter.com\/?product=meli-melo-des-animaux\"]}]},{\"@type\":\"ImageObject\",\"inLanguage\":\"fr-FR\",\"@id\":\"https:\/\/lire-ecrire-compter.com\/?product=meli-melo-des-animaux#primaryimage\",\"url\":\"https:\/\/lire-ecrire-compter.com\/wp-content\/uploads\/2020\/11\/meli_melo-jeu-complet-e1604688548114.jpg\",\"contentUrl\":\"https:\/\/lire-ecrire-compter.com\/wp-content\/uploads\/2020\/11\/meli_melo-jeu-complet-e1604688548114.jpg\",\"width\":1200,\"height\":1200},{\"@type\":\"BreadcrumbList\",\"@id\":\"https:\/\/lire-ecrire-compter.com\/?product=meli-melo-des-animaux#breadcrumb\",\"itemListElement\":[{\"@type\":\"ListItem\",\"position\":1,\"name\":\"Accueil\",\"item\":\"https:\/\/lire-ecrire-compter.com\/\"},{\"@type\":\"ListItem\",\"position\":2,\"name\":\"La bo\u00eete \u00e0 jeux\",\"item\":\"https:\/\/lire-ecrire-compter.com\/?page_id=747\"},{\"@type\":\"ListItem\",\"position\":3,\"name\":\"M\u00e9li-m\u00e9lo des animaux (version 2020)\"}]},{\"@type\":\"WebSite\",\"@id\":\"https:\/\/lire-ecrire-compter.com\/#website\",\"url\":\"https:\/\/lire-ecrire-compter.com\/\",\"name\":\"Lire \u00e9crire compter\",\"description\":\"Jouer pour apprendre\",\"potentialAction\":[{\"@type\":\"SearchAction\",\"target\":{\"@type\":\"EntryPoint\",\"urlTemplate\":\"https:\/\/lire-ecrire-compter.com\/?s={search_term_string}\"},\"query-input\":{\"@type\":\"PropertyValueSpecification\",\"valueRequired\":true,\"valueName\":\"search_term_string\"}}],\"inLanguage\":\"fr-FR\"}]}<\/script>\n<!-- \/ Yoast SEO plugin. -->","yoast_head_json":{"title":"M\u00e9li-m\u00e9lo des animaux (version 2020) - Lire \u00e9crire compter","description":"Ce jeu travaille l'encodage. Il s'appuie sur l'identification des diff\u00e9rentes syllabes d'un mot.","robots":{"index":"index","follow":"follow","max-snippet":"max-snippet:-1","max-image-preview":"max-image-preview:large","max-video-preview":"max-video-preview:-1"},"canonical":"https:\/\/lire-ecrire-compter.com\/?product=meli-melo-des-animaux","og_locale":"fr_FR","og_type":"article","og_title":"M\u00e9li-m\u00e9lo des animaux (version 2020) - Lire \u00e9crire compter","og_description":"Ce jeu travaille l'encodage. Il s'appuie sur l'identification des diff\u00e9rentes syllabes d'un mot.","og_url":"https:\/\/lire-ecrire-compter.com\/?product=meli-melo-des-animaux","og_site_name":"Lire \u00e9crire compter","article_modified_time":"2022-02-04T13:08:12+00:00","og_image":[{"width":1200,"height":1200,"url":"https:\/\/lire-ecrire-compter.com\/wp-content\/uploads\/2020\/11\/meli_melo-jeu-complet-e1604688548114.jpg","type":"image\/jpeg"}],"twitter_card":"summary_large_image","twitter_misc":{"Dur\u00e9e de lecture estim\u00e9e":"1 minute"},"schema":{"@context":"https:\/\/schema.org","@graph":[{"@type":"WebPage","@id":"https:\/\/lire-ecrire-compter.com\/?product=meli-melo-des-animaux","url":"https:\/\/lire-ecrire-compter.com\/?product=meli-melo-des-animaux","name":"M\u00e9li-m\u00e9lo des animaux (version 2020) - Lire \u00e9crire compter","isPartOf":{"@id":"https:\/\/lire-ecrire-compter.com\/#website"},"primaryImageOfPage":{"@id":"https:\/\/lire-ecrire-compter.com\/?product=meli-melo-des-animaux#primaryimage"},"image":{"@id":"https:\/\/lire-ecrire-compter.com\/?product=meli-melo-des-animaux#primaryimage"},"thumbnailUrl":"https:\/\/lire-ecrire-compter.com\/wp-content\/uploads\/2020\/11\/meli_melo-jeu-complet-e1604688548114.jpg","datePublished":"2020-03-06T09:51:16+00:00","dateModified":"2022-02-04T13:08:12+00:00","description":"Ce jeu travaille l'encodage. Il s'appuie sur l'identification des diff\u00e9rentes syllabes d'un mot.","breadcrumb":{"@id":"https:\/\/lire-ecrire-compter.com\/?product=meli-melo-des-animaux#breadcrumb"},"inLanguage":"fr-FR","potentialAction":[{"@type":"ReadAction","target":["https:\/\/lire-ecrire-compter.com\/?product=meli-melo-des-animaux"]}]},{"@type":"ImageObject","inLanguage":"fr-FR","@id":"https:\/\/lire-ecrire-compter.com\/?product=meli-melo-des-animaux#primaryimage","url":"https:\/\/lire-ecrire-compter.com\/wp-content\/uploads\/2020\/11\/meli_melo-jeu-complet-e1604688548114.jpg","contentUrl":"https:\/\/lire-ecrire-compter.com\/wp-content\/uploads\/2020\/11\/meli_melo-jeu-complet-e1604688548114.jpg","width":1200,"height":1200},{"@type":"BreadcrumbList","@id":"https:\/\/lire-ecrire-compter.com\/?product=meli-melo-des-animaux#breadcrumb","itemListElement":[{"@type":"ListItem","position":1,"name":"Accueil","item":"https:\/\/lire-ecrire-compter.com\/"},{"@type":"ListItem","position":2,"name":"La bo\u00eete \u00e0 jeux","item":"https:\/\/lire-ecrire-compter.com\/?page_id=747"},{"@type":"ListItem","position":3,"name":"M\u00e9li-m\u00e9lo des animaux (version 2020)"}]},{"@type":"WebSite","@id":"https:\/\/lire-ecrire-compter.com\/#website","url":"https:\/\/lire-ecrire-compter.com\/","name":"Lire \u00e9crire compter","description":"Jouer pour apprendre","potentialAction":[{"@type":"SearchAction","target":{"@type":"EntryPoint","urlTemplate":"https:\/\/lire-ecrire-compter.com\/?s={search_term_string}"},"query-input":{"@type":"PropertyValueSpecification","valueRequired":true,"valueName":"search_term_string"}}],"inLanguage":"fr-FR"}]}},"_links":{"self":[{"href":"https:\/\/lire-ecrire-compter.com\/index.php?rest_route=\/wp\/v2\/product\/2042","targetHints":{"allow":["GET"]}}],"collection":[{"href":"https:\/\/lire-ecrire-compter.com\/index.php?rest_route=\/wp\/v2\/product"}],"about":[{"href":"https:\/\/lire-ecrire-compter.com\/index.php?rest_route=\/wp\/v2\/types\/product"}],"replies":[{"embeddable":true,"href":"https:\/\/lire-ecrire-compter.com\/index.php?rest_route=%2Fwp%2Fv2%2Fcomments&post=2042"}],"wp:featuredmedia":[{"embeddable":true,"href":"https:\/\/lire-ecrire-compter.com\/index.php?rest_route=\/wp\/v2\/media\/3073"}],"wp:attachment":[{"href":"https:\/\/lire-ecrire-compter.com\/index.php?rest_route=%2Fwp%2Fv2%2Fmedia&parent=2042"}],"wp:term":[{"taxonomy":"product_brand","embeddable":true,"href":"https:\/\/lire-ecrire-compter.com\/index.php?rest_route=%2Fwp%2Fv2%2Fproduct_brand&post=2042"},{"taxonomy":"product_cat","embeddable":true,"href":"https:\/\/lire-ecrire-compter.com\/index.php?rest_route=%2Fwp%2Fv2%2Fproduct_cat&post=2042"},{"taxonomy":"product_tag","embeddable":true,"href":"https:\/\/lire-ecrire-compter.com\/index.php?rest_route=%2Fwp%2Fv2%2Fproduct_tag&post=2042"}],"curies":[{"name":"wp","href":"https:\/\/api.w.org\/{rel}","templated":true}]}}