{"id":2040,"date":"2020-03-06T10:51:16","date_gmt":"2020-03-06T09:51:16","guid":{"rendered":"https:\/\/lire-ecrire-compter.com\/?product=import-placeholder-for-376"},"modified":"2024-07-06T10:38:49","modified_gmt":"2024-07-06T08:38:49","slug":"loto-des-syllabes-manquantes-niveau-2","status":"publish","type":"product","link":"https:\/\/lire-ecrire-compter.com\/?product=loto-des-syllabes-manquantes-niveau-2","title":{"rendered":"Loto des syllabes manquantes niveau 2"},"content":{"rendered":"<p><span style=\"color: #92d001;\"><strong>BUT DU JEU<br \/>\nRetrouver des syllabes manquantes sur des cartes-mots<\/strong>. Comme dans un jeu de loto, le premier \u00e0 avoir pu remplir toutes ses cartes a gagn\u00e9. <em>Ce niveau 2 travaille plus particuli\u00e8rement les <strong>confusions avec les lettres sym\u00e9triques<\/strong>, ainsi que les <strong>inversions de sons<\/strong>.<\/em><\/span><\/p>\n<p><span style=\"color: #ff5b72;\"><strong>COMPOSITION<\/strong><\/span><br \/>\n<span style=\"color: #ff5b72;\"><strong>Il est compos\u00e9<\/strong> de\u00a0 <strong>42 cartes-mots<\/strong> avec les <strong>42 pions <\/strong>correspondants et d&rsquo;un <strong>m\u00e9mento<\/strong> <strong>des syllabes manquantes.<\/strong><\/span><\/p>\n<p><span style=\"color: #46acbf;\"><strong>OBJECTIFS<br \/>\n<\/strong>Apprendre \u00e0 <strong>d\u00e9composer un mot en syllabes<\/strong>, \u00e0<strong> identifier une syllabe manquante <\/strong>en comprenant que l&rsquo;ordre des sons est le m\u00eame \u00e0 l&rsquo;oral qu&rsquo;\u00e0 l&rsquo;\u00e9crit. <strong>D\u00e9chiffrer des syllabes. Opposer et discriminer des syllabes inverses. Rep\u00e9rer des oppositions graphiques ou phoniques<\/strong>.<\/span><\/p>\n","protected":false},"excerpt":{"rendered":"<p>BUT DU JEU Retrouver des syllabes manquantes sur des cartes-mots. Comme dans un jeu de loto, le premier \u00e0 avoir pu remplir toutes ses cartes a gagn\u00e9. Ce niveau 2 travaille plus particuli\u00e8rement les confusions avec les lettres sym\u00e9triques, ainsi que les inversions de sons&#8230;.<\/p>\n","protected":false},"featured_media":2062,"comment_status":"open","ping_status":"closed","template":"","meta":{"give_campaign_id":0,"om_disable_all_campaigns":false,"_monsterinsights_skip_tracking":false,"_monsterinsights_sitenote_active":false,"_monsterinsights_sitenote_note":"","_monsterinsights_sitenote_category":0,"_uf_show_specific_survey":0,"_uf_disable_surveys":false},"product_brand":[],"product_cat":[116,106,147,98],"product_tag":[114,110,111,115],"class_list":{"0":"post-2040","1":"product","2":"type-product","3":"status-publish","4":"has-post-thumbnail","6":"product_cat-ce1","7":"product_cat-cp","8":"product_cat-jeux","9":"product_cat-jeux-autour-de-la-lecture","10":"product_tag-comprendre-les-relations-entre-loral-et-lecrit","11":"product_tag-construire-le-principe-alphabetique","12":"product_tag-encoder-et-decoder-des-syllabes-ou-des-mots","13":"product_tag-identifier-les-differentes-syllabes-dun-mot","15":"first","16":"instock","17":"downloadable","18":"virtual","19":"purchasable","20":"product-type-simple"},"yoast_head":"<!-- This site is optimized with the Yoast SEO plugin v27.1.1 - https:\/\/yoast.com\/product\/yoast-seo-wordpress\/ -->\n<title>Loto des syllabes manquantes niveau 2 - Lire \u00e9crire compter<\/title>\n<meta name=\"description\" content=\"Ce jeu de phonologie aide \u00e0 apprendre \u00e0 d\u00e9composer un mot en syllabes, \u00e0 identifier une syllabe manquante en comprenant que l&#039;ordre des sons est le m\u00eame \u00e0 l&#039;oral qu&#039;\u00e0 l&#039;\u00e9crit. D\u00e9chiffrer des syllabes. Ce niveau 2 travaille plus particuli\u00e8rement les confusions avec les lettres sym\u00e9triques, ainsi que les inversions de sons.\" \/>\n<meta name=\"robots\" content=\"index, follow, max-snippet:-1, max-image-preview:large, max-video-preview:-1\" \/>\n<link rel=\"canonical\" href=\"https:\/\/lire-ecrire-compter.com\/?product=loto-des-syllabes-manquantes-niveau-2\" \/>\n<meta property=\"og:locale\" content=\"fr_FR\" \/>\n<meta property=\"og:type\" content=\"article\" \/>\n<meta property=\"og:title\" content=\"Loto des syllabes manquantes niveau 2 - Lire \u00e9crire compter\" \/>\n<meta property=\"og:description\" content=\"Ce jeu de phonologie aide \u00e0 apprendre \u00e0 d\u00e9composer un mot en syllabes, \u00e0 identifier une syllabe manquante en comprenant que l&#039;ordre des sons est le m\u00eame \u00e0 l&#039;oral qu&#039;\u00e0 l&#039;\u00e9crit. D\u00e9chiffrer des syllabes. Ce niveau 2 travaille plus particuli\u00e8rement les confusions avec les lettres sym\u00e9triques, ainsi que les inversions de sons.\" \/>\n<meta property=\"og:url\" content=\"https:\/\/lire-ecrire-compter.com\/?product=loto-des-syllabes-manquantes-niveau-2\" \/>\n<meta property=\"og:site_name\" content=\"Lire \u00e9crire compter\" \/>\n<meta property=\"article:modified_time\" content=\"2024-07-06T08:38:49+00:00\" \/>\n<meta property=\"og:image\" content=\"https:\/\/lire-ecrire-compter.com\/wp-content\/uploads\/2020\/03\/associations_-syllabes-inverses-et-oppositions-e1581588168583.jpg\" \/>\n\t<meta property=\"og:image:width\" content=\"1200\" \/>\n\t<meta property=\"og:image:height\" content=\"1200\" \/>\n\t<meta property=\"og:image:type\" content=\"image\/jpeg\" \/>\n<meta name=\"twitter:card\" content=\"summary_large_image\" \/>\n<meta name=\"twitter:label1\" content=\"Dur\u00e9e de lecture estim\u00e9e\" \/>\n\t<meta name=\"twitter:data1\" content=\"1 minute\" \/>\n<script type=\"application\/ld+json\" class=\"yoast-schema-graph\">{\"@context\":\"https:\/\/schema.org\",\"@graph\":[{\"@type\":\"WebPage\",\"@id\":\"https:\/\/lire-ecrire-compter.com\/?product=loto-des-syllabes-manquantes-niveau-2\",\"url\":\"https:\/\/lire-ecrire-compter.com\/?product=loto-des-syllabes-manquantes-niveau-2\",\"name\":\"Loto des syllabes manquantes niveau 2 - Lire \u00e9crire compter\",\"isPartOf\":{\"@id\":\"https:\/\/lire-ecrire-compter.com\/#website\"},\"primaryImageOfPage\":{\"@id\":\"https:\/\/lire-ecrire-compter.com\/?product=loto-des-syllabes-manquantes-niveau-2#primaryimage\"},\"image\":{\"@id\":\"https:\/\/lire-ecrire-compter.com\/?product=loto-des-syllabes-manquantes-niveau-2#primaryimage\"},\"thumbnailUrl\":\"https:\/\/lire-ecrire-compter.com\/wp-content\/uploads\/2020\/03\/associations_-syllabes-inverses-et-oppositions-e1581588168583.jpg\",\"datePublished\":\"2020-03-06T09:51:16+00:00\",\"dateModified\":\"2024-07-06T08:38:49+00:00\",\"description\":\"Ce jeu de phonologie aide \u00e0 apprendre \u00e0 d\u00e9composer un mot en syllabes, \u00e0 identifier une syllabe manquante en comprenant que l'ordre des sons est le m\u00eame \u00e0 l'oral qu'\u00e0 l'\u00e9crit. D\u00e9chiffrer des syllabes. Ce niveau 2 travaille plus particuli\u00e8rement les confusions avec les lettres sym\u00e9triques, ainsi que les inversions de sons.\",\"breadcrumb\":{\"@id\":\"https:\/\/lire-ecrire-compter.com\/?product=loto-des-syllabes-manquantes-niveau-2#breadcrumb\"},\"inLanguage\":\"fr-FR\",\"potentialAction\":[{\"@type\":\"ReadAction\",\"target\":[\"https:\/\/lire-ecrire-compter.com\/?product=loto-des-syllabes-manquantes-niveau-2\"]}]},{\"@type\":\"ImageObject\",\"inLanguage\":\"fr-FR\",\"@id\":\"https:\/\/lire-ecrire-compter.com\/?product=loto-des-syllabes-manquantes-niveau-2#primaryimage\",\"url\":\"https:\/\/lire-ecrire-compter.com\/wp-content\/uploads\/2020\/03\/associations_-syllabes-inverses-et-oppositions-e1581588168583.jpg\",\"contentUrl\":\"https:\/\/lire-ecrire-compter.com\/wp-content\/uploads\/2020\/03\/associations_-syllabes-inverses-et-oppositions-e1581588168583.jpg\",\"width\":1200,\"height\":1200},{\"@type\":\"BreadcrumbList\",\"@id\":\"https:\/\/lire-ecrire-compter.com\/?product=loto-des-syllabes-manquantes-niveau-2#breadcrumb\",\"itemListElement\":[{\"@type\":\"ListItem\",\"position\":1,\"name\":\"Accueil\",\"item\":\"https:\/\/lire-ecrire-compter.com\/\"},{\"@type\":\"ListItem\",\"position\":2,\"name\":\"La bo\u00eete \u00e0 jeux\",\"item\":\"https:\/\/lire-ecrire-compter.com\/?page_id=747\"},{\"@type\":\"ListItem\",\"position\":3,\"name\":\"Loto des syllabes manquantes niveau 2\"}]},{\"@type\":\"WebSite\",\"@id\":\"https:\/\/lire-ecrire-compter.com\/#website\",\"url\":\"https:\/\/lire-ecrire-compter.com\/\",\"name\":\"Lire \u00e9crire compter\",\"description\":\"Jouer pour apprendre\",\"potentialAction\":[{\"@type\":\"SearchAction\",\"target\":{\"@type\":\"EntryPoint\",\"urlTemplate\":\"https:\/\/lire-ecrire-compter.com\/?s={search_term_string}\"},\"query-input\":{\"@type\":\"PropertyValueSpecification\",\"valueRequired\":true,\"valueName\":\"search_term_string\"}}],\"inLanguage\":\"fr-FR\"}]}<\/script>\n<!-- \/ Yoast SEO plugin. -->","yoast_head_json":{"title":"Loto des syllabes manquantes niveau 2 - Lire \u00e9crire compter","description":"Ce jeu de phonologie aide \u00e0 apprendre \u00e0 d\u00e9composer un mot en syllabes, \u00e0 identifier une syllabe manquante en comprenant que l'ordre des sons est le m\u00eame \u00e0 l'oral qu'\u00e0 l'\u00e9crit. D\u00e9chiffrer des syllabes. Ce niveau 2 travaille plus particuli\u00e8rement les confusions avec les lettres sym\u00e9triques, ainsi que les inversions de sons.","robots":{"index":"index","follow":"follow","max-snippet":"max-snippet:-1","max-image-preview":"max-image-preview:large","max-video-preview":"max-video-preview:-1"},"canonical":"https:\/\/lire-ecrire-compter.com\/?product=loto-des-syllabes-manquantes-niveau-2","og_locale":"fr_FR","og_type":"article","og_title":"Loto des syllabes manquantes niveau 2 - Lire \u00e9crire compter","og_description":"Ce jeu de phonologie aide \u00e0 apprendre \u00e0 d\u00e9composer un mot en syllabes, \u00e0 identifier une syllabe manquante en comprenant que l'ordre des sons est le m\u00eame \u00e0 l'oral qu'\u00e0 l'\u00e9crit. D\u00e9chiffrer des syllabes. Ce niveau 2 travaille plus particuli\u00e8rement les confusions avec les lettres sym\u00e9triques, ainsi que les inversions de sons.","og_url":"https:\/\/lire-ecrire-compter.com\/?product=loto-des-syllabes-manquantes-niveau-2","og_site_name":"Lire \u00e9crire compter","article_modified_time":"2024-07-06T08:38:49+00:00","og_image":[{"width":1200,"height":1200,"url":"https:\/\/lire-ecrire-compter.com\/wp-content\/uploads\/2020\/03\/associations_-syllabes-inverses-et-oppositions-e1581588168583.jpg","type":"image\/jpeg"}],"twitter_card":"summary_large_image","twitter_misc":{"Dur\u00e9e de lecture estim\u00e9e":"1 minute"},"schema":{"@context":"https:\/\/schema.org","@graph":[{"@type":"WebPage","@id":"https:\/\/lire-ecrire-compter.com\/?product=loto-des-syllabes-manquantes-niveau-2","url":"https:\/\/lire-ecrire-compter.com\/?product=loto-des-syllabes-manquantes-niveau-2","name":"Loto des syllabes manquantes niveau 2 - Lire \u00e9crire compter","isPartOf":{"@id":"https:\/\/lire-ecrire-compter.com\/#website"},"primaryImageOfPage":{"@id":"https:\/\/lire-ecrire-compter.com\/?product=loto-des-syllabes-manquantes-niveau-2#primaryimage"},"image":{"@id":"https:\/\/lire-ecrire-compter.com\/?product=loto-des-syllabes-manquantes-niveau-2#primaryimage"},"thumbnailUrl":"https:\/\/lire-ecrire-compter.com\/wp-content\/uploads\/2020\/03\/associations_-syllabes-inverses-et-oppositions-e1581588168583.jpg","datePublished":"2020-03-06T09:51:16+00:00","dateModified":"2024-07-06T08:38:49+00:00","description":"Ce jeu de phonologie aide \u00e0 apprendre \u00e0 d\u00e9composer un mot en syllabes, \u00e0 identifier une syllabe manquante en comprenant que l'ordre des sons est le m\u00eame \u00e0 l'oral qu'\u00e0 l'\u00e9crit. D\u00e9chiffrer des syllabes. Ce niveau 2 travaille plus particuli\u00e8rement les confusions avec les lettres sym\u00e9triques, ainsi que les inversions de sons.","breadcrumb":{"@id":"https:\/\/lire-ecrire-compter.com\/?product=loto-des-syllabes-manquantes-niveau-2#breadcrumb"},"inLanguage":"fr-FR","potentialAction":[{"@type":"ReadAction","target":["https:\/\/lire-ecrire-compter.com\/?product=loto-des-syllabes-manquantes-niveau-2"]}]},{"@type":"ImageObject","inLanguage":"fr-FR","@id":"https:\/\/lire-ecrire-compter.com\/?product=loto-des-syllabes-manquantes-niveau-2#primaryimage","url":"https:\/\/lire-ecrire-compter.com\/wp-content\/uploads\/2020\/03\/associations_-syllabes-inverses-et-oppositions-e1581588168583.jpg","contentUrl":"https:\/\/lire-ecrire-compter.com\/wp-content\/uploads\/2020\/03\/associations_-syllabes-inverses-et-oppositions-e1581588168583.jpg","width":1200,"height":1200},{"@type":"BreadcrumbList","@id":"https:\/\/lire-ecrire-compter.com\/?product=loto-des-syllabes-manquantes-niveau-2#breadcrumb","itemListElement":[{"@type":"ListItem","position":1,"name":"Accueil","item":"https:\/\/lire-ecrire-compter.com\/"},{"@type":"ListItem","position":2,"name":"La bo\u00eete \u00e0 jeux","item":"https:\/\/lire-ecrire-compter.com\/?page_id=747"},{"@type":"ListItem","position":3,"name":"Loto des syllabes manquantes niveau 2"}]},{"@type":"WebSite","@id":"https:\/\/lire-ecrire-compter.com\/#website","url":"https:\/\/lire-ecrire-compter.com\/","name":"Lire \u00e9crire compter","description":"Jouer pour apprendre","potentialAction":[{"@type":"SearchAction","target":{"@type":"EntryPoint","urlTemplate":"https:\/\/lire-ecrire-compter.com\/?s={search_term_string}"},"query-input":{"@type":"PropertyValueSpecification","valueRequired":true,"valueName":"search_term_string"}}],"inLanguage":"fr-FR"}]}},"_links":{"self":[{"href":"https:\/\/lire-ecrire-compter.com\/index.php?rest_route=\/wp\/v2\/product\/2040","targetHints":{"allow":["GET"]}}],"collection":[{"href":"https:\/\/lire-ecrire-compter.com\/index.php?rest_route=\/wp\/v2\/product"}],"about":[{"href":"https:\/\/lire-ecrire-compter.com\/index.php?rest_route=\/wp\/v2\/types\/product"}],"replies":[{"embeddable":true,"href":"https:\/\/lire-ecrire-compter.com\/index.php?rest_route=%2Fwp%2Fv2%2Fcomments&post=2040"}],"wp:featuredmedia":[{"embeddable":true,"href":"https:\/\/lire-ecrire-compter.com\/index.php?rest_route=\/wp\/v2\/media\/2062"}],"wp:attachment":[{"href":"https:\/\/lire-ecrire-compter.com\/index.php?rest_route=%2Fwp%2Fv2%2Fmedia&parent=2040"}],"wp:term":[{"taxonomy":"product_brand","embeddable":true,"href":"https:\/\/lire-ecrire-compter.com\/index.php?rest_route=%2Fwp%2Fv2%2Fproduct_brand&post=2040"},{"taxonomy":"product_cat","embeddable":true,"href":"https:\/\/lire-ecrire-compter.com\/index.php?rest_route=%2Fwp%2Fv2%2Fproduct_cat&post=2040"},{"taxonomy":"product_tag","embeddable":true,"href":"https:\/\/lire-ecrire-compter.com\/index.php?rest_route=%2Fwp%2Fv2%2Fproduct_tag&post=2040"}],"curies":[{"name":"wp","href":"https:\/\/api.w.org\/{rel}","templated":true}]}}