{"id":2039,"date":"2020-03-06T10:51:16","date_gmt":"2020-03-06T09:51:16","guid":{"rendered":"https:\/\/lire-ecrire-compter.com\/?product=import-placeholder-for-371"},"modified":"2022-11-07T21:38:28","modified_gmt":"2022-11-07T20:38:28","slug":"les-trois-petits-cochons","status":"publish","type":"product","link":"https:\/\/lire-ecrire-compter.com\/?product=les-trois-petits-cochons","title":{"rendered":"Les trois petits cochons"},"content":{"rendered":"<p><span style=\"color: #92d001;\"><strong>BUT DU JEU :<\/strong><\/span><br \/>\n<span style=\"color: #92d001;\">Il s&rsquo;agit d&rsquo;<strong>\u00eatre le premier \u00e0 avoir 100 briques<\/strong> <strong>pour construire un mur autour de la maison des trois petits cochons<\/strong>. Attention ! Le loup r\u00f4de, souffle sur le mur et fait parfois tomber des briques.<\/span><\/p>\n<p><span style=\"color: #ff5b90;\"><strong>COMPOSITION :<\/strong><\/span><br \/>\n<span style=\"color: #ff5b90;\">Il est compos\u00e9 d<strong>&lsquo;un plateau de jeu<\/strong> , d&rsquo;<strong>une carte des consignes<\/strong> (avec le code des couleurs), de <strong>4 pions-cochons<\/strong>, d&rsquo;<strong>un d\u00e9<\/strong>, d&rsquo;<strong>un mur \u00e0 reconstituer<\/strong>, de <strong>10 plaques de 10 briques<\/strong> et de <strong>40 briques<\/strong>.<\/span><\/p>\n<p><span style=\"color: #46acbf;\"><strong>OBJECTIFS :<\/strong><\/span><br \/>\n<span style=\"color: #46acbf;\">Ce jeu aide \u00e0 la<strong> compr\u00e9hension du syst\u00e8me num\u00e9rique<\/strong>. Il travaille sur<strong> la dizaine<\/strong> et place l&rsquo;enfant dans des <strong>situations de groupements puis d&rsquo;\u00e9changes<\/strong> (avec la quantit\u00e9 toujours visible). Il introduit \u00e0 la <strong>compr\u00e9hension de l&rsquo;addition et de la soustraction avec retenue<\/strong>.<\/span><\/p>\n","protected":false},"excerpt":{"rendered":"<p>BUT DU JEU : Il s&rsquo;agit d&rsquo;\u00eatre le premier \u00e0 avoir 100 briques pour construire un mur autour de la maison des trois petits cochons. Attention ! Le loup r\u00f4de, souffle sur le mur et fait parfois tomber des briques. COMPOSITION : Il est compos\u00e9&#8230;<\/p>\n","protected":false},"featured_media":2780,"comment_status":"open","ping_status":"closed","template":"","meta":{"give_campaign_id":0,"om_disable_all_campaigns":false,"_monsterinsights_skip_tracking":false,"_monsterinsights_sitenote_active":false,"_monsterinsights_sitenote_note":"","_monsterinsights_sitenote_category":0,"_uf_show_specific_survey":0,"_uf_disable_surveys":false},"product_brand":[],"product_cat":[156,155,147,100],"product_tag":[84,118,87,45,88,109],"class_list":{"0":"post-2039","1":"product","2":"type-product","3":"status-publish","4":"has-post-thumbnail","6":"product_cat-a-partir-du-ce1","7":"product_cat-a-partir-du-cp","8":"product_cat-jeux","9":"product_cat-jeux-autour-des-mathematiques","10":"product_tag-calculer-une-somme-ou-une-difference","11":"product_tag-comparer-des-nombres","12":"product_tag-comprendre-le-systeme-numerique","13":"product_tag-compter","14":"product_tag-conceptualiser-la-dizaine","15":"product_tag-identifier-la-place-dun-nombre-dans-une-chaine-numerique","17":"first","18":"instock","19":"downloadable","20":"virtual","21":"purchasable","22":"product-type-simple"},"yoast_head":"<!-- This site is optimized with the Yoast SEO plugin v27.1.1 - https:\/\/yoast.com\/product\/yoast-seo-wordpress\/ -->\n<title>Les trois petits cochons - Lire \u00e9crire compter<\/title>\n<meta name=\"description\" content=\"Ce jeu aide \u00e0 la compr\u00e9hension du syst\u00e8me num\u00e9rique. Il travaille sur la dizaine et place l&#039;enfant dans des situations de groupements puis d&#039;\u00e9changes (avec la quantit\u00e9 toujours visible). Il introduit \u00e0 la compr\u00e9hension de l&#039;addition et de la soustraction avec retenue.\" \/>\n<meta name=\"robots\" content=\"index, follow, max-snippet:-1, max-image-preview:large, max-video-preview:-1\" \/>\n<link rel=\"canonical\" href=\"https:\/\/lire-ecrire-compter.com\/?product=les-trois-petits-cochons\" \/>\n<meta property=\"og:locale\" content=\"fr_FR\" \/>\n<meta property=\"og:type\" content=\"article\" \/>\n<meta property=\"og:title\" content=\"Les trois petits cochons - Lire \u00e9crire compter\" \/>\n<meta property=\"og:description\" content=\"Ce jeu aide \u00e0 la compr\u00e9hension du syst\u00e8me num\u00e9rique. Il travaille sur la dizaine et place l&#039;enfant dans des situations de groupements puis d&#039;\u00e9changes (avec la quantit\u00e9 toujours visible). Il introduit \u00e0 la compr\u00e9hension de l&#039;addition et de la soustraction avec retenue.\" \/>\n<meta property=\"og:url\" content=\"https:\/\/lire-ecrire-compter.com\/?product=les-trois-petits-cochons\" \/>\n<meta property=\"og:site_name\" content=\"Lire \u00e9crire compter\" \/>\n<meta property=\"article:modified_time\" content=\"2022-11-07T20:38:28+00:00\" \/>\n<meta property=\"og:image\" content=\"https:\/\/lire-ecrire-compter.com\/wp-content\/uploads\/2020\/03\/plateau-jeu1-e1574101399438.jpg\" \/>\n\t<meta property=\"og:image:width\" content=\"1400\" \/>\n\t<meta property=\"og:image:height\" content=\"1113\" \/>\n\t<meta property=\"og:image:type\" content=\"image\/jpeg\" \/>\n<meta name=\"twitter:card\" content=\"summary_large_image\" \/>\n<meta name=\"twitter:label1\" content=\"Dur\u00e9e de lecture estim\u00e9e\" \/>\n\t<meta name=\"twitter:data1\" content=\"1 minute\" \/>\n<script type=\"application\/ld+json\" class=\"yoast-schema-graph\">{\"@context\":\"https:\/\/schema.org\",\"@graph\":[{\"@type\":\"WebPage\",\"@id\":\"https:\/\/lire-ecrire-compter.com\/?product=les-trois-petits-cochons\",\"url\":\"https:\/\/lire-ecrire-compter.com\/?product=les-trois-petits-cochons\",\"name\":\"Les trois petits cochons - Lire \u00e9crire compter\",\"isPartOf\":{\"@id\":\"https:\/\/lire-ecrire-compter.com\/#website\"},\"primaryImageOfPage\":{\"@id\":\"https:\/\/lire-ecrire-compter.com\/?product=les-trois-petits-cochons#primaryimage\"},\"image\":{\"@id\":\"https:\/\/lire-ecrire-compter.com\/?product=les-trois-petits-cochons#primaryimage\"},\"thumbnailUrl\":\"https:\/\/lire-ecrire-compter.com\/wp-content\/uploads\/2020\/03\/plateau-jeu1-e1574101399438.jpg\",\"datePublished\":\"2020-03-06T09:51:16+00:00\",\"dateModified\":\"2022-11-07T20:38:28+00:00\",\"description\":\"Ce jeu aide \u00e0 la compr\u00e9hension du syst\u00e8me num\u00e9rique. Il travaille sur la dizaine et place l'enfant dans des situations de groupements puis d'\u00e9changes (avec la quantit\u00e9 toujours visible). Il introduit \u00e0 la compr\u00e9hension de l'addition et de la soustraction avec retenue.\",\"breadcrumb\":{\"@id\":\"https:\/\/lire-ecrire-compter.com\/?product=les-trois-petits-cochons#breadcrumb\"},\"inLanguage\":\"fr-FR\",\"potentialAction\":[{\"@type\":\"ReadAction\",\"target\":[\"https:\/\/lire-ecrire-compter.com\/?product=les-trois-petits-cochons\"]}]},{\"@type\":\"ImageObject\",\"inLanguage\":\"fr-FR\",\"@id\":\"https:\/\/lire-ecrire-compter.com\/?product=les-trois-petits-cochons#primaryimage\",\"url\":\"https:\/\/lire-ecrire-compter.com\/wp-content\/uploads\/2020\/03\/plateau-jeu1-e1574101399438.jpg\",\"contentUrl\":\"https:\/\/lire-ecrire-compter.com\/wp-content\/uploads\/2020\/03\/plateau-jeu1-e1574101399438.jpg\",\"width\":1400,\"height\":1113},{\"@type\":\"BreadcrumbList\",\"@id\":\"https:\/\/lire-ecrire-compter.com\/?product=les-trois-petits-cochons#breadcrumb\",\"itemListElement\":[{\"@type\":\"ListItem\",\"position\":1,\"name\":\"Accueil\",\"item\":\"https:\/\/lire-ecrire-compter.com\/\"},{\"@type\":\"ListItem\",\"position\":2,\"name\":\"La bo\u00eete \u00e0 jeux\",\"item\":\"https:\/\/lire-ecrire-compter.com\/?page_id=747\"},{\"@type\":\"ListItem\",\"position\":3,\"name\":\"Les trois petits cochons\"}]},{\"@type\":\"WebSite\",\"@id\":\"https:\/\/lire-ecrire-compter.com\/#website\",\"url\":\"https:\/\/lire-ecrire-compter.com\/\",\"name\":\"Lire \u00e9crire compter\",\"description\":\"Jouer pour apprendre\",\"potentialAction\":[{\"@type\":\"SearchAction\",\"target\":{\"@type\":\"EntryPoint\",\"urlTemplate\":\"https:\/\/lire-ecrire-compter.com\/?s={search_term_string}\"},\"query-input\":{\"@type\":\"PropertyValueSpecification\",\"valueRequired\":true,\"valueName\":\"search_term_string\"}}],\"inLanguage\":\"fr-FR\"}]}<\/script>\n<!-- \/ Yoast SEO plugin. -->","yoast_head_json":{"title":"Les trois petits cochons - Lire \u00e9crire compter","description":"Ce jeu aide \u00e0 la compr\u00e9hension du syst\u00e8me num\u00e9rique. Il travaille sur la dizaine et place l'enfant dans des situations de groupements puis d'\u00e9changes (avec la quantit\u00e9 toujours visible). Il introduit \u00e0 la compr\u00e9hension de l'addition et de la soustraction avec retenue.","robots":{"index":"index","follow":"follow","max-snippet":"max-snippet:-1","max-image-preview":"max-image-preview:large","max-video-preview":"max-video-preview:-1"},"canonical":"https:\/\/lire-ecrire-compter.com\/?product=les-trois-petits-cochons","og_locale":"fr_FR","og_type":"article","og_title":"Les trois petits cochons - Lire \u00e9crire compter","og_description":"Ce jeu aide \u00e0 la compr\u00e9hension du syst\u00e8me num\u00e9rique. Il travaille sur la dizaine et place l'enfant dans des situations de groupements puis d'\u00e9changes (avec la quantit\u00e9 toujours visible). Il introduit \u00e0 la compr\u00e9hension de l'addition et de la soustraction avec retenue.","og_url":"https:\/\/lire-ecrire-compter.com\/?product=les-trois-petits-cochons","og_site_name":"Lire \u00e9crire compter","article_modified_time":"2022-11-07T20:38:28+00:00","og_image":[{"width":1400,"height":1113,"url":"https:\/\/lire-ecrire-compter.com\/wp-content\/uploads\/2020\/03\/plateau-jeu1-e1574101399438.jpg","type":"image\/jpeg"}],"twitter_card":"summary_large_image","twitter_misc":{"Dur\u00e9e de lecture estim\u00e9e":"1 minute"},"schema":{"@context":"https:\/\/schema.org","@graph":[{"@type":"WebPage","@id":"https:\/\/lire-ecrire-compter.com\/?product=les-trois-petits-cochons","url":"https:\/\/lire-ecrire-compter.com\/?product=les-trois-petits-cochons","name":"Les trois petits cochons - Lire \u00e9crire compter","isPartOf":{"@id":"https:\/\/lire-ecrire-compter.com\/#website"},"primaryImageOfPage":{"@id":"https:\/\/lire-ecrire-compter.com\/?product=les-trois-petits-cochons#primaryimage"},"image":{"@id":"https:\/\/lire-ecrire-compter.com\/?product=les-trois-petits-cochons#primaryimage"},"thumbnailUrl":"https:\/\/lire-ecrire-compter.com\/wp-content\/uploads\/2020\/03\/plateau-jeu1-e1574101399438.jpg","datePublished":"2020-03-06T09:51:16+00:00","dateModified":"2022-11-07T20:38:28+00:00","description":"Ce jeu aide \u00e0 la compr\u00e9hension du syst\u00e8me num\u00e9rique. Il travaille sur la dizaine et place l'enfant dans des situations de groupements puis d'\u00e9changes (avec la quantit\u00e9 toujours visible). Il introduit \u00e0 la compr\u00e9hension de l'addition et de la soustraction avec retenue.","breadcrumb":{"@id":"https:\/\/lire-ecrire-compter.com\/?product=les-trois-petits-cochons#breadcrumb"},"inLanguage":"fr-FR","potentialAction":[{"@type":"ReadAction","target":["https:\/\/lire-ecrire-compter.com\/?product=les-trois-petits-cochons"]}]},{"@type":"ImageObject","inLanguage":"fr-FR","@id":"https:\/\/lire-ecrire-compter.com\/?product=les-trois-petits-cochons#primaryimage","url":"https:\/\/lire-ecrire-compter.com\/wp-content\/uploads\/2020\/03\/plateau-jeu1-e1574101399438.jpg","contentUrl":"https:\/\/lire-ecrire-compter.com\/wp-content\/uploads\/2020\/03\/plateau-jeu1-e1574101399438.jpg","width":1400,"height":1113},{"@type":"BreadcrumbList","@id":"https:\/\/lire-ecrire-compter.com\/?product=les-trois-petits-cochons#breadcrumb","itemListElement":[{"@type":"ListItem","position":1,"name":"Accueil","item":"https:\/\/lire-ecrire-compter.com\/"},{"@type":"ListItem","position":2,"name":"La bo\u00eete \u00e0 jeux","item":"https:\/\/lire-ecrire-compter.com\/?page_id=747"},{"@type":"ListItem","position":3,"name":"Les trois petits cochons"}]},{"@type":"WebSite","@id":"https:\/\/lire-ecrire-compter.com\/#website","url":"https:\/\/lire-ecrire-compter.com\/","name":"Lire \u00e9crire compter","description":"Jouer pour apprendre","potentialAction":[{"@type":"SearchAction","target":{"@type":"EntryPoint","urlTemplate":"https:\/\/lire-ecrire-compter.com\/?s={search_term_string}"},"query-input":{"@type":"PropertyValueSpecification","valueRequired":true,"valueName":"search_term_string"}}],"inLanguage":"fr-FR"}]}},"_links":{"self":[{"href":"https:\/\/lire-ecrire-compter.com\/index.php?rest_route=\/wp\/v2\/product\/2039","targetHints":{"allow":["GET"]}}],"collection":[{"href":"https:\/\/lire-ecrire-compter.com\/index.php?rest_route=\/wp\/v2\/product"}],"about":[{"href":"https:\/\/lire-ecrire-compter.com\/index.php?rest_route=\/wp\/v2\/types\/product"}],"replies":[{"embeddable":true,"href":"https:\/\/lire-ecrire-compter.com\/index.php?rest_route=%2Fwp%2Fv2%2Fcomments&post=2039"}],"wp:featuredmedia":[{"embeddable":true,"href":"https:\/\/lire-ecrire-compter.com\/index.php?rest_route=\/wp\/v2\/media\/2780"}],"wp:attachment":[{"href":"https:\/\/lire-ecrire-compter.com\/index.php?rest_route=%2Fwp%2Fv2%2Fmedia&parent=2039"}],"wp:term":[{"taxonomy":"product_brand","embeddable":true,"href":"https:\/\/lire-ecrire-compter.com\/index.php?rest_route=%2Fwp%2Fv2%2Fproduct_brand&post=2039"},{"taxonomy":"product_cat","embeddable":true,"href":"https:\/\/lire-ecrire-compter.com\/index.php?rest_route=%2Fwp%2Fv2%2Fproduct_cat&post=2039"},{"taxonomy":"product_tag","embeddable":true,"href":"https:\/\/lire-ecrire-compter.com\/index.php?rest_route=%2Fwp%2Fv2%2Fproduct_tag&post=2039"}],"curies":[{"name":"wp","href":"https:\/\/api.w.org\/{rel}","templated":true}]}}