{"id":2037,"date":"2020-03-06T10:51:16","date_gmt":"2020-03-06T09:51:16","guid":{"rendered":"https:\/\/lire-ecrire-compter.com\/?product=import-placeholder-for-311"},"modified":"2022-02-04T13:55:50","modified_gmt":"2022-02-04T12:55:50","slug":"mistigris-des-nombres-particuliers","status":"publish","type":"product","link":"https:\/\/lire-ecrire-compter.com\/?product=mistigris-des-nombres-particuliers","title":{"rendered":"Mistigris des nombres particuliers"},"content":{"rendered":"<p style=\"padding-left: 40px;\"><span style=\"color: #92d001;\"><strong>BUT DU JEU :<\/strong><\/span><br \/>\n<span style=\"color: #92d001;\">I<\/span><span style=\"color: #92d001;\">l faut <strong>se d\u00e9barrasser de toutes ses cartes en formant des paires de nombres identiques. <\/strong>Attention \u00e0 la carte du\u00a0 Mistigris : elle ne poss\u00e8de pas de paire. Le dernier \u00e0 la d\u00e9tenir aura perdu..<\/span><\/p>\n<p style=\"padding-left: 40px;\"><span style=\"color: #ff5b72;\"><strong>COMPOSITION :<\/strong><\/span><br \/>\n<span style=\"color: #ff5b72;\">Le jeu se compose d&rsquo;<strong>une carte \u00ab\u00a0Mistigris\u00a0\u00bb<\/strong> et de <strong>2 s\u00e9ries de 26 cartes.<\/strong> <strong>Une s\u00e9rie contient les nombres \u00e9crits en chiffres. La deuxi\u00e8me avec\u00a0 les m\u00eames nombres \u00e9crits en lettres<\/strong>. Tous les nombres sont compris <strong>entre 60 et 99<\/strong>.<\/span><\/p>\n<p style=\"padding-left: 40px;\"><span style=\"color: #46acbf;\"><strong>OBJECTIFS :<br \/>\n<\/strong>Ce jeu aide les enfants \u00e0<strong> m\u00e9moriser l&rsquo;\u00e9criture des nombres particuliers<\/strong> (<strong>70, 80, 90<\/strong>)<\/span><\/p>\n<p>&nbsp;<\/p>\n<p>&nbsp;<\/p>\n","protected":false},"excerpt":{"rendered":"<p>BUT DU JEU : Il faut se d\u00e9barrasser de toutes ses cartes en formant des paires de nombres identiques. Attention \u00e0 la carte du\u00a0 Mistigris : elle ne poss\u00e8de pas de paire. Le dernier \u00e0 la d\u00e9tenir aura perdu.. COMPOSITION : Le jeu se compose&#8230;<\/p>\n","protected":false},"featured_media":810,"comment_status":"open","ping_status":"closed","template":"","meta":{"give_campaign_id":0,"om_disable_all_campaigns":false,"_monsterinsights_skip_tracking":false,"_monsterinsights_sitenote_active":false,"_monsterinsights_sitenote_note":"","_monsterinsights_sitenote_category":0,"_uf_show_specific_survey":0,"_uf_disable_surveys":false},"product_brand":[],"product_cat":[156,155,147,100],"product_tag":[117],"class_list":{"0":"post-2037","1":"product","2":"type-product","3":"status-publish","4":"has-post-thumbnail","6":"product_cat-a-partir-du-ce1","7":"product_cat-a-partir-du-cp","8":"product_cat-jeux","9":"product_cat-jeux-autour-des-mathematiques","10":"product_tag-lire-et-ecrire-les-nombres-en-chiffres-ou-en-lettres","12":"first","13":"instock","14":"downloadable","15":"virtual","16":"purchasable","17":"product-type-simple"},"yoast_head":"<!-- This site is optimized with the Yoast SEO plugin v27.1.1 - https:\/\/yoast.com\/product\/yoast-seo-wordpress\/ -->\n<title>Mistigris des nombres particuliers - Lire \u00e9crire compter<\/title>\n<meta name=\"description\" content=\"Ce jeu autour des math\u00e9matiques aide les enfants \u00e0 m\u00e9moriser l&#039;\u00e9criture des nombres particuliers (70, 80, 90).\" \/>\n<meta name=\"robots\" content=\"index, follow, max-snippet:-1, max-image-preview:large, max-video-preview:-1\" \/>\n<link rel=\"canonical\" href=\"https:\/\/lire-ecrire-compter.com\/?product=mistigris-des-nombres-particuliers\" \/>\n<meta property=\"og:locale\" content=\"fr_FR\" \/>\n<meta property=\"og:type\" content=\"article\" \/>\n<meta property=\"og:title\" content=\"Mistigris des nombres particuliers - Lire \u00e9crire compter\" \/>\n<meta property=\"og:description\" content=\"Ce jeu autour des math\u00e9matiques aide les enfants \u00e0 m\u00e9moriser l&#039;\u00e9criture des nombres particuliers (70, 80, 90).\" \/>\n<meta property=\"og:url\" content=\"https:\/\/lire-ecrire-compter.com\/?product=mistigris-des-nombres-particuliers\" \/>\n<meta property=\"og:site_name\" content=\"Lire \u00e9crire compter\" \/>\n<meta property=\"article:modified_time\" content=\"2022-02-04T12:55:50+00:00\" \/>\n<meta property=\"og:image\" content=\"https:\/\/lire-ecrire-compter.com\/wp-content\/uploads\/2020\/02\/Mistigris-des-nombres-particuliers.jpg\" \/>\n\t<meta property=\"og:image:width\" content=\"783\" \/>\n\t<meta property=\"og:image:height\" content=\"760\" \/>\n\t<meta property=\"og:image:type\" content=\"image\/jpeg\" \/>\n<meta name=\"twitter:card\" content=\"summary_large_image\" \/>\n<script type=\"application\/ld+json\" class=\"yoast-schema-graph\">{\"@context\":\"https:\/\/schema.org\",\"@graph\":[{\"@type\":\"WebPage\",\"@id\":\"https:\/\/lire-ecrire-compter.com\/?product=mistigris-des-nombres-particuliers\",\"url\":\"https:\/\/lire-ecrire-compter.com\/?product=mistigris-des-nombres-particuliers\",\"name\":\"Mistigris des nombres particuliers - Lire \u00e9crire compter\",\"isPartOf\":{\"@id\":\"https:\/\/lire-ecrire-compter.com\/#website\"},\"primaryImageOfPage\":{\"@id\":\"https:\/\/lire-ecrire-compter.com\/?product=mistigris-des-nombres-particuliers#primaryimage\"},\"image\":{\"@id\":\"https:\/\/lire-ecrire-compter.com\/?product=mistigris-des-nombres-particuliers#primaryimage\"},\"thumbnailUrl\":\"https:\/\/lire-ecrire-compter.com\/wp-content\/uploads\/2020\/02\/Mistigris-des-nombres-particuliers.jpg\",\"datePublished\":\"2020-03-06T09:51:16+00:00\",\"dateModified\":\"2022-02-04T12:55:50+00:00\",\"description\":\"Ce jeu autour des math\u00e9matiques aide les enfants \u00e0 m\u00e9moriser l'\u00e9criture des nombres particuliers (70, 80, 90).\",\"breadcrumb\":{\"@id\":\"https:\/\/lire-ecrire-compter.com\/?product=mistigris-des-nombres-particuliers#breadcrumb\"},\"inLanguage\":\"fr-FR\",\"potentialAction\":[{\"@type\":\"ReadAction\",\"target\":[\"https:\/\/lire-ecrire-compter.com\/?product=mistigris-des-nombres-particuliers\"]}]},{\"@type\":\"ImageObject\",\"inLanguage\":\"fr-FR\",\"@id\":\"https:\/\/lire-ecrire-compter.com\/?product=mistigris-des-nombres-particuliers#primaryimage\",\"url\":\"https:\/\/lire-ecrire-compter.com\/wp-content\/uploads\/2020\/02\/Mistigris-des-nombres-particuliers.jpg\",\"contentUrl\":\"https:\/\/lire-ecrire-compter.com\/wp-content\/uploads\/2020\/02\/Mistigris-des-nombres-particuliers.jpg\",\"width\":783,\"height\":760},{\"@type\":\"BreadcrumbList\",\"@id\":\"https:\/\/lire-ecrire-compter.com\/?product=mistigris-des-nombres-particuliers#breadcrumb\",\"itemListElement\":[{\"@type\":\"ListItem\",\"position\":1,\"name\":\"Accueil\",\"item\":\"https:\/\/lire-ecrire-compter.com\/\"},{\"@type\":\"ListItem\",\"position\":2,\"name\":\"La bo\u00eete \u00e0 jeux\",\"item\":\"https:\/\/lire-ecrire-compter.com\/?page_id=747\"},{\"@type\":\"ListItem\",\"position\":3,\"name\":\"Mistigris des nombres particuliers\"}]},{\"@type\":\"WebSite\",\"@id\":\"https:\/\/lire-ecrire-compter.com\/#website\",\"url\":\"https:\/\/lire-ecrire-compter.com\/\",\"name\":\"Lire \u00e9crire compter\",\"description\":\"Jouer pour apprendre\",\"potentialAction\":[{\"@type\":\"SearchAction\",\"target\":{\"@type\":\"EntryPoint\",\"urlTemplate\":\"https:\/\/lire-ecrire-compter.com\/?s={search_term_string}\"},\"query-input\":{\"@type\":\"PropertyValueSpecification\",\"valueRequired\":true,\"valueName\":\"search_term_string\"}}],\"inLanguage\":\"fr-FR\"}]}<\/script>\n<!-- \/ Yoast SEO plugin. -->","yoast_head_json":{"title":"Mistigris des nombres particuliers - Lire \u00e9crire compter","description":"Ce jeu autour des math\u00e9matiques aide les enfants \u00e0 m\u00e9moriser l'\u00e9criture des nombres particuliers (70, 80, 90).","robots":{"index":"index","follow":"follow","max-snippet":"max-snippet:-1","max-image-preview":"max-image-preview:large","max-video-preview":"max-video-preview:-1"},"canonical":"https:\/\/lire-ecrire-compter.com\/?product=mistigris-des-nombres-particuliers","og_locale":"fr_FR","og_type":"article","og_title":"Mistigris des nombres particuliers - Lire \u00e9crire compter","og_description":"Ce jeu autour des math\u00e9matiques aide les enfants \u00e0 m\u00e9moriser l'\u00e9criture des nombres particuliers (70, 80, 90).","og_url":"https:\/\/lire-ecrire-compter.com\/?product=mistigris-des-nombres-particuliers","og_site_name":"Lire \u00e9crire compter","article_modified_time":"2022-02-04T12:55:50+00:00","og_image":[{"width":783,"height":760,"url":"https:\/\/lire-ecrire-compter.com\/wp-content\/uploads\/2020\/02\/Mistigris-des-nombres-particuliers.jpg","type":"image\/jpeg"}],"twitter_card":"summary_large_image","schema":{"@context":"https:\/\/schema.org","@graph":[{"@type":"WebPage","@id":"https:\/\/lire-ecrire-compter.com\/?product=mistigris-des-nombres-particuliers","url":"https:\/\/lire-ecrire-compter.com\/?product=mistigris-des-nombres-particuliers","name":"Mistigris des nombres particuliers - Lire \u00e9crire compter","isPartOf":{"@id":"https:\/\/lire-ecrire-compter.com\/#website"},"primaryImageOfPage":{"@id":"https:\/\/lire-ecrire-compter.com\/?product=mistigris-des-nombres-particuliers#primaryimage"},"image":{"@id":"https:\/\/lire-ecrire-compter.com\/?product=mistigris-des-nombres-particuliers#primaryimage"},"thumbnailUrl":"https:\/\/lire-ecrire-compter.com\/wp-content\/uploads\/2020\/02\/Mistigris-des-nombres-particuliers.jpg","datePublished":"2020-03-06T09:51:16+00:00","dateModified":"2022-02-04T12:55:50+00:00","description":"Ce jeu autour des math\u00e9matiques aide les enfants \u00e0 m\u00e9moriser l'\u00e9criture des nombres particuliers (70, 80, 90).","breadcrumb":{"@id":"https:\/\/lire-ecrire-compter.com\/?product=mistigris-des-nombres-particuliers#breadcrumb"},"inLanguage":"fr-FR","potentialAction":[{"@type":"ReadAction","target":["https:\/\/lire-ecrire-compter.com\/?product=mistigris-des-nombres-particuliers"]}]},{"@type":"ImageObject","inLanguage":"fr-FR","@id":"https:\/\/lire-ecrire-compter.com\/?product=mistigris-des-nombres-particuliers#primaryimage","url":"https:\/\/lire-ecrire-compter.com\/wp-content\/uploads\/2020\/02\/Mistigris-des-nombres-particuliers.jpg","contentUrl":"https:\/\/lire-ecrire-compter.com\/wp-content\/uploads\/2020\/02\/Mistigris-des-nombres-particuliers.jpg","width":783,"height":760},{"@type":"BreadcrumbList","@id":"https:\/\/lire-ecrire-compter.com\/?product=mistigris-des-nombres-particuliers#breadcrumb","itemListElement":[{"@type":"ListItem","position":1,"name":"Accueil","item":"https:\/\/lire-ecrire-compter.com\/"},{"@type":"ListItem","position":2,"name":"La bo\u00eete \u00e0 jeux","item":"https:\/\/lire-ecrire-compter.com\/?page_id=747"},{"@type":"ListItem","position":3,"name":"Mistigris des nombres particuliers"}]},{"@type":"WebSite","@id":"https:\/\/lire-ecrire-compter.com\/#website","url":"https:\/\/lire-ecrire-compter.com\/","name":"Lire \u00e9crire compter","description":"Jouer pour apprendre","potentialAction":[{"@type":"SearchAction","target":{"@type":"EntryPoint","urlTemplate":"https:\/\/lire-ecrire-compter.com\/?s={search_term_string}"},"query-input":{"@type":"PropertyValueSpecification","valueRequired":true,"valueName":"search_term_string"}}],"inLanguage":"fr-FR"}]}},"_links":{"self":[{"href":"https:\/\/lire-ecrire-compter.com\/index.php?rest_route=\/wp\/v2\/product\/2037","targetHints":{"allow":["GET"]}}],"collection":[{"href":"https:\/\/lire-ecrire-compter.com\/index.php?rest_route=\/wp\/v2\/product"}],"about":[{"href":"https:\/\/lire-ecrire-compter.com\/index.php?rest_route=\/wp\/v2\/types\/product"}],"replies":[{"embeddable":true,"href":"https:\/\/lire-ecrire-compter.com\/index.php?rest_route=%2Fwp%2Fv2%2Fcomments&post=2037"}],"wp:featuredmedia":[{"embeddable":true,"href":"https:\/\/lire-ecrire-compter.com\/index.php?rest_route=\/wp\/v2\/media\/810"}],"wp:attachment":[{"href":"https:\/\/lire-ecrire-compter.com\/index.php?rest_route=%2Fwp%2Fv2%2Fmedia&parent=2037"}],"wp:term":[{"taxonomy":"product_brand","embeddable":true,"href":"https:\/\/lire-ecrire-compter.com\/index.php?rest_route=%2Fwp%2Fv2%2Fproduct_brand&post=2037"},{"taxonomy":"product_cat","embeddable":true,"href":"https:\/\/lire-ecrire-compter.com\/index.php?rest_route=%2Fwp%2Fv2%2Fproduct_cat&post=2037"},{"taxonomy":"product_tag","embeddable":true,"href":"https:\/\/lire-ecrire-compter.com\/index.php?rest_route=%2Fwp%2Fv2%2Fproduct_tag&post=2037"}],"curies":[{"name":"wp","href":"https:\/\/api.w.org\/{rel}","templated":true}]}}