{"id":2035,"date":"2020-03-06T10:51:16","date_gmt":"2020-03-06T09:51:16","guid":{"rendered":"https:\/\/lire-ecrire-compter.com\/?product=import-placeholder-for-300"},"modified":"2024-07-21T01:32:30","modified_gmt":"2024-07-20T23:32:30","slug":"memo-alphabet-nouvelle-version","status":"publish","type":"product","link":"https:\/\/lire-ecrire-compter.com\/?product=memo-alphabet-nouvelle-version","title":{"rendered":"M\u00e9mo Alphabet (version 2021)"},"content":{"rendered":"<p><span style=\"color: #92d001;\"><strong>BUT DU JEU<br \/>\n<\/strong>\u00c0 la mani\u00e8re du Nain Jaune, il s&rsquo;agit de<strong> constituer le plus possible de suites<\/strong>, mais ici <strong>avec les lettres de l&rsquo;alphabet<\/strong>.<\/span><\/p>\n<p><span style=\"color: #ff5b72;\"><strong>COMPOSITION<\/strong><\/span><br \/>\n<span style=\"color: #ff5b72;\">Il est compos\u00e9 de <strong>12 plaques des suites <\/strong>\u00e0 reconstituer et de 48 cartes des lettres de l&rsquo;alphabet (certaines sont en 2 ou 3 exemplaires). Les plaques sont \u00e0 plier \u00e0 la mani\u00e8re d&rsquo;un chevalet. D&rsquo;un c\u00f4t\u00e9 les lettres sont \u00e9crites en lettres majuscules d&rsquo;imprimerie et de l&rsquo;autre, en minuscules scriptes. Toutes les suites ont une couleur diff\u00e9rente. Sur les cartes des lettres figurent 3 sortes de graphies.<br \/>\n<\/span><\/p>\n<p><span style=\"color: #46acbf;\"><strong>OBJECTIFS<br \/>\n<\/strong>Ce jeu aide \u00e0 <strong>m\u00e9moriser l&rsquo;alphabet <\/strong>par petites suites de 4 lettres. Les suites se \u00ab\u00a0chevauchent\u00a0\u00bb afin que l&rsquo;enfant puisse progressivement m\u00e9moriser la totalit\u00e9 de l&rsquo;alphabet.<\/span><\/p>\n","protected":false},"excerpt":{"rendered":"<p>BUT DU JEU \u00c0 la mani\u00e8re du Nain Jaune, il s&rsquo;agit de constituer le plus possible de suites, mais ici avec les lettres de l&rsquo;alphabet. COMPOSITION Il est compos\u00e9 de 12 plaques des suites \u00e0 reconstituer et de 48 cartes des lettres de l&rsquo;alphabet (certaines&#8230;<\/p>\n","protected":false},"featured_media":3157,"comment_status":"open","ping_status":"closed","template":"","meta":{"give_campaign_id":0,"om_disable_all_campaigns":false,"_monsterinsights_skip_tracking":false,"_monsterinsights_sitenote_active":false,"_monsterinsights_sitenote_note":"","_monsterinsights_sitenote_category":0,"_uf_show_specific_survey":0,"_uf_disable_surveys":false},"product_brand":[],"product_cat":[107,147,98],"product_tag":[113],"class_list":{"0":"post-2035","1":"product","2":"type-product","3":"status-publish","4":"has-post-thumbnail","6":"product_cat-gs","7":"product_cat-jeux","8":"product_cat-jeux-autour-de-la-lecture","9":"product_tag-memoriser-lalphabet","11":"first","12":"instock","13":"downloadable","14":"virtual","15":"purchasable","16":"product-type-simple"},"yoast_head":"<!-- This site is optimized with the Yoast SEO plugin v27.1.1 - https:\/\/yoast.com\/product\/yoast-seo-wordpress\/ -->\n<title>M\u00e9mo Alphabet (version 2021) - Lire \u00e9crire compter<\/title>\n<meta name=\"description\" content=\"Ce jeu aide \u00e0 m\u00e9moriser l&#039;alphabet par petites suites de 4 lettres. Les suites se &quot;chevauchent&quot; afin que l&#039;enfant puisse progressivement m\u00e9moriser la totalit\u00e9 de l&#039;alphabet.\" \/>\n<meta name=\"robots\" content=\"index, follow, max-snippet:-1, max-image-preview:large, max-video-preview:-1\" \/>\n<link rel=\"canonical\" href=\"https:\/\/lire-ecrire-compter.com\/?product=memo-alphabet-nouvelle-version\" \/>\n<meta property=\"og:locale\" content=\"fr_FR\" \/>\n<meta property=\"og:type\" content=\"article\" \/>\n<meta property=\"og:title\" content=\"M\u00e9mo Alphabet (version 2021) - Lire \u00e9crire compter\" \/>\n<meta property=\"og:description\" content=\"Ce jeu aide \u00e0 m\u00e9moriser l&#039;alphabet par petites suites de 4 lettres. Les suites se &quot;chevauchent&quot; afin que l&#039;enfant puisse progressivement m\u00e9moriser la totalit\u00e9 de l&#039;alphabet.\" \/>\n<meta property=\"og:url\" content=\"https:\/\/lire-ecrire-compter.com\/?product=memo-alphabet-nouvelle-version\" \/>\n<meta property=\"og:site_name\" content=\"Lire \u00e9crire compter\" \/>\n<meta property=\"article:modified_time\" content=\"2024-07-20T23:32:30+00:00\" \/>\n<meta property=\"og:image\" content=\"https:\/\/lire-ecrire-compter.com\/wp-content\/uploads\/2021\/03\/img_5111-e1614970833817.jpg\" \/>\n\t<meta property=\"og:image:width\" content=\"1200\" \/>\n\t<meta property=\"og:image:height\" content=\"1200\" \/>\n\t<meta property=\"og:image:type\" content=\"image\/jpeg\" \/>\n<meta name=\"twitter:card\" content=\"summary_large_image\" \/>\n<meta name=\"twitter:label1\" content=\"Dur\u00e9e de lecture estim\u00e9e\" \/>\n\t<meta name=\"twitter:data1\" content=\"1 minute\" \/>\n<script type=\"application\/ld+json\" class=\"yoast-schema-graph\">{\"@context\":\"https:\/\/schema.org\",\"@graph\":[{\"@type\":\"WebPage\",\"@id\":\"https:\/\/lire-ecrire-compter.com\/?product=memo-alphabet-nouvelle-version\",\"url\":\"https:\/\/lire-ecrire-compter.com\/?product=memo-alphabet-nouvelle-version\",\"name\":\"M\u00e9mo Alphabet (version 2021) - Lire \u00e9crire compter\",\"isPartOf\":{\"@id\":\"https:\/\/lire-ecrire-compter.com\/#website\"},\"primaryImageOfPage\":{\"@id\":\"https:\/\/lire-ecrire-compter.com\/?product=memo-alphabet-nouvelle-version#primaryimage\"},\"image\":{\"@id\":\"https:\/\/lire-ecrire-compter.com\/?product=memo-alphabet-nouvelle-version#primaryimage\"},\"thumbnailUrl\":\"https:\/\/lire-ecrire-compter.com\/wp-content\/uploads\/2021\/03\/img_5111-e1614970833817.jpg\",\"datePublished\":\"2020-03-06T09:51:16+00:00\",\"dateModified\":\"2024-07-20T23:32:30+00:00\",\"description\":\"Ce jeu aide \u00e0 m\u00e9moriser l'alphabet par petites suites de 4 lettres. Les suites se \\\"chevauchent\\\" afin que l'enfant puisse progressivement m\u00e9moriser la totalit\u00e9 de l'alphabet.\",\"breadcrumb\":{\"@id\":\"https:\/\/lire-ecrire-compter.com\/?product=memo-alphabet-nouvelle-version#breadcrumb\"},\"inLanguage\":\"fr-FR\",\"potentialAction\":[{\"@type\":\"ReadAction\",\"target\":[\"https:\/\/lire-ecrire-compter.com\/?product=memo-alphabet-nouvelle-version\"]}]},{\"@type\":\"ImageObject\",\"inLanguage\":\"fr-FR\",\"@id\":\"https:\/\/lire-ecrire-compter.com\/?product=memo-alphabet-nouvelle-version#primaryimage\",\"url\":\"https:\/\/lire-ecrire-compter.com\/wp-content\/uploads\/2021\/03\/img_5111-e1614970833817.jpg\",\"contentUrl\":\"https:\/\/lire-ecrire-compter.com\/wp-content\/uploads\/2021\/03\/img_5111-e1614970833817.jpg\",\"width\":1200,\"height\":1200},{\"@type\":\"BreadcrumbList\",\"@id\":\"https:\/\/lire-ecrire-compter.com\/?product=memo-alphabet-nouvelle-version#breadcrumb\",\"itemListElement\":[{\"@type\":\"ListItem\",\"position\":1,\"name\":\"Accueil\",\"item\":\"https:\/\/lire-ecrire-compter.com\/\"},{\"@type\":\"ListItem\",\"position\":2,\"name\":\"La bo\u00eete \u00e0 jeux\",\"item\":\"https:\/\/lire-ecrire-compter.com\/?page_id=747\"},{\"@type\":\"ListItem\",\"position\":3,\"name\":\"M\u00e9mo Alphabet (version 2021)\"}]},{\"@type\":\"WebSite\",\"@id\":\"https:\/\/lire-ecrire-compter.com\/#website\",\"url\":\"https:\/\/lire-ecrire-compter.com\/\",\"name\":\"Lire \u00e9crire compter\",\"description\":\"Jouer pour apprendre\",\"potentialAction\":[{\"@type\":\"SearchAction\",\"target\":{\"@type\":\"EntryPoint\",\"urlTemplate\":\"https:\/\/lire-ecrire-compter.com\/?s={search_term_string}\"},\"query-input\":{\"@type\":\"PropertyValueSpecification\",\"valueRequired\":true,\"valueName\":\"search_term_string\"}}],\"inLanguage\":\"fr-FR\"}]}<\/script>\n<!-- \/ Yoast SEO plugin. -->","yoast_head_json":{"title":"M\u00e9mo Alphabet (version 2021) - Lire \u00e9crire compter","description":"Ce jeu aide \u00e0 m\u00e9moriser l'alphabet par petites suites de 4 lettres. Les suites se \"chevauchent\" afin que l'enfant puisse progressivement m\u00e9moriser la totalit\u00e9 de l'alphabet.","robots":{"index":"index","follow":"follow","max-snippet":"max-snippet:-1","max-image-preview":"max-image-preview:large","max-video-preview":"max-video-preview:-1"},"canonical":"https:\/\/lire-ecrire-compter.com\/?product=memo-alphabet-nouvelle-version","og_locale":"fr_FR","og_type":"article","og_title":"M\u00e9mo Alphabet (version 2021) - Lire \u00e9crire compter","og_description":"Ce jeu aide \u00e0 m\u00e9moriser l'alphabet par petites suites de 4 lettres. Les suites se \"chevauchent\" afin que l'enfant puisse progressivement m\u00e9moriser la totalit\u00e9 de l'alphabet.","og_url":"https:\/\/lire-ecrire-compter.com\/?product=memo-alphabet-nouvelle-version","og_site_name":"Lire \u00e9crire compter","article_modified_time":"2024-07-20T23:32:30+00:00","og_image":[{"width":1200,"height":1200,"url":"https:\/\/lire-ecrire-compter.com\/wp-content\/uploads\/2021\/03\/img_5111-e1614970833817.jpg","type":"image\/jpeg"}],"twitter_card":"summary_large_image","twitter_misc":{"Dur\u00e9e de lecture estim\u00e9e":"1 minute"},"schema":{"@context":"https:\/\/schema.org","@graph":[{"@type":"WebPage","@id":"https:\/\/lire-ecrire-compter.com\/?product=memo-alphabet-nouvelle-version","url":"https:\/\/lire-ecrire-compter.com\/?product=memo-alphabet-nouvelle-version","name":"M\u00e9mo Alphabet (version 2021) - Lire \u00e9crire compter","isPartOf":{"@id":"https:\/\/lire-ecrire-compter.com\/#website"},"primaryImageOfPage":{"@id":"https:\/\/lire-ecrire-compter.com\/?product=memo-alphabet-nouvelle-version#primaryimage"},"image":{"@id":"https:\/\/lire-ecrire-compter.com\/?product=memo-alphabet-nouvelle-version#primaryimage"},"thumbnailUrl":"https:\/\/lire-ecrire-compter.com\/wp-content\/uploads\/2021\/03\/img_5111-e1614970833817.jpg","datePublished":"2020-03-06T09:51:16+00:00","dateModified":"2024-07-20T23:32:30+00:00","description":"Ce jeu aide \u00e0 m\u00e9moriser l'alphabet par petites suites de 4 lettres. Les suites se \"chevauchent\" afin que l'enfant puisse progressivement m\u00e9moriser la totalit\u00e9 de l'alphabet.","breadcrumb":{"@id":"https:\/\/lire-ecrire-compter.com\/?product=memo-alphabet-nouvelle-version#breadcrumb"},"inLanguage":"fr-FR","potentialAction":[{"@type":"ReadAction","target":["https:\/\/lire-ecrire-compter.com\/?product=memo-alphabet-nouvelle-version"]}]},{"@type":"ImageObject","inLanguage":"fr-FR","@id":"https:\/\/lire-ecrire-compter.com\/?product=memo-alphabet-nouvelle-version#primaryimage","url":"https:\/\/lire-ecrire-compter.com\/wp-content\/uploads\/2021\/03\/img_5111-e1614970833817.jpg","contentUrl":"https:\/\/lire-ecrire-compter.com\/wp-content\/uploads\/2021\/03\/img_5111-e1614970833817.jpg","width":1200,"height":1200},{"@type":"BreadcrumbList","@id":"https:\/\/lire-ecrire-compter.com\/?product=memo-alphabet-nouvelle-version#breadcrumb","itemListElement":[{"@type":"ListItem","position":1,"name":"Accueil","item":"https:\/\/lire-ecrire-compter.com\/"},{"@type":"ListItem","position":2,"name":"La bo\u00eete \u00e0 jeux","item":"https:\/\/lire-ecrire-compter.com\/?page_id=747"},{"@type":"ListItem","position":3,"name":"M\u00e9mo Alphabet (version 2021)"}]},{"@type":"WebSite","@id":"https:\/\/lire-ecrire-compter.com\/#website","url":"https:\/\/lire-ecrire-compter.com\/","name":"Lire \u00e9crire compter","description":"Jouer pour apprendre","potentialAction":[{"@type":"SearchAction","target":{"@type":"EntryPoint","urlTemplate":"https:\/\/lire-ecrire-compter.com\/?s={search_term_string}"},"query-input":{"@type":"PropertyValueSpecification","valueRequired":true,"valueName":"search_term_string"}}],"inLanguage":"fr-FR"}]}},"_links":{"self":[{"href":"https:\/\/lire-ecrire-compter.com\/index.php?rest_route=\/wp\/v2\/product\/2035","targetHints":{"allow":["GET"]}}],"collection":[{"href":"https:\/\/lire-ecrire-compter.com\/index.php?rest_route=\/wp\/v2\/product"}],"about":[{"href":"https:\/\/lire-ecrire-compter.com\/index.php?rest_route=\/wp\/v2\/types\/product"}],"replies":[{"embeddable":true,"href":"https:\/\/lire-ecrire-compter.com\/index.php?rest_route=%2Fwp%2Fv2%2Fcomments&post=2035"}],"wp:featuredmedia":[{"embeddable":true,"href":"https:\/\/lire-ecrire-compter.com\/index.php?rest_route=\/wp\/v2\/media\/3157"}],"wp:attachment":[{"href":"https:\/\/lire-ecrire-compter.com\/index.php?rest_route=%2Fwp%2Fv2%2Fmedia&parent=2035"}],"wp:term":[{"taxonomy":"product_brand","embeddable":true,"href":"https:\/\/lire-ecrire-compter.com\/index.php?rest_route=%2Fwp%2Fv2%2Fproduct_brand&post=2035"},{"taxonomy":"product_cat","embeddable":true,"href":"https:\/\/lire-ecrire-compter.com\/index.php?rest_route=%2Fwp%2Fv2%2Fproduct_cat&post=2035"},{"taxonomy":"product_tag","embeddable":true,"href":"https:\/\/lire-ecrire-compter.com\/index.php?rest_route=%2Fwp%2Fv2%2Fproduct_tag&post=2035"}],"curies":[{"name":"wp","href":"https:\/\/api.w.org\/{rel}","templated":true}]}}