{"id":2034,"date":"2020-03-06T10:51:15","date_gmt":"2020-03-06T09:51:15","guid":{"rendered":"https:\/\/lire-ecrire-compter.com\/?product=import-placeholder-for-271"},"modified":"2022-02-04T14:21:23","modified_gmt":"2022-02-04T13:21:23","slug":"mistigris-de-lalphabet-nouvelle-version","status":"publish","type":"product","link":"https:\/\/lire-ecrire-compter.com\/?product=mistigris-de-lalphabet-nouvelle-version","title":{"rendered":"Mistigris de l&rsquo;alphabet (nouvelle version)"},"content":{"rendered":"<p style=\"padding-left: 40px;\"><span style=\"color: #92d001;\"><strong>BUT DU JEU<br \/>\n<\/strong>Il faut se d\u00e9barrasser de ses cartes en formant des paires. Le dernier \u00e0 d\u00e9tenir la carte avec le monstre a perdu.<\/span><\/p>\n<p style=\"padding-left: 40px;\"><span style=\"color: #ff5b72;\"><strong>COMPOSITION<\/strong><\/span><br \/>\n<span style=\"color: #ff5b72;\"><strong>Il est compos\u00e9<\/strong> de <strong>2 s\u00e9ries de 26 cartes et d&rsquo;une carte \u00ab\u00a0monstre\u00a0\u00bb<\/strong>. Une s\u00e9rie avec <strong>les lettres de l&rsquo;alphabet dans les 3 \u00e9critures<\/strong>, accompagn\u00e9es du dessin d&rsquo;un mot-cl\u00e9 de r\u00e9f\u00e9rence. Une deuxi\u00e8me s\u00e9rie avec le dessin et le mot \u00e9crit en script et en cursive.<\/span><\/p>\n<p style=\"padding-left: 40px;\"><span style=\"color: #46acbf;\"><strong>OBJECTIFS<br \/>\n<\/strong>Ce jeu aide \u00e0 <strong>m\u00e9moriser les diff\u00e9rentes \u00e9critures des lettres<\/strong> de l&rsquo;alphabet, \u00e0 <strong>prendre rep\u00e8re sur l&rsquo;initiale d&rsquo;un mot<\/strong> et \u00e0 <strong>comprendre les relations entre oral et \u00e9crit<\/strong>.<\/span><\/p>\n","protected":false},"excerpt":{"rendered":"<p>BUT DU JEU Il faut se d\u00e9barrasser de ses cartes en formant des paires. Le dernier \u00e0 d\u00e9tenir la carte avec le monstre a perdu. COMPOSITION Il est compos\u00e9 de 2 s\u00e9ries de 26 cartes et d&rsquo;une carte \u00ab\u00a0monstre\u00a0\u00bb. Une s\u00e9rie avec les lettres de&#8230;<\/p>\n","protected":false},"featured_media":793,"comment_status":"closed","ping_status":"closed","template":"","meta":{"give_campaign_id":0,"om_disable_all_campaigns":false,"_monsterinsights_skip_tracking":false,"_monsterinsights_sitenote_active":false,"_monsterinsights_sitenote_note":"","_monsterinsights_sitenote_category":0,"_uf_show_specific_survey":0,"_uf_disable_surveys":false},"product_brand":[],"product_cat":[107,147,98],"product_tag":[112],"class_list":{"0":"post-2034","1":"product","2":"type-product","3":"status-publish","4":"has-post-thumbnail","6":"product_cat-gs","7":"product_cat-jeux","8":"product_cat-jeux-autour-de-la-lecture","9":"product_tag-reconnaitre-et-nommer-les-lettres-dans-differentes-graphies","11":"first","12":"instock","13":"downloadable","14":"virtual","15":"purchasable","16":"product-type-simple"},"yoast_head":"<!-- This site is optimized with the Yoast SEO plugin v27.1.1 - https:\/\/yoast.com\/product\/yoast-seo-wordpress\/ -->\n<title>Mistigris de l&#039;alphabet (nouvelle version) - Lire \u00e9crire compter<\/title>\n<meta name=\"robots\" content=\"index, follow, max-snippet:-1, max-image-preview:large, max-video-preview:-1\" \/>\n<link rel=\"canonical\" href=\"https:\/\/lire-ecrire-compter.com\/?product=mistigris-de-lalphabet-nouvelle-version\" \/>\n<meta property=\"og:locale\" content=\"fr_FR\" \/>\n<meta property=\"og:type\" content=\"article\" \/>\n<meta property=\"og:title\" content=\"Mistigris de l&#039;alphabet (nouvelle version) - Lire \u00e9crire compter\" \/>\n<meta property=\"og:description\" content=\"BUT DU JEU Il faut se d\u00e9barrasser de ses cartes en formant des paires. Le dernier \u00e0 d\u00e9tenir la carte avec le monstre a perdu. COMPOSITION Il est compos\u00e9 de 2 s\u00e9ries de 26 cartes et d&rsquo;une carte \u00ab\u00a0monstre\u00a0\u00bb. Une s\u00e9rie avec les lettres de...\" \/>\n<meta property=\"og:url\" content=\"https:\/\/lire-ecrire-compter.com\/?product=mistigris-de-lalphabet-nouvelle-version\" \/>\n<meta property=\"og:site_name\" content=\"Lire \u00e9crire compter\" \/>\n<meta property=\"article:modified_time\" content=\"2022-02-04T13:21:23+00:00\" \/>\n<meta property=\"og:image\" content=\"https:\/\/lire-ecrire-compter.com\/wp-content\/uploads\/2020\/02\/image_jeu-complet.jpg\" \/>\n\t<meta property=\"og:image:width\" content=\"933\" \/>\n\t<meta property=\"og:image:height\" content=\"737\" \/>\n\t<meta property=\"og:image:type\" content=\"image\/jpeg\" \/>\n<meta name=\"twitter:card\" content=\"summary_large_image\" \/>\n<meta name=\"twitter:label1\" content=\"Dur\u00e9e de lecture estim\u00e9e\" \/>\n\t<meta name=\"twitter:data1\" content=\"1 minute\" \/>\n<script type=\"application\/ld+json\" class=\"yoast-schema-graph\">{\"@context\":\"https:\/\/schema.org\",\"@graph\":[{\"@type\":\"WebPage\",\"@id\":\"https:\/\/lire-ecrire-compter.com\/?product=mistigris-de-lalphabet-nouvelle-version\",\"url\":\"https:\/\/lire-ecrire-compter.com\/?product=mistigris-de-lalphabet-nouvelle-version\",\"name\":\"Mistigris de l'alphabet (nouvelle version) - Lire \u00e9crire compter\",\"isPartOf\":{\"@id\":\"https:\/\/lire-ecrire-compter.com\/#website\"},\"primaryImageOfPage\":{\"@id\":\"https:\/\/lire-ecrire-compter.com\/?product=mistigris-de-lalphabet-nouvelle-version#primaryimage\"},\"image\":{\"@id\":\"https:\/\/lire-ecrire-compter.com\/?product=mistigris-de-lalphabet-nouvelle-version#primaryimage\"},\"thumbnailUrl\":\"https:\/\/lire-ecrire-compter.com\/wp-content\/uploads\/2020\/02\/image_jeu-complet.jpg\",\"datePublished\":\"2020-03-06T09:51:15+00:00\",\"dateModified\":\"2022-02-04T13:21:23+00:00\",\"breadcrumb\":{\"@id\":\"https:\/\/lire-ecrire-compter.com\/?product=mistigris-de-lalphabet-nouvelle-version#breadcrumb\"},\"inLanguage\":\"fr-FR\",\"potentialAction\":[{\"@type\":\"ReadAction\",\"target\":[\"https:\/\/lire-ecrire-compter.com\/?product=mistigris-de-lalphabet-nouvelle-version\"]}]},{\"@type\":\"ImageObject\",\"inLanguage\":\"fr-FR\",\"@id\":\"https:\/\/lire-ecrire-compter.com\/?product=mistigris-de-lalphabet-nouvelle-version#primaryimage\",\"url\":\"https:\/\/lire-ecrire-compter.com\/wp-content\/uploads\/2020\/02\/image_jeu-complet.jpg\",\"contentUrl\":\"https:\/\/lire-ecrire-compter.com\/wp-content\/uploads\/2020\/02\/image_jeu-complet.jpg\",\"width\":933,\"height\":737},{\"@type\":\"BreadcrumbList\",\"@id\":\"https:\/\/lire-ecrire-compter.com\/?product=mistigris-de-lalphabet-nouvelle-version#breadcrumb\",\"itemListElement\":[{\"@type\":\"ListItem\",\"position\":1,\"name\":\"Accueil\",\"item\":\"https:\/\/lire-ecrire-compter.com\/\"},{\"@type\":\"ListItem\",\"position\":2,\"name\":\"La bo\u00eete \u00e0 jeux\",\"item\":\"https:\/\/lire-ecrire-compter.com\/?page_id=747\"},{\"@type\":\"ListItem\",\"position\":3,\"name\":\"Mistigris de l&rsquo;alphabet (nouvelle version)\"}]},{\"@type\":\"WebSite\",\"@id\":\"https:\/\/lire-ecrire-compter.com\/#website\",\"url\":\"https:\/\/lire-ecrire-compter.com\/\",\"name\":\"Lire \u00e9crire compter\",\"description\":\"Jouer pour apprendre\",\"potentialAction\":[{\"@type\":\"SearchAction\",\"target\":{\"@type\":\"EntryPoint\",\"urlTemplate\":\"https:\/\/lire-ecrire-compter.com\/?s={search_term_string}\"},\"query-input\":{\"@type\":\"PropertyValueSpecification\",\"valueRequired\":true,\"valueName\":\"search_term_string\"}}],\"inLanguage\":\"fr-FR\"}]}<\/script>\n<!-- \/ Yoast SEO plugin. -->","yoast_head_json":{"title":"Mistigris de l'alphabet (nouvelle version) - Lire \u00e9crire compter","robots":{"index":"index","follow":"follow","max-snippet":"max-snippet:-1","max-image-preview":"max-image-preview:large","max-video-preview":"max-video-preview:-1"},"canonical":"https:\/\/lire-ecrire-compter.com\/?product=mistigris-de-lalphabet-nouvelle-version","og_locale":"fr_FR","og_type":"article","og_title":"Mistigris de l'alphabet (nouvelle version) - Lire \u00e9crire compter","og_description":"BUT DU JEU Il faut se d\u00e9barrasser de ses cartes en formant des paires. Le dernier \u00e0 d\u00e9tenir la carte avec le monstre a perdu. COMPOSITION Il est compos\u00e9 de 2 s\u00e9ries de 26 cartes et d&rsquo;une carte \u00ab\u00a0monstre\u00a0\u00bb. Une s\u00e9rie avec les lettres de...","og_url":"https:\/\/lire-ecrire-compter.com\/?product=mistigris-de-lalphabet-nouvelle-version","og_site_name":"Lire \u00e9crire compter","article_modified_time":"2022-02-04T13:21:23+00:00","og_image":[{"width":933,"height":737,"url":"https:\/\/lire-ecrire-compter.com\/wp-content\/uploads\/2020\/02\/image_jeu-complet.jpg","type":"image\/jpeg"}],"twitter_card":"summary_large_image","twitter_misc":{"Dur\u00e9e de lecture estim\u00e9e":"1 minute"},"schema":{"@context":"https:\/\/schema.org","@graph":[{"@type":"WebPage","@id":"https:\/\/lire-ecrire-compter.com\/?product=mistigris-de-lalphabet-nouvelle-version","url":"https:\/\/lire-ecrire-compter.com\/?product=mistigris-de-lalphabet-nouvelle-version","name":"Mistigris de l'alphabet (nouvelle version) - Lire \u00e9crire compter","isPartOf":{"@id":"https:\/\/lire-ecrire-compter.com\/#website"},"primaryImageOfPage":{"@id":"https:\/\/lire-ecrire-compter.com\/?product=mistigris-de-lalphabet-nouvelle-version#primaryimage"},"image":{"@id":"https:\/\/lire-ecrire-compter.com\/?product=mistigris-de-lalphabet-nouvelle-version#primaryimage"},"thumbnailUrl":"https:\/\/lire-ecrire-compter.com\/wp-content\/uploads\/2020\/02\/image_jeu-complet.jpg","datePublished":"2020-03-06T09:51:15+00:00","dateModified":"2022-02-04T13:21:23+00:00","breadcrumb":{"@id":"https:\/\/lire-ecrire-compter.com\/?product=mistigris-de-lalphabet-nouvelle-version#breadcrumb"},"inLanguage":"fr-FR","potentialAction":[{"@type":"ReadAction","target":["https:\/\/lire-ecrire-compter.com\/?product=mistigris-de-lalphabet-nouvelle-version"]}]},{"@type":"ImageObject","inLanguage":"fr-FR","@id":"https:\/\/lire-ecrire-compter.com\/?product=mistigris-de-lalphabet-nouvelle-version#primaryimage","url":"https:\/\/lire-ecrire-compter.com\/wp-content\/uploads\/2020\/02\/image_jeu-complet.jpg","contentUrl":"https:\/\/lire-ecrire-compter.com\/wp-content\/uploads\/2020\/02\/image_jeu-complet.jpg","width":933,"height":737},{"@type":"BreadcrumbList","@id":"https:\/\/lire-ecrire-compter.com\/?product=mistigris-de-lalphabet-nouvelle-version#breadcrumb","itemListElement":[{"@type":"ListItem","position":1,"name":"Accueil","item":"https:\/\/lire-ecrire-compter.com\/"},{"@type":"ListItem","position":2,"name":"La bo\u00eete \u00e0 jeux","item":"https:\/\/lire-ecrire-compter.com\/?page_id=747"},{"@type":"ListItem","position":3,"name":"Mistigris de l&rsquo;alphabet (nouvelle version)"}]},{"@type":"WebSite","@id":"https:\/\/lire-ecrire-compter.com\/#website","url":"https:\/\/lire-ecrire-compter.com\/","name":"Lire \u00e9crire compter","description":"Jouer pour apprendre","potentialAction":[{"@type":"SearchAction","target":{"@type":"EntryPoint","urlTemplate":"https:\/\/lire-ecrire-compter.com\/?s={search_term_string}"},"query-input":{"@type":"PropertyValueSpecification","valueRequired":true,"valueName":"search_term_string"}}],"inLanguage":"fr-FR"}]}},"_links":{"self":[{"href":"https:\/\/lire-ecrire-compter.com\/index.php?rest_route=\/wp\/v2\/product\/2034","targetHints":{"allow":["GET"]}}],"collection":[{"href":"https:\/\/lire-ecrire-compter.com\/index.php?rest_route=\/wp\/v2\/product"}],"about":[{"href":"https:\/\/lire-ecrire-compter.com\/index.php?rest_route=\/wp\/v2\/types\/product"}],"replies":[{"embeddable":true,"href":"https:\/\/lire-ecrire-compter.com\/index.php?rest_route=%2Fwp%2Fv2%2Fcomments&post=2034"}],"wp:featuredmedia":[{"embeddable":true,"href":"https:\/\/lire-ecrire-compter.com\/index.php?rest_route=\/wp\/v2\/media\/793"}],"wp:attachment":[{"href":"https:\/\/lire-ecrire-compter.com\/index.php?rest_route=%2Fwp%2Fv2%2Fmedia&parent=2034"}],"wp:term":[{"taxonomy":"product_brand","embeddable":true,"href":"https:\/\/lire-ecrire-compter.com\/index.php?rest_route=%2Fwp%2Fv2%2Fproduct_brand&post=2034"},{"taxonomy":"product_cat","embeddable":true,"href":"https:\/\/lire-ecrire-compter.com\/index.php?rest_route=%2Fwp%2Fv2%2Fproduct_cat&post=2034"},{"taxonomy":"product_tag","embeddable":true,"href":"https:\/\/lire-ecrire-compter.com\/index.php?rest_route=%2Fwp%2Fv2%2Fproduct_tag&post=2034"}],"curies":[{"name":"wp","href":"https:\/\/api.w.org\/{rel}","templated":true}]}}