{"id":2033,"date":"2020-03-06T10:51:15","date_gmt":"2020-03-06T09:51:15","guid":{"rendered":"https:\/\/lire-ecrire-compter.com\/?product=import-placeholder-for-226"},"modified":"2025-06-18T18:36:35","modified_gmt":"2025-06-18T16:36:35","slug":"le-voyage-des-lettres-nouvelle-version","status":"publish","type":"product","link":"https:\/\/lire-ecrire-compter.com\/?product=le-voyage-des-lettres-nouvelle-version","title":{"rendered":"Le voyage des lettres (nouvelle version)"},"content":{"rendered":"<p><span style=\"color: #92d001;\"><strong>BUT DU JEU<br \/>\n<\/strong>Il s&rsquo;agit de s<strong>e d\u00e9fausser des cartes en sa possession<\/strong>. <strong>Le joueur forme une syllabe simple avec une consonne et une voyelle<\/strong>. Il peut alors <strong>se d\u00e9fausser des cartes-mots qui contiennent cette syllabe<\/strong>. <strong>Le premier joueur qui n&rsquo;a plus de carte a gagn\u00e9.<\/strong><\/span><\/p>\n<p><span style=\"color: #ff5b72;\"><strong>COMPOSITION<\/strong><\/span><br \/>\n<span style=\"color: #ff5b72;\"><strong>Il est compos\u00e9<\/strong> d\u2019un <strong>plateau<\/strong> de jeu avec des cases \u00ab\u00a0voyelles\u00a0\u00bb, de pions \u00ab\u00a0consonnes\u00a0\u00bb et de <strong>6 s\u00e9ries de 21 cartes<\/strong>. Toutes les consonnes choisies pour ce jeu sont des consonnes continues : on peut prolonger le son. ex : s =ssssss. Ce jeu peut ainsi \u00eatre utilis\u00e9 avec des enfants qui n\u2019ont pas encore acquis le principe alphab\u00e9tique.<\/span><\/p>\n<p><span style=\"color: #46acbf;\"><strong>OBJECTIFS<br \/>\n<\/strong><strong>Ce jeu<\/strong> d&rsquo;apprentissage de la lecture aide \u00e0 <strong>construire la notion d\u2019assemblage, de fusion entre une consonne et une voyelle<\/strong> (<strong>principe alphab\u00e9tique<\/strong> b-a = ba), notion indispensable pour pouvoir encoder (<strong>\u00e9crire<\/strong>) ou d\u00e9coder (<strong>lire<\/strong>). <\/span><span style=\"color: #46acbf;\">Il permet aussi de comprendre la \u00ab permanence \u00bb de l\u2019\u00e9crit : la syllabe cr\u00e9\u00e9e peut se retrouver dans diff\u00e9rents mots et se lira de la m\u00eame mani\u00e8re.<\/span><\/p>\n","protected":false},"excerpt":{"rendered":"<p>\u00ab\u00a0<em>Les lettres consonnes voyagent et s\u2019accrochent \u00e0 des voyelles pour former de petits morceaux de mots appel\u00e9s syllabes. Il faudra \u00eatre bien attentif pour les retrouver, m\u00eal\u00e9es \u00e0 d\u2019autres, dans les mots.\u00a0\u00bb<\/em><\/p>\n","protected":false},"featured_media":784,"comment_status":"open","ping_status":"closed","template":"","meta":{"give_campaign_id":0,"om_disable_all_campaigns":false,"_monsterinsights_skip_tracking":false,"_monsterinsights_sitenote_active":false,"_monsterinsights_sitenote_note":"","_monsterinsights_sitenote_category":0,"_uf_show_specific_survey":0,"_uf_disable_surveys":false},"product_brand":[],"product_cat":[106,107,147,98],"product_tag":[110,111],"class_list":{"0":"post-2033","1":"product","2":"type-product","3":"status-publish","4":"has-post-thumbnail","6":"product_cat-cp","7":"product_cat-gs","8":"product_cat-jeux","9":"product_cat-jeux-autour-de-la-lecture","10":"product_tag-construire-le-principe-alphabetique","11":"product_tag-encoder-et-decoder-des-syllabes-ou-des-mots","13":"first","14":"instock","15":"downloadable","16":"virtual","17":"purchasable","18":"product-type-simple"},"yoast_head":"<!-- This site is optimized with the Yoast SEO plugin v27.1.1 - https:\/\/yoast.com\/product\/yoast-seo-wordpress\/ -->\n<title>Le voyage des lettres (nouvelle version) - Lire \u00e9crire compter<\/title>\n<meta name=\"description\" content=\"Ce jeu d&#039;apprentissage de la lecture aide \u00e0 construire la notion d\u2019assemblage, de fusion entre une consonne et une voyelle (principe alphab\u00e9tique b-a = ba), notion indispensable pour pouvoir encoder (\u00e9crire) ou d\u00e9coder (lire). Il permet aussi de comprendre la \u00ab permanence \u00bb de l\u2019\u00e9crit : la syllabe cr\u00e9\u00e9e peut se retrouver dans diff\u00e9rents mots et se lira de la m\u00eame mani\u00e8re.\" \/>\n<meta name=\"robots\" content=\"index, follow, max-snippet:-1, max-image-preview:large, max-video-preview:-1\" \/>\n<link rel=\"canonical\" href=\"https:\/\/lire-ecrire-compter.com\/?product=le-voyage-des-lettres-nouvelle-version\" \/>\n<meta property=\"og:locale\" content=\"fr_FR\" \/>\n<meta property=\"og:type\" content=\"article\" \/>\n<meta property=\"og:title\" content=\"Le voyage des lettres (nouvelle version) - Lire \u00e9crire compter\" \/>\n<meta property=\"og:description\" content=\"Ce jeu d&#039;apprentissage de la lecture aide \u00e0 construire la notion d\u2019assemblage, de fusion entre une consonne et une voyelle (principe alphab\u00e9tique b-a = ba), notion indispensable pour pouvoir encoder (\u00e9crire) ou d\u00e9coder (lire). Il permet aussi de comprendre la \u00ab permanence \u00bb de l\u2019\u00e9crit : la syllabe cr\u00e9\u00e9e peut se retrouver dans diff\u00e9rents mots et se lira de la m\u00eame mani\u00e8re.\" \/>\n<meta property=\"og:url\" content=\"https:\/\/lire-ecrire-compter.com\/?product=le-voyage-des-lettres-nouvelle-version\" \/>\n<meta property=\"og:site_name\" content=\"Lire \u00e9crire compter\" \/>\n<meta property=\"article:modified_time\" content=\"2025-06-18T16:36:35+00:00\" \/>\n<meta property=\"og:image\" content=\"https:\/\/lire-ecrire-compter.com\/wp-content\/uploads\/2020\/02\/jeu-complet_2-e1574332607706.jpg\" \/>\n\t<meta property=\"og:image:width\" content=\"1200\" \/>\n\t<meta property=\"og:image:height\" content=\"1200\" \/>\n\t<meta property=\"og:image:type\" content=\"image\/jpeg\" \/>\n<meta name=\"twitter:card\" content=\"summary_large_image\" \/>\n<meta name=\"twitter:label1\" content=\"Dur\u00e9e de lecture estim\u00e9e\" \/>\n\t<meta name=\"twitter:data1\" content=\"1 minute\" \/>\n<script type=\"application\/ld+json\" class=\"yoast-schema-graph\">{\"@context\":\"https:\/\/schema.org\",\"@graph\":[{\"@type\":\"WebPage\",\"@id\":\"https:\/\/lire-ecrire-compter.com\/?product=le-voyage-des-lettres-nouvelle-version\",\"url\":\"https:\/\/lire-ecrire-compter.com\/?product=le-voyage-des-lettres-nouvelle-version\",\"name\":\"Le voyage des lettres (nouvelle version) - Lire \u00e9crire compter\",\"isPartOf\":{\"@id\":\"https:\/\/lire-ecrire-compter.com\/#website\"},\"primaryImageOfPage\":{\"@id\":\"https:\/\/lire-ecrire-compter.com\/?product=le-voyage-des-lettres-nouvelle-version#primaryimage\"},\"image\":{\"@id\":\"https:\/\/lire-ecrire-compter.com\/?product=le-voyage-des-lettres-nouvelle-version#primaryimage\"},\"thumbnailUrl\":\"https:\/\/lire-ecrire-compter.com\/wp-content\/uploads\/2020\/02\/jeu-complet_2-e1574332607706.jpg\",\"datePublished\":\"2020-03-06T09:51:15+00:00\",\"dateModified\":\"2025-06-18T16:36:35+00:00\",\"description\":\"Ce jeu d'apprentissage de la lecture aide \u00e0 construire la notion d\u2019assemblage, de fusion entre une consonne et une voyelle (principe alphab\u00e9tique b-a = ba), notion indispensable pour pouvoir encoder (\u00e9crire) ou d\u00e9coder (lire). Il permet aussi de comprendre la \u00ab permanence \u00bb de l\u2019\u00e9crit : la syllabe cr\u00e9\u00e9e peut se retrouver dans diff\u00e9rents mots et se lira de la m\u00eame mani\u00e8re.\",\"breadcrumb\":{\"@id\":\"https:\/\/lire-ecrire-compter.com\/?product=le-voyage-des-lettres-nouvelle-version#breadcrumb\"},\"inLanguage\":\"fr-FR\",\"potentialAction\":[{\"@type\":\"ReadAction\",\"target\":[\"https:\/\/lire-ecrire-compter.com\/?product=le-voyage-des-lettres-nouvelle-version\"]}]},{\"@type\":\"ImageObject\",\"inLanguage\":\"fr-FR\",\"@id\":\"https:\/\/lire-ecrire-compter.com\/?product=le-voyage-des-lettres-nouvelle-version#primaryimage\",\"url\":\"https:\/\/lire-ecrire-compter.com\/wp-content\/uploads\/2020\/02\/jeu-complet_2-e1574332607706.jpg\",\"contentUrl\":\"https:\/\/lire-ecrire-compter.com\/wp-content\/uploads\/2020\/02\/jeu-complet_2-e1574332607706.jpg\",\"width\":1200,\"height\":1200},{\"@type\":\"BreadcrumbList\",\"@id\":\"https:\/\/lire-ecrire-compter.com\/?product=le-voyage-des-lettres-nouvelle-version#breadcrumb\",\"itemListElement\":[{\"@type\":\"ListItem\",\"position\":1,\"name\":\"Accueil\",\"item\":\"https:\/\/lire-ecrire-compter.com\/\"},{\"@type\":\"ListItem\",\"position\":2,\"name\":\"La bo\u00eete \u00e0 jeux\",\"item\":\"https:\/\/lire-ecrire-compter.com\/?page_id=747\"},{\"@type\":\"ListItem\",\"position\":3,\"name\":\"Le voyage des lettres (nouvelle version)\"}]},{\"@type\":\"WebSite\",\"@id\":\"https:\/\/lire-ecrire-compter.com\/#website\",\"url\":\"https:\/\/lire-ecrire-compter.com\/\",\"name\":\"Lire \u00e9crire compter\",\"description\":\"Jouer pour apprendre\",\"potentialAction\":[{\"@type\":\"SearchAction\",\"target\":{\"@type\":\"EntryPoint\",\"urlTemplate\":\"https:\/\/lire-ecrire-compter.com\/?s={search_term_string}\"},\"query-input\":{\"@type\":\"PropertyValueSpecification\",\"valueRequired\":true,\"valueName\":\"search_term_string\"}}],\"inLanguage\":\"fr-FR\"}]}<\/script>\n<!-- \/ Yoast SEO plugin. -->","yoast_head_json":{"title":"Le voyage des lettres (nouvelle version) - Lire \u00e9crire compter","description":"Ce jeu d'apprentissage de la lecture aide \u00e0 construire la notion d\u2019assemblage, de fusion entre une consonne et une voyelle (principe alphab\u00e9tique b-a = ba), notion indispensable pour pouvoir encoder (\u00e9crire) ou d\u00e9coder (lire). Il permet aussi de comprendre la \u00ab permanence \u00bb de l\u2019\u00e9crit : la syllabe cr\u00e9\u00e9e peut se retrouver dans diff\u00e9rents mots et se lira de la m\u00eame mani\u00e8re.","robots":{"index":"index","follow":"follow","max-snippet":"max-snippet:-1","max-image-preview":"max-image-preview:large","max-video-preview":"max-video-preview:-1"},"canonical":"https:\/\/lire-ecrire-compter.com\/?product=le-voyage-des-lettres-nouvelle-version","og_locale":"fr_FR","og_type":"article","og_title":"Le voyage des lettres (nouvelle version) - Lire \u00e9crire compter","og_description":"Ce jeu d'apprentissage de la lecture aide \u00e0 construire la notion d\u2019assemblage, de fusion entre une consonne et une voyelle (principe alphab\u00e9tique b-a = ba), notion indispensable pour pouvoir encoder (\u00e9crire) ou d\u00e9coder (lire). Il permet aussi de comprendre la \u00ab permanence \u00bb de l\u2019\u00e9crit : la syllabe cr\u00e9\u00e9e peut se retrouver dans diff\u00e9rents mots et se lira de la m\u00eame mani\u00e8re.","og_url":"https:\/\/lire-ecrire-compter.com\/?product=le-voyage-des-lettres-nouvelle-version","og_site_name":"Lire \u00e9crire compter","article_modified_time":"2025-06-18T16:36:35+00:00","og_image":[{"width":1200,"height":1200,"url":"https:\/\/lire-ecrire-compter.com\/wp-content\/uploads\/2020\/02\/jeu-complet_2-e1574332607706.jpg","type":"image\/jpeg"}],"twitter_card":"summary_large_image","twitter_misc":{"Dur\u00e9e de lecture estim\u00e9e":"1 minute"},"schema":{"@context":"https:\/\/schema.org","@graph":[{"@type":"WebPage","@id":"https:\/\/lire-ecrire-compter.com\/?product=le-voyage-des-lettres-nouvelle-version","url":"https:\/\/lire-ecrire-compter.com\/?product=le-voyage-des-lettres-nouvelle-version","name":"Le voyage des lettres (nouvelle version) - Lire \u00e9crire compter","isPartOf":{"@id":"https:\/\/lire-ecrire-compter.com\/#website"},"primaryImageOfPage":{"@id":"https:\/\/lire-ecrire-compter.com\/?product=le-voyage-des-lettres-nouvelle-version#primaryimage"},"image":{"@id":"https:\/\/lire-ecrire-compter.com\/?product=le-voyage-des-lettres-nouvelle-version#primaryimage"},"thumbnailUrl":"https:\/\/lire-ecrire-compter.com\/wp-content\/uploads\/2020\/02\/jeu-complet_2-e1574332607706.jpg","datePublished":"2020-03-06T09:51:15+00:00","dateModified":"2025-06-18T16:36:35+00:00","description":"Ce jeu d'apprentissage de la lecture aide \u00e0 construire la notion d\u2019assemblage, de fusion entre une consonne et une voyelle (principe alphab\u00e9tique b-a = ba), notion indispensable pour pouvoir encoder (\u00e9crire) ou d\u00e9coder (lire). Il permet aussi de comprendre la \u00ab permanence \u00bb de l\u2019\u00e9crit : la syllabe cr\u00e9\u00e9e peut se retrouver dans diff\u00e9rents mots et se lira de la m\u00eame mani\u00e8re.","breadcrumb":{"@id":"https:\/\/lire-ecrire-compter.com\/?product=le-voyage-des-lettres-nouvelle-version#breadcrumb"},"inLanguage":"fr-FR","potentialAction":[{"@type":"ReadAction","target":["https:\/\/lire-ecrire-compter.com\/?product=le-voyage-des-lettres-nouvelle-version"]}]},{"@type":"ImageObject","inLanguage":"fr-FR","@id":"https:\/\/lire-ecrire-compter.com\/?product=le-voyage-des-lettres-nouvelle-version#primaryimage","url":"https:\/\/lire-ecrire-compter.com\/wp-content\/uploads\/2020\/02\/jeu-complet_2-e1574332607706.jpg","contentUrl":"https:\/\/lire-ecrire-compter.com\/wp-content\/uploads\/2020\/02\/jeu-complet_2-e1574332607706.jpg","width":1200,"height":1200},{"@type":"BreadcrumbList","@id":"https:\/\/lire-ecrire-compter.com\/?product=le-voyage-des-lettres-nouvelle-version#breadcrumb","itemListElement":[{"@type":"ListItem","position":1,"name":"Accueil","item":"https:\/\/lire-ecrire-compter.com\/"},{"@type":"ListItem","position":2,"name":"La bo\u00eete \u00e0 jeux","item":"https:\/\/lire-ecrire-compter.com\/?page_id=747"},{"@type":"ListItem","position":3,"name":"Le voyage des lettres (nouvelle version)"}]},{"@type":"WebSite","@id":"https:\/\/lire-ecrire-compter.com\/#website","url":"https:\/\/lire-ecrire-compter.com\/","name":"Lire \u00e9crire compter","description":"Jouer pour apprendre","potentialAction":[{"@type":"SearchAction","target":{"@type":"EntryPoint","urlTemplate":"https:\/\/lire-ecrire-compter.com\/?s={search_term_string}"},"query-input":{"@type":"PropertyValueSpecification","valueRequired":true,"valueName":"search_term_string"}}],"inLanguage":"fr-FR"}]}},"_links":{"self":[{"href":"https:\/\/lire-ecrire-compter.com\/index.php?rest_route=\/wp\/v2\/product\/2033","targetHints":{"allow":["GET"]}}],"collection":[{"href":"https:\/\/lire-ecrire-compter.com\/index.php?rest_route=\/wp\/v2\/product"}],"about":[{"href":"https:\/\/lire-ecrire-compter.com\/index.php?rest_route=\/wp\/v2\/types\/product"}],"replies":[{"embeddable":true,"href":"https:\/\/lire-ecrire-compter.com\/index.php?rest_route=%2Fwp%2Fv2%2Fcomments&post=2033"}],"wp:featuredmedia":[{"embeddable":true,"href":"https:\/\/lire-ecrire-compter.com\/index.php?rest_route=\/wp\/v2\/media\/784"}],"wp:attachment":[{"href":"https:\/\/lire-ecrire-compter.com\/index.php?rest_route=%2Fwp%2Fv2%2Fmedia&parent=2033"}],"wp:term":[{"taxonomy":"product_brand","embeddable":true,"href":"https:\/\/lire-ecrire-compter.com\/index.php?rest_route=%2Fwp%2Fv2%2Fproduct_brand&post=2033"},{"taxonomy":"product_cat","embeddable":true,"href":"https:\/\/lire-ecrire-compter.com\/index.php?rest_route=%2Fwp%2Fv2%2Fproduct_cat&post=2033"},{"taxonomy":"product_tag","embeddable":true,"href":"https:\/\/lire-ecrire-compter.com\/index.php?rest_route=%2Fwp%2Fv2%2Fproduct_tag&post=2033"}],"curies":[{"name":"wp","href":"https:\/\/api.w.org\/{rel}","templated":true}]}}