{"id":2032,"date":"2020-03-06T10:51:15","date_gmt":"2020-03-06T09:51:15","guid":{"rendered":"https:\/\/lire-ecrire-compter.com\/?product=import-placeholder-for-207"},"modified":"2022-10-27T19:41:59","modified_gmt":"2022-10-27T17:41:59","slug":"le-tresor-du-dragon","status":"publish","type":"product","link":"https:\/\/lire-ecrire-compter.com\/?product=le-tresor-du-dragon","title":{"rendered":"Le tr\u00e9sor du dragon"},"content":{"rendered":"<p><span style=\"color: #92d001;\"><strong>BUT DU JEU :<\/strong><\/span><br \/>\n<span style=\"color: #92d001;\">Il s&rsquo;agit de <strong>s\u2019emparer du tr\u00e9sor cach\u00e9 au fond de la grotte du dragon<\/strong> et de <strong>le remonter par l\u2019\u00e9chelle avant que le dragon ne sorte toutes ses griffes<\/strong>. Chaque pi\u00e8ce du tr\u00e9sor gagn\u00e9e permet de grimper un \u00e9chelon. Il faut <strong>r\u00e9cup\u00e9rer les 30 pi\u00e8ces pour gagner<\/strong>. De son c\u00f4t\u00e9, le dragon aff\u00fbte ses griffes (3). Chaque arr\u00eat sur une case noire lui permet d\u2019en sortir une. S\u2019il r\u00e9ussit \u00e0 sortir toutes ses griffes, le dragon gagne et r\u00e9cup\u00e8re son tr\u00e9sor.<\/span><\/p>\n<p><span style=\"color: #ff5b72;\"><strong>COMPOSITION :<\/strong><\/span><br \/>\n<span style=\"color: #ff5b72;\">Il est compos\u00e9 d\u2019<strong>un plateau<\/strong>, d\u2019<strong>une \u00e9chelle<\/strong> \u00e0 reconstituer, de <strong>4 pions-sacs<\/strong>, de <strong>30 pions-pierres pr\u00e9cieuses<\/strong>, de <strong>griffes du dragon<\/strong>, de <strong>4 cartes \u00ab chance \u00bb<\/strong> et d\u2019<strong>une carte des consignes<\/strong> (avec le code des couleurs).<\/span><\/p>\n<p><span style=\"color: #46acbf;\"><strong>OBJECTIFS :<br \/>\nCe<\/strong> <strong>jeu de coop\u00e9ration<\/strong> vise \u00e0 travailler la <strong>ma\u00eetrise des d\u00e9placements sur une piste<\/strong>, la <strong>compr\u00e9hension d&rsquo;un syst\u00e8me de codage<\/strong>, le <strong>d\u00e9nombrement de collections jusqu\u2019\u00e0 30<\/strong> ainsi que la <strong>compr\u00e9hension du lien entre la dimension<\/strong> <strong>ordinale<\/strong> (la position) et la <strong>dimension cardinale<\/strong> (la quantit\u00e9) d\u2019un nombre. Il permet un entra\u00eenement \u00e0 l\u2019utilisation de<strong> calculs additifs et soustractifs simples<\/strong> (+1, +2, +3, -2).<\/span><\/p>\n","protected":false},"excerpt":{"rendered":"<p>BUT DU JEU : Il s&rsquo;agit de s\u2019emparer du tr\u00e9sor cach\u00e9 au fond de la grotte du dragon et de le remonter par l\u2019\u00e9chelle avant que le dragon ne sorte toutes ses griffes. Chaque pi\u00e8ce du tr\u00e9sor gagn\u00e9e permet de grimper un \u00e9chelon. Il faut&#8230;<\/p>\n","protected":false},"featured_media":779,"comment_status":"open","ping_status":"closed","template":"","meta":{"give_campaign_id":0,"om_disable_all_campaigns":false,"_monsterinsights_skip_tracking":false,"_monsterinsights_sitenote_active":false,"_monsterinsights_sitenote_note":"","_monsterinsights_sitenote_category":0,"_uf_show_specific_survey":0,"_uf_disable_surveys":false},"product_brand":[],"product_cat":[106,107,100],"product_tag":[84,108,109],"class_list":{"0":"post-2032","1":"product","2":"type-product","3":"status-publish","4":"has-post-thumbnail","6":"product_cat-cp","7":"product_cat-gs","8":"product_cat-jeux-autour-des-mathematiques","9":"product_tag-calculer-une-somme-ou-une-difference","10":"product_tag-denombrer-et-comparer-des-collections","11":"product_tag-identifier-la-place-dun-nombre-dans-une-chaine-numerique","13":"first","14":"instock","15":"downloadable","16":"virtual","17":"purchasable","18":"product-type-simple"},"yoast_head":"<!-- This site is optimized with the Yoast SEO plugin v27.1.1 - https:\/\/yoast.com\/product\/yoast-seo-wordpress\/ -->\n<title>Le tr\u00e9sor du dragon - Lire \u00e9crire compter<\/title>\n<meta name=\"description\" content=\"Ce jeu de coop\u00e9ration vise \u00e0 travailler la ma\u00eetrise des d\u00e9placements sur une piste, la compr\u00e9hension d&#039;un syst\u00e8me de codage, le d\u00e9nombrement de collections jusqu\u2019\u00e0 30 ainsi que la compr\u00e9hension du lien entre la dimension ordinale (la position) et la dimension cardinale (la quantit\u00e9) d\u2019un nombre. Il permet un entra\u00eenement \u00e0 l\u2019utilisation de calculs additifs et soustractifs simples (+1, +2, +3, -2).\" \/>\n<meta name=\"robots\" content=\"index, follow, max-snippet:-1, max-image-preview:large, max-video-preview:-1\" \/>\n<link rel=\"canonical\" href=\"https:\/\/lire-ecrire-compter.com\/?product=le-tresor-du-dragon\" \/>\n<meta property=\"og:locale\" content=\"fr_FR\" \/>\n<meta property=\"og:type\" content=\"article\" \/>\n<meta property=\"og:title\" content=\"Le tr\u00e9sor du dragon - Lire \u00e9crire compter\" \/>\n<meta property=\"og:description\" content=\"Ce jeu de coop\u00e9ration vise \u00e0 travailler la ma\u00eetrise des d\u00e9placements sur une piste, la compr\u00e9hension d&#039;un syst\u00e8me de codage, le d\u00e9nombrement de collections jusqu\u2019\u00e0 30 ainsi que la compr\u00e9hension du lien entre la dimension ordinale (la position) et la dimension cardinale (la quantit\u00e9) d\u2019un nombre. Il permet un entra\u00eenement \u00e0 l\u2019utilisation de calculs additifs et soustractifs simples (+1, +2, +3, -2).\" \/>\n<meta property=\"og:url\" content=\"https:\/\/lire-ecrire-compter.com\/?product=le-tresor-du-dragon\" \/>\n<meta property=\"og:site_name\" content=\"Lire \u00e9crire compter\" \/>\n<meta property=\"article:modified_time\" content=\"2022-10-27T17:41:59+00:00\" \/>\n<meta property=\"og:image\" content=\"https:\/\/lire-ecrire-compter.com\/wp-content\/uploads\/2020\/02\/jeu-complet.jpg\" \/>\n\t<meta property=\"og:image:width\" content=\"1323\" \/>\n\t<meta property=\"og:image:height\" content=\"950\" \/>\n\t<meta property=\"og:image:type\" content=\"image\/jpeg\" \/>\n<meta name=\"twitter:card\" content=\"summary_large_image\" \/>\n<meta name=\"twitter:label1\" content=\"Dur\u00e9e de lecture estim\u00e9e\" \/>\n\t<meta name=\"twitter:data1\" content=\"1 minute\" \/>\n<script type=\"application\/ld+json\" class=\"yoast-schema-graph\">{\"@context\":\"https:\/\/schema.org\",\"@graph\":[{\"@type\":\"WebPage\",\"@id\":\"https:\/\/lire-ecrire-compter.com\/?product=le-tresor-du-dragon\",\"url\":\"https:\/\/lire-ecrire-compter.com\/?product=le-tresor-du-dragon\",\"name\":\"Le tr\u00e9sor du dragon - Lire \u00e9crire compter\",\"isPartOf\":{\"@id\":\"https:\/\/lire-ecrire-compter.com\/#website\"},\"primaryImageOfPage\":{\"@id\":\"https:\/\/lire-ecrire-compter.com\/?product=le-tresor-du-dragon#primaryimage\"},\"image\":{\"@id\":\"https:\/\/lire-ecrire-compter.com\/?product=le-tresor-du-dragon#primaryimage\"},\"thumbnailUrl\":\"https:\/\/lire-ecrire-compter.com\/wp-content\/uploads\/2020\/02\/jeu-complet.jpg\",\"datePublished\":\"2020-03-06T09:51:15+00:00\",\"dateModified\":\"2022-10-27T17:41:59+00:00\",\"description\":\"Ce jeu de coop\u00e9ration vise \u00e0 travailler la ma\u00eetrise des d\u00e9placements sur une piste, la compr\u00e9hension d'un syst\u00e8me de codage, le d\u00e9nombrement de collections jusqu\u2019\u00e0 30 ainsi que la compr\u00e9hension du lien entre la dimension ordinale (la position) et la dimension cardinale (la quantit\u00e9) d\u2019un nombre. Il permet un entra\u00eenement \u00e0 l\u2019utilisation de calculs additifs et soustractifs simples (+1, +2, +3, -2).\",\"breadcrumb\":{\"@id\":\"https:\/\/lire-ecrire-compter.com\/?product=le-tresor-du-dragon#breadcrumb\"},\"inLanguage\":\"fr-FR\",\"potentialAction\":[{\"@type\":\"ReadAction\",\"target\":[\"https:\/\/lire-ecrire-compter.com\/?product=le-tresor-du-dragon\"]}]},{\"@type\":\"ImageObject\",\"inLanguage\":\"fr-FR\",\"@id\":\"https:\/\/lire-ecrire-compter.com\/?product=le-tresor-du-dragon#primaryimage\",\"url\":\"https:\/\/lire-ecrire-compter.com\/wp-content\/uploads\/2020\/02\/jeu-complet.jpg\",\"contentUrl\":\"https:\/\/lire-ecrire-compter.com\/wp-content\/uploads\/2020\/02\/jeu-complet.jpg\",\"width\":1323,\"height\":950},{\"@type\":\"BreadcrumbList\",\"@id\":\"https:\/\/lire-ecrire-compter.com\/?product=le-tresor-du-dragon#breadcrumb\",\"itemListElement\":[{\"@type\":\"ListItem\",\"position\":1,\"name\":\"Accueil\",\"item\":\"https:\/\/lire-ecrire-compter.com\/\"},{\"@type\":\"ListItem\",\"position\":2,\"name\":\"La bo\u00eete \u00e0 jeux\",\"item\":\"https:\/\/lire-ecrire-compter.com\/?page_id=747\"},{\"@type\":\"ListItem\",\"position\":3,\"name\":\"Le tr\u00e9sor du dragon\"}]},{\"@type\":\"WebSite\",\"@id\":\"https:\/\/lire-ecrire-compter.com\/#website\",\"url\":\"https:\/\/lire-ecrire-compter.com\/\",\"name\":\"Lire \u00e9crire compter\",\"description\":\"Jouer pour apprendre\",\"potentialAction\":[{\"@type\":\"SearchAction\",\"target\":{\"@type\":\"EntryPoint\",\"urlTemplate\":\"https:\/\/lire-ecrire-compter.com\/?s={search_term_string}\"},\"query-input\":{\"@type\":\"PropertyValueSpecification\",\"valueRequired\":true,\"valueName\":\"search_term_string\"}}],\"inLanguage\":\"fr-FR\"}]}<\/script>\n<!-- \/ Yoast SEO plugin. -->","yoast_head_json":{"title":"Le tr\u00e9sor du dragon - Lire \u00e9crire compter","description":"Ce jeu de coop\u00e9ration vise \u00e0 travailler la ma\u00eetrise des d\u00e9placements sur une piste, la compr\u00e9hension d'un syst\u00e8me de codage, le d\u00e9nombrement de collections jusqu\u2019\u00e0 30 ainsi que la compr\u00e9hension du lien entre la dimension ordinale (la position) et la dimension cardinale (la quantit\u00e9) d\u2019un nombre. Il permet un entra\u00eenement \u00e0 l\u2019utilisation de calculs additifs et soustractifs simples (+1, +2, +3, -2).","robots":{"index":"index","follow":"follow","max-snippet":"max-snippet:-1","max-image-preview":"max-image-preview:large","max-video-preview":"max-video-preview:-1"},"canonical":"https:\/\/lire-ecrire-compter.com\/?product=le-tresor-du-dragon","og_locale":"fr_FR","og_type":"article","og_title":"Le tr\u00e9sor du dragon - Lire \u00e9crire compter","og_description":"Ce jeu de coop\u00e9ration vise \u00e0 travailler la ma\u00eetrise des d\u00e9placements sur une piste, la compr\u00e9hension d'un syst\u00e8me de codage, le d\u00e9nombrement de collections jusqu\u2019\u00e0 30 ainsi que la compr\u00e9hension du lien entre la dimension ordinale (la position) et la dimension cardinale (la quantit\u00e9) d\u2019un nombre. Il permet un entra\u00eenement \u00e0 l\u2019utilisation de calculs additifs et soustractifs simples (+1, +2, +3, -2).","og_url":"https:\/\/lire-ecrire-compter.com\/?product=le-tresor-du-dragon","og_site_name":"Lire \u00e9crire compter","article_modified_time":"2022-10-27T17:41:59+00:00","og_image":[{"width":1323,"height":950,"url":"https:\/\/lire-ecrire-compter.com\/wp-content\/uploads\/2020\/02\/jeu-complet.jpg","type":"image\/jpeg"}],"twitter_card":"summary_large_image","twitter_misc":{"Dur\u00e9e de lecture estim\u00e9e":"1 minute"},"schema":{"@context":"https:\/\/schema.org","@graph":[{"@type":"WebPage","@id":"https:\/\/lire-ecrire-compter.com\/?product=le-tresor-du-dragon","url":"https:\/\/lire-ecrire-compter.com\/?product=le-tresor-du-dragon","name":"Le tr\u00e9sor du dragon - Lire \u00e9crire compter","isPartOf":{"@id":"https:\/\/lire-ecrire-compter.com\/#website"},"primaryImageOfPage":{"@id":"https:\/\/lire-ecrire-compter.com\/?product=le-tresor-du-dragon#primaryimage"},"image":{"@id":"https:\/\/lire-ecrire-compter.com\/?product=le-tresor-du-dragon#primaryimage"},"thumbnailUrl":"https:\/\/lire-ecrire-compter.com\/wp-content\/uploads\/2020\/02\/jeu-complet.jpg","datePublished":"2020-03-06T09:51:15+00:00","dateModified":"2022-10-27T17:41:59+00:00","description":"Ce jeu de coop\u00e9ration vise \u00e0 travailler la ma\u00eetrise des d\u00e9placements sur une piste, la compr\u00e9hension d'un syst\u00e8me de codage, le d\u00e9nombrement de collections jusqu\u2019\u00e0 30 ainsi que la compr\u00e9hension du lien entre la dimension ordinale (la position) et la dimension cardinale (la quantit\u00e9) d\u2019un nombre. Il permet un entra\u00eenement \u00e0 l\u2019utilisation de calculs additifs et soustractifs simples (+1, +2, +3, -2).","breadcrumb":{"@id":"https:\/\/lire-ecrire-compter.com\/?product=le-tresor-du-dragon#breadcrumb"},"inLanguage":"fr-FR","potentialAction":[{"@type":"ReadAction","target":["https:\/\/lire-ecrire-compter.com\/?product=le-tresor-du-dragon"]}]},{"@type":"ImageObject","inLanguage":"fr-FR","@id":"https:\/\/lire-ecrire-compter.com\/?product=le-tresor-du-dragon#primaryimage","url":"https:\/\/lire-ecrire-compter.com\/wp-content\/uploads\/2020\/02\/jeu-complet.jpg","contentUrl":"https:\/\/lire-ecrire-compter.com\/wp-content\/uploads\/2020\/02\/jeu-complet.jpg","width":1323,"height":950},{"@type":"BreadcrumbList","@id":"https:\/\/lire-ecrire-compter.com\/?product=le-tresor-du-dragon#breadcrumb","itemListElement":[{"@type":"ListItem","position":1,"name":"Accueil","item":"https:\/\/lire-ecrire-compter.com\/"},{"@type":"ListItem","position":2,"name":"La bo\u00eete \u00e0 jeux","item":"https:\/\/lire-ecrire-compter.com\/?page_id=747"},{"@type":"ListItem","position":3,"name":"Le tr\u00e9sor du dragon"}]},{"@type":"WebSite","@id":"https:\/\/lire-ecrire-compter.com\/#website","url":"https:\/\/lire-ecrire-compter.com\/","name":"Lire \u00e9crire compter","description":"Jouer pour apprendre","potentialAction":[{"@type":"SearchAction","target":{"@type":"EntryPoint","urlTemplate":"https:\/\/lire-ecrire-compter.com\/?s={search_term_string}"},"query-input":{"@type":"PropertyValueSpecification","valueRequired":true,"valueName":"search_term_string"}}],"inLanguage":"fr-FR"}]}},"_links":{"self":[{"href":"https:\/\/lire-ecrire-compter.com\/index.php?rest_route=\/wp\/v2\/product\/2032","targetHints":{"allow":["GET"]}}],"collection":[{"href":"https:\/\/lire-ecrire-compter.com\/index.php?rest_route=\/wp\/v2\/product"}],"about":[{"href":"https:\/\/lire-ecrire-compter.com\/index.php?rest_route=\/wp\/v2\/types\/product"}],"replies":[{"embeddable":true,"href":"https:\/\/lire-ecrire-compter.com\/index.php?rest_route=%2Fwp%2Fv2%2Fcomments&post=2032"}],"wp:featuredmedia":[{"embeddable":true,"href":"https:\/\/lire-ecrire-compter.com\/index.php?rest_route=\/wp\/v2\/media\/779"}],"wp:attachment":[{"href":"https:\/\/lire-ecrire-compter.com\/index.php?rest_route=%2Fwp%2Fv2%2Fmedia&parent=2032"}],"wp:term":[{"taxonomy":"product_brand","embeddable":true,"href":"https:\/\/lire-ecrire-compter.com\/index.php?rest_route=%2Fwp%2Fv2%2Fproduct_brand&post=2032"},{"taxonomy":"product_cat","embeddable":true,"href":"https:\/\/lire-ecrire-compter.com\/index.php?rest_route=%2Fwp%2Fv2%2Fproduct_cat&post=2032"},{"taxonomy":"product_tag","embeddable":true,"href":"https:\/\/lire-ecrire-compter.com\/index.php?rest_route=%2Fwp%2Fv2%2Fproduct_tag&post=2032"}],"curies":[{"name":"wp","href":"https:\/\/api.w.org\/{rel}","templated":true}]}}